{"id":24651,"date":"2023-01-09T09:02:33","date_gmt":"2023-01-09T09:02:33","guid":{"rendered":"https:\/\/ghinduction.com\/rozwiazania\/procesy\/procesy-nagrzewania\/procesy-prozni\/"},"modified":"2026-02-25T13:12:56","modified_gmt":"2026-02-25T13:12:56","slug":"procesy-prozni","status":"publish","type":"page","link":"https:\/\/ghinduction.com\/pl-pl\/rozwiazania\/procesy\/procesy-nagrzewania\/procesy-prozni\/","title":{"rendered":"Procesy w pr\u00f3\u017cni"},"content":{"rendered":"","protected":false},"excerpt":{"rendered":"","protected":false},"author":1,"featured_media":18428,"parent":24612,"menu_order":46,"comment_status":"closed","ping_status":"closed","template":"","meta":{"_acf_changed":false,"footnotes":""},"industry":[],"processes":[],"solutions":[],"class_list":["post-24651","page","type-page","status-publish","has-post-thumbnail","hentry"],"acf":[],"yoast_head":"<!-- This site is optimized with the Yoast SEO plugin v27.3 - https:\/\/yoast.com\/product\/yoast-seo-wordpress\/ -->\n<title>Induction Procesy w pr\u00f3\u017cni | GH Induction Polska<\/title>\n<meta name=\"description\" content=\"Piece do proces\u00f3w pr\u00f3\u017cniowych s\u0105 idealne do przeprowadzania proces\u00f3w grzewczych, gdzie wymagana jest wysoka jako\u015b\u0107 wyrob\u00f3w oraz jako\u015b\u0107 nagrzewu.\" \/>\n<meta name=\"robots\" content=\"index, follow, max-snippet:-1, max-image-preview:large, max-video-preview:-1\" \/>\n<link rel=\"canonical\" href=\"https:\/\/ghinduction.com\/pl-pl\/rozwiazania\/procesy\/procesy-nagrzewania\/procesy-prozni\/\" \/>\n<meta property=\"og:locale\" content=\"pl_PL\" \/>\n<meta property=\"og:type\" content=\"article\" \/>\n<meta property=\"og:title\" content=\"Induction Procesy w pr\u00f3\u017cni | GH Induction Polska\" \/>\n<meta property=\"og:description\" content=\"Piece do proces\u00f3w pr\u00f3\u017cniowych s\u0105 idealne do przeprowadzania proces\u00f3w grzewczych, gdzie wymagana jest wysoka jako\u015b\u0107 wyrob\u00f3w oraz jako\u015b\u0107 nagrzewu.\" \/>\n<meta property=\"og:url\" content=\"https:\/\/ghinduction.com\/pl-pl\/rozwiazania\/procesy\/procesy-nagrzewania\/procesy-prozni\/\" \/>\n<meta property=\"og:site_name\" content=\"GH Induction Polska\" \/>\n<meta property=\"article:publisher\" content=\"https:\/\/www.facebook.com\/ghinductionheating\" \/>\n<meta property=\"article:modified_time\" content=\"2026-02-25T13:12:56+00:00\" \/>\n<meta property=\"og:image\" content=\"https:\/\/ghinduction.com\/wp-content\/uploads\/2023\/03\/Solutions_Processes_Vacuum_opt.jpg\" \/>\n\t<meta property=\"og:image:width\" content=\"632\" \/>\n\t<meta property=\"og:image:height\" content=\"490\" \/>\n\t<meta property=\"og:image:type\" content=\"image\/jpeg\" \/>\n<meta name=\"twitter:card\" content=\"summary_large_image\" \/>\n<meta name=\"twitter:label1\" content=\"Est. reading time\" \/>\n\t<meta name=\"twitter:data1\" content=\"1 minute\" \/>\n<script type=\"application\/ld+json\" class=\"yoast-schema-graph\">{\"@context\":\"https:\\\/\\\/schema.org\",\"@graph\":[{\"@type\":\"WebPage\",\"@id\":\"https:\\\/\\\/ghinduction.com\\\/pl-pl\\\/rozwiazania\\\/procesy\\\/procesy-nagrzewania\\\/procesy-prozni\\\/\",\"url\":\"https:\\\/\\\/ghinduction.com\\\/pl-pl\\\/rozwiazania\\\/procesy\\\/procesy-nagrzewania\\\/procesy-prozni\\\/\",\"name\":\"Induction Procesy w pr\u00f3\u017cni | GH Induction Polska\",\"isPartOf\":{\"@id\":\"https:\\\/\\\/ghinduction.com\\\/pl-pl\\\/#website\"},\"primaryImageOfPage\":{\"@id\":\"https:\\\/\\\/ghinduction.com\\\/pl-pl\\\/rozwiazania\\\/procesy\\\/procesy-nagrzewania\\\/procesy-prozni\\\/#primaryimage\"},\"image\":{\"@id\":\"https:\\\/\\\/ghinduction.com\\\/pl-pl\\\/rozwiazania\\\/procesy\\\/procesy-nagrzewania\\\/procesy-prozni\\\/#primaryimage\"},\"thumbnailUrl\":\"https:\\\/\\\/ghinduction.com\\\/wp-content\\\/uploads\\\/2023\\\/03\\\/Solutions_Processes_Vacuum_opt.jpg\",\"datePublished\":\"2023-01-09T09:02:33+00:00\",\"dateModified\":\"2026-02-25T13:12:56+00:00\",\"description\":\"Piece do proces\u00f3w pr\u00f3\u017cniowych s\u0105 idealne do przeprowadzania proces\u00f3w grzewczych, gdzie wymagana jest wysoka jako\u015b\u0107 wyrob\u00f3w oraz jako\u015b\u0107 nagrzewu.\",\"breadcrumb\":{\"@id\":\"https:\\\/\\\/ghinduction.com\\\/pl-pl\\\/rozwiazania\\\/procesy\\\/procesy-nagrzewania\\\/procesy-prozni\\\/#breadcrumb\"},\"inLanguage\":\"pl\",\"potentialAction\":[{\"@type\":\"ReadAction\",\"target\":[\"https:\\\/\\\/ghinduction.com\\\/pl-pl\\\/rozwiazania\\\/procesy\\\/procesy-nagrzewania\\\/procesy-prozni\\\/\"]}]},{\"@type\":\"ImageObject\",\"inLanguage\":\"pl\",\"@id\":\"https:\\\/\\\/ghinduction.com\\\/pl-pl\\\/rozwiazania\\\/procesy\\\/procesy-nagrzewania\\\/procesy-prozni\\\/#primaryimage\",\"url\":\"https:\\\/\\\/ghinduction.com\\\/wp-content\\\/uploads\\\/2023\\\/03\\\/Solutions_Processes_Vacuum_opt.jpg\",\"contentUrl\":\"https:\\\/\\\/ghinduction.com\\\/wp-content\\\/uploads\\\/2023\\\/03\\\/Solutions_Processes_Vacuum_opt.jpg\",\"width\":632,\"height\":490},{\"@type\":\"BreadcrumbList\",\"@id\":\"https:\\\/\\\/ghinduction.com\\\/pl-pl\\\/rozwiazania\\\/procesy\\\/procesy-nagrzewania\\\/procesy-prozni\\\/#breadcrumb\",\"itemListElement\":[{\"@type\":\"ListItem\",\"position\":1,\"name\":\"Home\",\"item\":\"https:\\\/\\\/ghinduction.com\\\/pl-pl\\\/\"},{\"@type\":\"ListItem\",\"position\":2,\"name\":\"Rozwi\u0105zania\",\"item\":\"https:\\\/\\\/ghinduction.com\\\/pl-pl\\\/rozwiazania\\\/\"},{\"@type\":\"ListItem\",\"position\":3,\"name\":\"Procesy\",\"item\":\"https:\\\/\\\/ghinduction.com\\\/pl-pl\\\/rozwiazania\\\/procesy\\\/\"},{\"@type\":\"ListItem\",\"position\":4,\"name\":\"Procesy nagrzewania\",\"item\":\"https:\\\/\\\/ghinduction.com\\\/pl-pl\\\/rozwiazania\\\/procesy\\\/procesy-nagrzewania\\\/\"},{\"@type\":\"ListItem\",\"position\":5,\"name\":\"Procesy w pr\u00f3\u017cni\"}]},{\"@type\":\"WebSite\",\"@id\":\"https:\\\/\\\/ghinduction.com\\\/pl-pl\\\/#website\",\"url\":\"https:\\\/\\\/ghinduction.com\\\/pl-pl\\\/\",\"name\":\"GH Induction - Experts in Induction Heat Treatment and Induction Heating\",\"description\":\"GH Induction offers advanced induction heat treatment and heating solutions for various industrial applications. With over 60 years of experience, our innovative systems ensure efficiency and quality across diverse sectors globally.\",\"publisher\":{\"@id\":\"https:\\\/\\\/ghinduction.com\\\/pl-pl\\\/#organization\"},\"alternateName\":\"GH Induction\",\"potentialAction\":[{\"@type\":\"SearchAction\",\"target\":{\"@type\":\"EntryPoint\",\"urlTemplate\":\"https:\\\/\\\/ghinduction.com\\\/pl-pl\\\/?s={search_term_string}\"},\"query-input\":{\"@type\":\"PropertyValueSpecification\",\"valueRequired\":true,\"valueName\":\"search_term_string\"}}],\"inLanguage\":\"pl\"},{\"@type\":\"Organization\",\"@id\":\"https:\\\/\\\/ghinduction.com\\\/pl-pl\\\/#organization\",\"name\":\"GH Induction - Experts in Induction Heat Treatment and Induction Heating\",\"alternateName\":\"GH Induction\",\"url\":\"https:\\\/\\\/ghinduction.com\\\/pl-pl\\\/\",\"logo\":{\"@type\":\"ImageObject\",\"inLanguage\":\"pl\",\"@id\":\"https:\\\/\\\/ghinduction.com\\\/pl-pl\\\/#\\\/schema\\\/logo\\\/image\\\/\",\"url\":\"https:\\\/\\\/ghinduction.com\\\/wp-content\\\/uploads\\\/2024\\\/05\\\/logo-gh-induction.png\",\"contentUrl\":\"https:\\\/\\\/ghinduction.com\\\/wp-content\\\/uploads\\\/2024\\\/05\\\/logo-gh-induction.png\",\"width\":225,\"height\":225,\"caption\":\"GH Induction - Experts in Induction Heat Treatment and Induction Heating\"},\"image\":{\"@id\":\"https:\\\/\\\/ghinduction.com\\\/pl-pl\\\/#\\\/schema\\\/logo\\\/image\\\/\"},\"sameAs\":[\"https:\\\/\\\/www.facebook.com\\\/ghinductionheating\",\"https:\\\/\\\/www.linkedin.com\\\/company\\\/gh-induction\\\/\",\"https:\\\/\\\/www.youtube.com\\\/user\\\/GhInduction\"]}]}<\/script>\n<!-- \/ Yoast SEO plugin. -->","yoast_head_json":{"title":"Induction Procesy w pr\u00f3\u017cni | GH Induction Polska","description":"Piece do proces\u00f3w pr\u00f3\u017cniowych s\u0105 idealne do przeprowadzania proces\u00f3w grzewczych, gdzie wymagana jest wysoka jako\u015b\u0107 wyrob\u00f3w oraz jako\u015b\u0107 nagrzewu.","robots":{"index":"index","follow":"follow","max-snippet":"max-snippet:-1","max-image-preview":"max-image-preview:large","max-video-preview":"max-video-preview:-1"},"canonical":"https:\/\/ghinduction.com\/pl-pl\/rozwiazania\/procesy\/procesy-nagrzewania\/procesy-prozni\/","og_locale":"pl_PL","og_type":"article","og_title":"Induction Procesy w pr\u00f3\u017cni | GH Induction Polska","og_description":"Piece do proces\u00f3w pr\u00f3\u017cniowych s\u0105 idealne do przeprowadzania proces\u00f3w grzewczych, gdzie wymagana jest wysoka jako\u015b\u0107 wyrob\u00f3w oraz jako\u015b\u0107 nagrzewu.","og_url":"https:\/\/ghinduction.com\/pl-pl\/rozwiazania\/procesy\/procesy-nagrzewania\/procesy-prozni\/","og_site_name":"GH Induction Polska","article_publisher":"https:\/\/www.facebook.com\/ghinductionheating","article_modified_time":"2026-02-25T13:12:56+00:00","og_image":[{"width":632,"height":490,"url":"https:\/\/ghinduction.com\/wp-content\/uploads\/2023\/03\/Solutions_Processes_Vacuum_opt.jpg","type":"image\/jpeg"}],"twitter_card":"summary_large_image","twitter_misc":{"Est. reading time":"1 minute"},"schema":{"@context":"https:\/\/schema.org","@graph":[{"@type":"WebPage","@id":"https:\/\/ghinduction.com\/pl-pl\/rozwiazania\/procesy\/procesy-nagrzewania\/procesy-prozni\/","url":"https:\/\/ghinduction.com\/pl-pl\/rozwiazania\/procesy\/procesy-nagrzewania\/procesy-prozni\/","name":"Induction Procesy w pr\u00f3\u017cni | GH Induction Polska","isPartOf":{"@id":"https:\/\/ghinduction.com\/pl-pl\/#website"},"primaryImageOfPage":{"@id":"https:\/\/ghinduction.com\/pl-pl\/rozwiazania\/procesy\/procesy-nagrzewania\/procesy-prozni\/#primaryimage"},"image":{"@id":"https:\/\/ghinduction.com\/pl-pl\/rozwiazania\/procesy\/procesy-nagrzewania\/procesy-prozni\/#primaryimage"},"thumbnailUrl":"https:\/\/ghinduction.com\/wp-content\/uploads\/2023\/03\/Solutions_Processes_Vacuum_opt.jpg","datePublished":"2023-01-09T09:02:33+00:00","dateModified":"2026-02-25T13:12:56+00:00","description":"Piece do proces\u00f3w pr\u00f3\u017cniowych s\u0105 idealne do przeprowadzania proces\u00f3w grzewczych, gdzie wymagana jest wysoka jako\u015b\u0107 wyrob\u00f3w oraz jako\u015b\u0107 nagrzewu.","breadcrumb":{"@id":"https:\/\/ghinduction.com\/pl-pl\/rozwiazania\/procesy\/procesy-nagrzewania\/procesy-prozni\/#breadcrumb"},"inLanguage":"pl","potentialAction":[{"@type":"ReadAction","target":["https:\/\/ghinduction.com\/pl-pl\/rozwiazania\/procesy\/procesy-nagrzewania\/procesy-prozni\/"]}]},{"@type":"ImageObject","inLanguage":"pl","@id":"https:\/\/ghinduction.com\/pl-pl\/rozwiazania\/procesy\/procesy-nagrzewania\/procesy-prozni\/#primaryimage","url":"https:\/\/ghinduction.com\/wp-content\/uploads\/2023\/03\/Solutions_Processes_Vacuum_opt.jpg","contentUrl":"https:\/\/ghinduction.com\/wp-content\/uploads\/2023\/03\/Solutions_Processes_Vacuum_opt.jpg","width":632,"height":490},{"@type":"BreadcrumbList","@id":"https:\/\/ghinduction.com\/pl-pl\/rozwiazania\/procesy\/procesy-nagrzewania\/procesy-prozni\/#breadcrumb","itemListElement":[{"@type":"ListItem","position":1,"name":"Home","item":"https:\/\/ghinduction.com\/pl-pl\/"},{"@type":"ListItem","position":2,"name":"Rozwi\u0105zania","item":"https:\/\/ghinduction.com\/pl-pl\/rozwiazania\/"},{"@type":"ListItem","position":3,"name":"Procesy","item":"https:\/\/ghinduction.com\/pl-pl\/rozwiazania\/procesy\/"},{"@type":"ListItem","position":4,"name":"Procesy nagrzewania","item":"https:\/\/ghinduction.com\/pl-pl\/rozwiazania\/procesy\/procesy-nagrzewania\/"},{"@type":"ListItem","position":5,"name":"Procesy w pr\u00f3\u017cni"}]},{"@type":"WebSite","@id":"https:\/\/ghinduction.com\/pl-pl\/#website","url":"https:\/\/ghinduction.com\/pl-pl\/","name":"GH Induction - Experts in Induction Heat Treatment and Induction Heating","description":"GH Induction offers advanced induction heat treatment and heating solutions for various industrial applications. With over 60 years of experience, our innovative systems ensure efficiency and quality across diverse sectors globally.","publisher":{"@id":"https:\/\/ghinduction.com\/pl-pl\/#organization"},"alternateName":"GH Induction","potentialAction":[{"@type":"SearchAction","target":{"@type":"EntryPoint","urlTemplate":"https:\/\/ghinduction.com\/pl-pl\/?s={search_term_string}"},"query-input":{"@type":"PropertyValueSpecification","valueRequired":true,"valueName":"search_term_string"}}],"inLanguage":"pl"},{"@type":"Organization","@id":"https:\/\/ghinduction.com\/pl-pl\/#organization","name":"GH Induction - Experts in Induction Heat Treatment and Induction Heating","alternateName":"GH Induction","url":"https:\/\/ghinduction.com\/pl-pl\/","logo":{"@type":"ImageObject","inLanguage":"pl","@id":"https:\/\/ghinduction.com\/pl-pl\/#\/schema\/logo\/image\/","url":"https:\/\/ghinduction.com\/wp-content\/uploads\/2024\/05\/logo-gh-induction.png","contentUrl":"https:\/\/ghinduction.com\/wp-content\/uploads\/2024\/05\/logo-gh-induction.png","width":225,"height":225,"caption":"GH Induction - Experts in Induction Heat Treatment and Induction Heating"},"image":{"@id":"https:\/\/ghinduction.com\/pl-pl\/#\/schema\/logo\/image\/"},"sameAs":["https:\/\/www.facebook.com\/ghinductionheating","https:\/\/www.linkedin.com\/company\/gh-induction\/","https:\/\/www.youtube.com\/user\/GhInduction"]}]}},"_links":{"self":[{"href":"https:\/\/ghinduction.com\/pl-pl\/wp-json\/wp\/v2\/pages\/24651","targetHints":{"allow":["GET"]}}],"collection":[{"href":"https:\/\/ghinduction.com\/pl-pl\/wp-json\/wp\/v2\/pages"}],"about":[{"href":"https:\/\/ghinduction.com\/pl-pl\/wp-json\/wp\/v2\/types\/page"}],"author":[{"embeddable":true,"href":"https:\/\/ghinduction.com\/pl-pl\/wp-json\/wp\/v2\/users\/1"}],"replies":[{"embeddable":true,"href":"https:\/\/ghinduction.com\/pl-pl\/wp-json\/wp\/v2\/comments?post=24651"}],"version-history":[{"count":1,"href":"https:\/\/ghinduction.com\/pl-pl\/wp-json\/wp\/v2\/pages\/24651\/revisions"}],"predecessor-version":[{"id":65256,"href":"https:\/\/ghinduction.com\/pl-pl\/wp-json\/wp\/v2\/pages\/24651\/revisions\/65256"}],"up":[{"embeddable":true,"href":"https:\/\/ghinduction.com\/pl-pl\/wp-json\/wp\/v2\/pages\/24612"}],"wp:featuredmedia":[{"embeddable":true,"href":"https:\/\/ghinduction.com\/pl-pl\/wp-json\/wp\/v2\/media\/18428"}],"wp:attachment":[{"href":"https:\/\/ghinduction.com\/pl-pl\/wp-json\/wp\/v2\/media?parent=24651"}],"wp:term":[{"taxonomy":"industry","embeddable":true,"href":"https:\/\/ghinduction.com\/pl-pl\/wp-json\/wp\/v2\/industry?post=24651"},{"taxonomy":"processes","embeddable":true,"href":"https:\/\/ghinduction.com\/pl-pl\/wp-json\/wp\/v2\/processes?post=24651"},{"taxonomy":"solutions","embeddable":true,"href":"https:\/\/ghinduction.com\/pl-pl\/wp-json\/wp\/v2\/solutions?post=24651"}],"curies":[{"name":"wp","href":"https:\/\/api.w.org\/{rel}","templated":true}]}}