{"id":25348,"date":"2023-01-09T09:02:39","date_gmt":"2023-01-09T09:02:39","guid":{"rendered":"https:\/\/ghinduction.com\/rozwiazania\/branze\/narzedzia-metalowe\/"},"modified":"2024-05-21T10:12:53","modified_gmt":"2024-05-21T10:12:53","slug":"narzedzia-metalowe","status":"publish","type":"page","link":"https:\/\/ghinduction.com\/pl-pl\/rozwiazania\/branze\/narzedzia-metalowe\/","title":{"rendered":"Narz\u0119dzia metalowe"},"content":{"rendered":"","protected":false},"excerpt":{"rendered":"","protected":false},"author":1,"featured_media":0,"parent":24743,"menu_order":54,"comment_status":"closed","ping_status":"closed","template":"","meta":{"_acf_changed":false,"footnotes":""},"industry":[],"processes":[],"solutions":[],"class_list":["post-25348","page","type-page","status-publish","hentry"],"acf":[],"yoast_head":"<!-- This site is optimized with the Yoast SEO plugin v27.3 - https:\/\/yoast.com\/product\/yoast-seo-wordpress\/ -->\n<title>Rozwi\u0105zania indukcyjne do narz\u0119dzi metalowych - GH Induction<\/title>\n<meta name=\"description\" content=\"Nagrzewanie indukcyjne to wysoce wydajna technologia, kt\u00f3ra oferuje szereg korzy\u015bci w produkcji narz\u0119dzi metalowych. Jest szybka, precyzyjna, czysta, bezpieczna i energooszcz\u0119dna. Dzi\u0119ki tym zaletom proces ten idealnie nadaje si\u0119 do produkcji narz\u0119dzi r\u0119cznych, elektronarz\u0119dzi lub oprawek narz\u0119dziowych. Rozwi\u0105zania GH Induction umo\u017cliwiaj\u0105 produkcj\u0119 narz\u0119dzi o wysokiej jako\u015bci i wydajno\u015bci. W zale\u017cno\u015bci od zastosowania i wymaga\u0144 mog\u0105 obejmowa\u0107 r\u00f3\u017cne poziomy produkcji i automatyzacji, zawsze z identyfikowalno\u015bci\u0105 cz\u0119\u015bci (IPM 4.0). Nasz innowacyjny system AIC do automatycznej wymiany cewek indukcyjnych, pozwala na drastyczn\u0105 redukcj\u0119 przezbroje\u0144 i b\u0142\u0119d\u00f3w ludzkich, skracaj\u0105c inwestycj\u0119 w sprz\u0119t indukcyjny.\" \/>\n<meta name=\"robots\" content=\"index, follow, max-snippet:-1, max-image-preview:large, max-video-preview:-1\" \/>\n<link rel=\"canonical\" href=\"https:\/\/ghinduction.com\/pl-pl\/rozwiazania\/branze\/narzedzia-metalowe\/\" \/>\n<meta property=\"og:locale\" content=\"pl_PL\" \/>\n<meta property=\"og:type\" content=\"article\" \/>\n<meta property=\"og:title\" content=\"Rozwi\u0105zania indukcyjne do narz\u0119dzi metalowych - GH Induction\" \/>\n<meta property=\"og:description\" content=\"Nagrzewanie indukcyjne to wysoce wydajna technologia, kt\u00f3ra oferuje szereg korzy\u015bci w produkcji narz\u0119dzi metalowych. Jest szybka, precyzyjna, czysta, bezpieczna i energooszcz\u0119dna. Dzi\u0119ki tym zaletom proces ten idealnie nadaje si\u0119 do produkcji narz\u0119dzi r\u0119cznych, elektronarz\u0119dzi lub oprawek narz\u0119dziowych. Rozwi\u0105zania GH Induction umo\u017cliwiaj\u0105 produkcj\u0119 narz\u0119dzi o wysokiej jako\u015bci i wydajno\u015bci. W zale\u017cno\u015bci od zastosowania i wymaga\u0144 mog\u0105 obejmowa\u0107 r\u00f3\u017cne poziomy produkcji i automatyzacji, zawsze z identyfikowalno\u015bci\u0105 cz\u0119\u015bci (IPM 4.0). Nasz innowacyjny system AIC do automatycznej wymiany cewek indukcyjnych, pozwala na drastyczn\u0105 redukcj\u0119 przezbroje\u0144 i b\u0142\u0119d\u00f3w ludzkich, skracaj\u0105c inwestycj\u0119 w sprz\u0119t indukcyjny.\" \/>\n<meta property=\"og:url\" content=\"https:\/\/ghinduction.com\/pl-pl\/rozwiazania\/branze\/narzedzia-metalowe\/\" \/>\n<meta property=\"og:site_name\" content=\"GH Induction Polska\" \/>\n<meta property=\"article:publisher\" content=\"https:\/\/www.facebook.com\/ghinductionheating\" \/>\n<meta property=\"article:modified_time\" content=\"2024-05-21T10:12:53+00:00\" \/>\n<meta name=\"twitter:card\" content=\"summary_large_image\" \/>\n<script type=\"application\/ld+json\" class=\"yoast-schema-graph\">{\"@context\":\"https:\\\/\\\/schema.org\",\"@graph\":[{\"@type\":\"WebPage\",\"@id\":\"https:\\\/\\\/ghinduction.com\\\/pl-pl\\\/rozwiazania\\\/branze\\\/narzedzia-metalowe\\\/\",\"url\":\"https:\\\/\\\/ghinduction.com\\\/pl-pl\\\/rozwiazania\\\/branze\\\/narzedzia-metalowe\\\/\",\"name\":\"Rozwi\u0105zania indukcyjne do narz\u0119dzi metalowych - GH Induction\",\"isPartOf\":{\"@id\":\"https:\\\/\\\/ghinduction.com\\\/pl-pl\\\/#website\"},\"datePublished\":\"2023-01-09T09:02:39+00:00\",\"dateModified\":\"2024-05-21T10:12:53+00:00\",\"description\":\"Nagrzewanie indukcyjne to wysoce wydajna technologia, kt\u00f3ra oferuje szereg korzy\u015bci w produkcji narz\u0119dzi metalowych. Jest szybka, precyzyjna, czysta, bezpieczna i energooszcz\u0119dna. Dzi\u0119ki tym zaletom proces ten idealnie nadaje si\u0119 do produkcji narz\u0119dzi r\u0119cznych, elektronarz\u0119dzi lub oprawek narz\u0119dziowych. Rozwi\u0105zania GH Induction umo\u017cliwiaj\u0105 produkcj\u0119 narz\u0119dzi o wysokiej jako\u015bci i wydajno\u015bci. W zale\u017cno\u015bci od zastosowania i wymaga\u0144 mog\u0105 obejmowa\u0107 r\u00f3\u017cne poziomy produkcji i automatyzacji, zawsze z identyfikowalno\u015bci\u0105 cz\u0119\u015bci (IPM 4.0). Nasz innowacyjny system AIC do automatycznej wymiany cewek indukcyjnych, pozwala na drastyczn\u0105 redukcj\u0119 przezbroje\u0144 i b\u0142\u0119d\u00f3w ludzkich, skracaj\u0105c inwestycj\u0119 w sprz\u0119t indukcyjny.\",\"breadcrumb\":{\"@id\":\"https:\\\/\\\/ghinduction.com\\\/pl-pl\\\/rozwiazania\\\/branze\\\/narzedzia-metalowe\\\/#breadcrumb\"},\"inLanguage\":\"pl\",\"potentialAction\":[{\"@type\":\"ReadAction\",\"target\":[\"https:\\\/\\\/ghinduction.com\\\/pl-pl\\\/rozwiazania\\\/branze\\\/narzedzia-metalowe\\\/\"]}]},{\"@type\":\"BreadcrumbList\",\"@id\":\"https:\\\/\\\/ghinduction.com\\\/pl-pl\\\/rozwiazania\\\/branze\\\/narzedzia-metalowe\\\/#breadcrumb\",\"itemListElement\":[{\"@type\":\"ListItem\",\"position\":1,\"name\":\"Home\",\"item\":\"https:\\\/\\\/ghinduction.com\\\/pl-pl\\\/\"},{\"@type\":\"ListItem\",\"position\":2,\"name\":\"Rozwi\u0105zania\",\"item\":\"https:\\\/\\\/ghinduction.com\\\/pl-pl\\\/rozwiazania\\\/\"},{\"@type\":\"ListItem\",\"position\":3,\"name\":\"Bran\u017ce\",\"item\":\"https:\\\/\\\/ghinduction.com\\\/pl-pl\\\/rozwiazania\\\/branze\\\/\"},{\"@type\":\"ListItem\",\"position\":4,\"name\":\"Narz\u0119dzia metalowe\"}]},{\"@type\":\"WebSite\",\"@id\":\"https:\\\/\\\/ghinduction.com\\\/pl-pl\\\/#website\",\"url\":\"https:\\\/\\\/ghinduction.com\\\/pl-pl\\\/\",\"name\":\"GH Induction - Experts in Induction Heat Treatment and Induction Heating\",\"description\":\"GH Induction offers advanced induction heat treatment and heating solutions for various industrial applications. With over 60 years of experience, our innovative systems ensure efficiency and quality across diverse sectors globally.\",\"publisher\":{\"@id\":\"https:\\\/\\\/ghinduction.com\\\/pl-pl\\\/#organization\"},\"alternateName\":\"GH Induction\",\"potentialAction\":[{\"@type\":\"SearchAction\",\"target\":{\"@type\":\"EntryPoint\",\"urlTemplate\":\"https:\\\/\\\/ghinduction.com\\\/pl-pl\\\/?s={search_term_string}\"},\"query-input\":{\"@type\":\"PropertyValueSpecification\",\"valueRequired\":true,\"valueName\":\"search_term_string\"}}],\"inLanguage\":\"pl\"},{\"@type\":\"Organization\",\"@id\":\"https:\\\/\\\/ghinduction.com\\\/pl-pl\\\/#organization\",\"name\":\"GH Induction - Experts in Induction Heat Treatment and Induction Heating\",\"alternateName\":\"GH Induction\",\"url\":\"https:\\\/\\\/ghinduction.com\\\/pl-pl\\\/\",\"logo\":{\"@type\":\"ImageObject\",\"inLanguage\":\"pl\",\"@id\":\"https:\\\/\\\/ghinduction.com\\\/pl-pl\\\/#\\\/schema\\\/logo\\\/image\\\/\",\"url\":\"https:\\\/\\\/ghinduction.com\\\/wp-content\\\/uploads\\\/2024\\\/05\\\/logo-gh-induction.png\",\"contentUrl\":\"https:\\\/\\\/ghinduction.com\\\/wp-content\\\/uploads\\\/2024\\\/05\\\/logo-gh-induction.png\",\"width\":225,\"height\":225,\"caption\":\"GH Induction - Experts in Induction Heat Treatment and Induction Heating\"},\"image\":{\"@id\":\"https:\\\/\\\/ghinduction.com\\\/pl-pl\\\/#\\\/schema\\\/logo\\\/image\\\/\"},\"sameAs\":[\"https:\\\/\\\/www.facebook.com\\\/ghinductionheating\",\"https:\\\/\\\/www.linkedin.com\\\/company\\\/gh-induction\\\/\",\"https:\\\/\\\/www.youtube.com\\\/user\\\/GhInduction\"]}]}<\/script>\n<!-- \/ Yoast SEO plugin. -->","yoast_head_json":{"title":"Rozwi\u0105zania indukcyjne do narz\u0119dzi metalowych - GH Induction","description":"Nagrzewanie indukcyjne to wysoce wydajna technologia, kt\u00f3ra oferuje szereg korzy\u015bci w produkcji narz\u0119dzi metalowych. Jest szybka, precyzyjna, czysta, bezpieczna i energooszcz\u0119dna. Dzi\u0119ki tym zaletom proces ten idealnie nadaje si\u0119 do produkcji narz\u0119dzi r\u0119cznych, elektronarz\u0119dzi lub oprawek narz\u0119dziowych. Rozwi\u0105zania GH Induction umo\u017cliwiaj\u0105 produkcj\u0119 narz\u0119dzi o wysokiej jako\u015bci i wydajno\u015bci. W zale\u017cno\u015bci od zastosowania i wymaga\u0144 mog\u0105 obejmowa\u0107 r\u00f3\u017cne poziomy produkcji i automatyzacji, zawsze z identyfikowalno\u015bci\u0105 cz\u0119\u015bci (IPM 4.0). Nasz innowacyjny system AIC do automatycznej wymiany cewek indukcyjnych, pozwala na drastyczn\u0105 redukcj\u0119 przezbroje\u0144 i b\u0142\u0119d\u00f3w ludzkich, skracaj\u0105c inwestycj\u0119 w sprz\u0119t indukcyjny.","robots":{"index":"index","follow":"follow","max-snippet":"max-snippet:-1","max-image-preview":"max-image-preview:large","max-video-preview":"max-video-preview:-1"},"canonical":"https:\/\/ghinduction.com\/pl-pl\/rozwiazania\/branze\/narzedzia-metalowe\/","og_locale":"pl_PL","og_type":"article","og_title":"Rozwi\u0105zania indukcyjne do narz\u0119dzi metalowych - GH Induction","og_description":"Nagrzewanie indukcyjne to wysoce wydajna technologia, kt\u00f3ra oferuje szereg korzy\u015bci w produkcji narz\u0119dzi metalowych. Jest szybka, precyzyjna, czysta, bezpieczna i energooszcz\u0119dna. Dzi\u0119ki tym zaletom proces ten idealnie nadaje si\u0119 do produkcji narz\u0119dzi r\u0119cznych, elektronarz\u0119dzi lub oprawek narz\u0119dziowych. Rozwi\u0105zania GH Induction umo\u017cliwiaj\u0105 produkcj\u0119 narz\u0119dzi o wysokiej jako\u015bci i wydajno\u015bci. W zale\u017cno\u015bci od zastosowania i wymaga\u0144 mog\u0105 obejmowa\u0107 r\u00f3\u017cne poziomy produkcji i automatyzacji, zawsze z identyfikowalno\u015bci\u0105 cz\u0119\u015bci (IPM 4.0). Nasz innowacyjny system AIC do automatycznej wymiany cewek indukcyjnych, pozwala na drastyczn\u0105 redukcj\u0119 przezbroje\u0144 i b\u0142\u0119d\u00f3w ludzkich, skracaj\u0105c inwestycj\u0119 w sprz\u0119t indukcyjny.","og_url":"https:\/\/ghinduction.com\/pl-pl\/rozwiazania\/branze\/narzedzia-metalowe\/","og_site_name":"GH Induction Polska","article_publisher":"https:\/\/www.facebook.com\/ghinductionheating","article_modified_time":"2024-05-21T10:12:53+00:00","twitter_card":"summary_large_image","schema":{"@context":"https:\/\/schema.org","@graph":[{"@type":"WebPage","@id":"https:\/\/ghinduction.com\/pl-pl\/rozwiazania\/branze\/narzedzia-metalowe\/","url":"https:\/\/ghinduction.com\/pl-pl\/rozwiazania\/branze\/narzedzia-metalowe\/","name":"Rozwi\u0105zania indukcyjne do narz\u0119dzi metalowych - GH Induction","isPartOf":{"@id":"https:\/\/ghinduction.com\/pl-pl\/#website"},"datePublished":"2023-01-09T09:02:39+00:00","dateModified":"2024-05-21T10:12:53+00:00","description":"Nagrzewanie indukcyjne to wysoce wydajna technologia, kt\u00f3ra oferuje szereg korzy\u015bci w produkcji narz\u0119dzi metalowych. Jest szybka, precyzyjna, czysta, bezpieczna i energooszcz\u0119dna. Dzi\u0119ki tym zaletom proces ten idealnie nadaje si\u0119 do produkcji narz\u0119dzi r\u0119cznych, elektronarz\u0119dzi lub oprawek narz\u0119dziowych. Rozwi\u0105zania GH Induction umo\u017cliwiaj\u0105 produkcj\u0119 narz\u0119dzi o wysokiej jako\u015bci i wydajno\u015bci. W zale\u017cno\u015bci od zastosowania i wymaga\u0144 mog\u0105 obejmowa\u0107 r\u00f3\u017cne poziomy produkcji i automatyzacji, zawsze z identyfikowalno\u015bci\u0105 cz\u0119\u015bci (IPM 4.0). Nasz innowacyjny system AIC do automatycznej wymiany cewek indukcyjnych, pozwala na drastyczn\u0105 redukcj\u0119 przezbroje\u0144 i b\u0142\u0119d\u00f3w ludzkich, skracaj\u0105c inwestycj\u0119 w sprz\u0119t indukcyjny.","breadcrumb":{"@id":"https:\/\/ghinduction.com\/pl-pl\/rozwiazania\/branze\/narzedzia-metalowe\/#breadcrumb"},"inLanguage":"pl","potentialAction":[{"@type":"ReadAction","target":["https:\/\/ghinduction.com\/pl-pl\/rozwiazania\/branze\/narzedzia-metalowe\/"]}]},{"@type":"BreadcrumbList","@id":"https:\/\/ghinduction.com\/pl-pl\/rozwiazania\/branze\/narzedzia-metalowe\/#breadcrumb","itemListElement":[{"@type":"ListItem","position":1,"name":"Home","item":"https:\/\/ghinduction.com\/pl-pl\/"},{"@type":"ListItem","position":2,"name":"Rozwi\u0105zania","item":"https:\/\/ghinduction.com\/pl-pl\/rozwiazania\/"},{"@type":"ListItem","position":3,"name":"Bran\u017ce","item":"https:\/\/ghinduction.com\/pl-pl\/rozwiazania\/branze\/"},{"@type":"ListItem","position":4,"name":"Narz\u0119dzia metalowe"}]},{"@type":"WebSite","@id":"https:\/\/ghinduction.com\/pl-pl\/#website","url":"https:\/\/ghinduction.com\/pl-pl\/","name":"GH Induction - Experts in Induction Heat Treatment and Induction Heating","description":"GH Induction offers advanced induction heat treatment and heating solutions for various industrial applications. With over 60 years of experience, our innovative systems ensure efficiency and quality across diverse sectors globally.","publisher":{"@id":"https:\/\/ghinduction.com\/pl-pl\/#organization"},"alternateName":"GH Induction","potentialAction":[{"@type":"SearchAction","target":{"@type":"EntryPoint","urlTemplate":"https:\/\/ghinduction.com\/pl-pl\/?s={search_term_string}"},"query-input":{"@type":"PropertyValueSpecification","valueRequired":true,"valueName":"search_term_string"}}],"inLanguage":"pl"},{"@type":"Organization","@id":"https:\/\/ghinduction.com\/pl-pl\/#organization","name":"GH Induction - Experts in Induction Heat Treatment and Induction Heating","alternateName":"GH Induction","url":"https:\/\/ghinduction.com\/pl-pl\/","logo":{"@type":"ImageObject","inLanguage":"pl","@id":"https:\/\/ghinduction.com\/pl-pl\/#\/schema\/logo\/image\/","url":"https:\/\/ghinduction.com\/wp-content\/uploads\/2024\/05\/logo-gh-induction.png","contentUrl":"https:\/\/ghinduction.com\/wp-content\/uploads\/2024\/05\/logo-gh-induction.png","width":225,"height":225,"caption":"GH Induction - Experts in Induction Heat Treatment and Induction Heating"},"image":{"@id":"https:\/\/ghinduction.com\/pl-pl\/#\/schema\/logo\/image\/"},"sameAs":["https:\/\/www.facebook.com\/ghinductionheating","https:\/\/www.linkedin.com\/company\/gh-induction\/","https:\/\/www.youtube.com\/user\/GhInduction"]}]}},"_links":{"self":[{"href":"https:\/\/ghinduction.com\/pl-pl\/wp-json\/wp\/v2\/pages\/25348","targetHints":{"allow":["GET"]}}],"collection":[{"href":"https:\/\/ghinduction.com\/pl-pl\/wp-json\/wp\/v2\/pages"}],"about":[{"href":"https:\/\/ghinduction.com\/pl-pl\/wp-json\/wp\/v2\/types\/page"}],"author":[{"embeddable":true,"href":"https:\/\/ghinduction.com\/pl-pl\/wp-json\/wp\/v2\/users\/1"}],"replies":[{"embeddable":true,"href":"https:\/\/ghinduction.com\/pl-pl\/wp-json\/wp\/v2\/comments?post=25348"}],"version-history":[{"count":0,"href":"https:\/\/ghinduction.com\/pl-pl\/wp-json\/wp\/v2\/pages\/25348\/revisions"}],"up":[{"embeddable":true,"href":"https:\/\/ghinduction.com\/pl-pl\/wp-json\/wp\/v2\/pages\/24743"}],"wp:attachment":[{"href":"https:\/\/ghinduction.com\/pl-pl\/wp-json\/wp\/v2\/media?parent=25348"}],"wp:term":[{"taxonomy":"industry","embeddable":true,"href":"https:\/\/ghinduction.com\/pl-pl\/wp-json\/wp\/v2\/industry?post=25348"},{"taxonomy":"processes","embeddable":true,"href":"https:\/\/ghinduction.com\/pl-pl\/wp-json\/wp\/v2\/processes?post=25348"},{"taxonomy":"solutions","embeddable":true,"href":"https:\/\/ghinduction.com\/pl-pl\/wp-json\/wp\/v2\/solutions?post=25348"}],"curies":[{"name":"wp","href":"https:\/\/api.w.org\/{rel}","templated":true}]}}