{"id":31347,"date":"2023-01-09T09:02:14","date_gmt":"2023-01-09T09:02:14","guid":{"rendered":"https:\/\/ghinduction.com\/nagrzewaniu-indukcyjnym\/"},"modified":"2026-02-26T08:45:25","modified_gmt":"2026-02-26T08:45:25","slug":"nagrzewaniu-indukcyjnym","status":"publish","type":"page","link":"https:\/\/ghinduction.com\/pl-pl\/innowacje\/nagrzewaniu-indukcyjnym\/","title":{"rendered":"O nagrzewaniu indukcyjnym"},"content":{"rendered":"","protected":false},"excerpt":{"rendered":"","protected":false},"author":1,"featured_media":0,"parent":31348,"menu_order":18,"comment_status":"closed","ping_status":"closed","template":"","meta":{"_acf_changed":false,"footnotes":""},"industry":[],"processes":[],"solutions":[],"class_list":["post-31347","page","type-page","status-publish","hentry"],"acf":[],"yoast_head":"<!-- This site is optimized with the Yoast SEO plugin v27.3 - https:\/\/yoast.com\/product\/yoast-seo-wordpress\/ -->\n<title>O nagrzewaniu indukcyjnym - GH Induction<\/title>\n<meta name=\"description\" content=\"Co to jest? Nagrzewanie indukcyjne to proces, kt\u00f3ry wykorzystuje si\u0119 do \u0142\u0105czenia, utwardzania lub zmi\u0119kczania metali b\u0105d\u017a innych materia\u0142\u00f3w przewodz\u0105cych. Dla nowoczesnych proces\u00f3w produkcyjnych, nagrzewanie indukcyjne oferuje kombinacj\u0119: pr\u0119dko\u015bci, konsystencji, kontroli proces\u00f3w oraz wydajno\u015bci energetycznej. Podstawowe zasady nagrzewania indukcyjnego zosta\u0142y stosowane w procesach produkcyjnych ju\u017c w latach 20-tych. Podczas drugiej wojny \u015bwiatowej, metoda ta si\u0119 pr\u0119\u017cnie rozwija\u0142a z uwagi na piln\u0105 potrzeb\u0119 opracowania elastycznych proces\u00f3w i niezawodnego sposobu utwardzania metalowych cz\u0119\u015bci silnik\u00f3w. W ostatnich latach koncentracja na technikach oszcz\u0119dnej i wydajnej produkcji oraz polepszaniu kontroli jako\u015bci doprowadzi\u0142y do ponownego zainteresowania technologi\u0105 indukcyjn\u0105 z r\u00f3wnoleg\u0142ym rozwojem system\u00f3w mocy, trwa\u0142ych generator\u00f3w indukcyjnych z precyzyjn\u0105 kontrol\u0105.\" \/>\n<meta name=\"robots\" content=\"index, follow, max-snippet:-1, max-image-preview:large, max-video-preview:-1\" \/>\n<link rel=\"canonical\" href=\"https:\/\/ghinduction.com\/pl-pl\/innowacje\/nagrzewaniu-indukcyjnym\/\" \/>\n<meta property=\"og:locale\" content=\"pl_PL\" \/>\n<meta property=\"og:type\" content=\"article\" \/>\n<meta property=\"og:title\" content=\"O nagrzewaniu indukcyjnym - GH Induction\" \/>\n<meta property=\"og:description\" content=\"Co to jest? Nagrzewanie indukcyjne to proces, kt\u00f3ry wykorzystuje si\u0119 do \u0142\u0105czenia, utwardzania lub zmi\u0119kczania metali b\u0105d\u017a innych materia\u0142\u00f3w przewodz\u0105cych. Dla nowoczesnych proces\u00f3w produkcyjnych, nagrzewanie indukcyjne oferuje kombinacj\u0119: pr\u0119dko\u015bci, konsystencji, kontroli proces\u00f3w oraz wydajno\u015bci energetycznej. Podstawowe zasady nagrzewania indukcyjnego zosta\u0142y stosowane w procesach produkcyjnych ju\u017c w latach 20-tych. Podczas drugiej wojny \u015bwiatowej, metoda ta si\u0119 pr\u0119\u017cnie rozwija\u0142a z uwagi na piln\u0105 potrzeb\u0119 opracowania elastycznych proces\u00f3w i niezawodnego sposobu utwardzania metalowych cz\u0119\u015bci silnik\u00f3w. W ostatnich latach koncentracja na technikach oszcz\u0119dnej i wydajnej produkcji oraz polepszaniu kontroli jako\u015bci doprowadzi\u0142y do ponownego zainteresowania technologi\u0105 indukcyjn\u0105 z r\u00f3wnoleg\u0142ym rozwojem system\u00f3w mocy, trwa\u0142ych generator\u00f3w indukcyjnych z precyzyjn\u0105 kontrol\u0105.\" \/>\n<meta property=\"og:url\" content=\"https:\/\/ghinduction.com\/pl-pl\/innowacje\/nagrzewaniu-indukcyjnym\/\" \/>\n<meta property=\"og:site_name\" content=\"GH Induction Polska\" \/>\n<meta property=\"article:publisher\" content=\"https:\/\/www.facebook.com\/ghinductionheating\" \/>\n<meta property=\"article:modified_time\" content=\"2026-02-26T08:45:25+00:00\" \/>\n<meta name=\"twitter:card\" content=\"summary_large_image\" \/>\n<script type=\"application\/ld+json\" class=\"yoast-schema-graph\">{\"@context\":\"https:\\\/\\\/schema.org\",\"@graph\":[{\"@type\":\"WebPage\",\"@id\":\"https:\\\/\\\/ghinduction.com\\\/pl-pl\\\/innowacje\\\/nagrzewaniu-indukcyjnym\\\/\",\"url\":\"https:\\\/\\\/ghinduction.com\\\/pl-pl\\\/innowacje\\\/nagrzewaniu-indukcyjnym\\\/\",\"name\":\"O nagrzewaniu indukcyjnym - GH Induction\",\"isPartOf\":{\"@id\":\"https:\\\/\\\/ghinduction.com\\\/pl-pl\\\/#website\"},\"datePublished\":\"2023-01-09T09:02:14+00:00\",\"dateModified\":\"2026-02-26T08:45:25+00:00\",\"description\":\"Co to jest? Nagrzewanie indukcyjne to proces, kt\u00f3ry wykorzystuje si\u0119 do \u0142\u0105czenia, utwardzania lub zmi\u0119kczania metali b\u0105d\u017a innych materia\u0142\u00f3w przewodz\u0105cych. Dla nowoczesnych proces\u00f3w produkcyjnych, nagrzewanie indukcyjne oferuje kombinacj\u0119: pr\u0119dko\u015bci, konsystencji, kontroli proces\u00f3w oraz wydajno\u015bci energetycznej. Podstawowe zasady nagrzewania indukcyjnego zosta\u0142y stosowane w procesach produkcyjnych ju\u017c w latach 20-tych. Podczas drugiej wojny \u015bwiatowej, metoda ta si\u0119 pr\u0119\u017cnie rozwija\u0142a z uwagi na piln\u0105 potrzeb\u0119 opracowania elastycznych proces\u00f3w i niezawodnego sposobu utwardzania metalowych cz\u0119\u015bci silnik\u00f3w. W ostatnich latach koncentracja na technikach oszcz\u0119dnej i wydajnej produkcji oraz polepszaniu kontroli jako\u015bci doprowadzi\u0142y do ponownego zainteresowania technologi\u0105 indukcyjn\u0105 z r\u00f3wnoleg\u0142ym rozwojem system\u00f3w mocy, trwa\u0142ych generator\u00f3w indukcyjnych z precyzyjn\u0105 kontrol\u0105.\",\"breadcrumb\":{\"@id\":\"https:\\\/\\\/ghinduction.com\\\/pl-pl\\\/innowacje\\\/nagrzewaniu-indukcyjnym\\\/#breadcrumb\"},\"inLanguage\":\"pl\",\"potentialAction\":[{\"@type\":\"ReadAction\",\"target\":[\"https:\\\/\\\/ghinduction.com\\\/pl-pl\\\/innowacje\\\/nagrzewaniu-indukcyjnym\\\/\"]}]},{\"@type\":\"BreadcrumbList\",\"@id\":\"https:\\\/\\\/ghinduction.com\\\/pl-pl\\\/innowacje\\\/nagrzewaniu-indukcyjnym\\\/#breadcrumb\",\"itemListElement\":[{\"@type\":\"ListItem\",\"position\":1,\"name\":\"Home\",\"item\":\"https:\\\/\\\/ghinduction.com\\\/pl-pl\\\/\"},{\"@type\":\"ListItem\",\"position\":2,\"name\":\"Innowacje\",\"item\":\"https:\\\/\\\/ghinduction.com\\\/pl-pl\\\/innowacje\\\/\"},{\"@type\":\"ListItem\",\"position\":3,\"name\":\"O nagrzewaniu indukcyjnym\"}]},{\"@type\":\"WebSite\",\"@id\":\"https:\\\/\\\/ghinduction.com\\\/pl-pl\\\/#website\",\"url\":\"https:\\\/\\\/ghinduction.com\\\/pl-pl\\\/\",\"name\":\"GH Induction - Experts in Induction Heat Treatment and Induction Heating\",\"description\":\"GH Induction offers advanced induction heat treatment and heating solutions for various industrial applications. With over 60 years of experience, our innovative systems ensure efficiency and quality across diverse sectors globally.\",\"publisher\":{\"@id\":\"https:\\\/\\\/ghinduction.com\\\/pl-pl\\\/#organization\"},\"alternateName\":\"GH Induction\",\"potentialAction\":[{\"@type\":\"SearchAction\",\"target\":{\"@type\":\"EntryPoint\",\"urlTemplate\":\"https:\\\/\\\/ghinduction.com\\\/pl-pl\\\/?s={search_term_string}\"},\"query-input\":{\"@type\":\"PropertyValueSpecification\",\"valueRequired\":true,\"valueName\":\"search_term_string\"}}],\"inLanguage\":\"pl\"},{\"@type\":\"Organization\",\"@id\":\"https:\\\/\\\/ghinduction.com\\\/pl-pl\\\/#organization\",\"name\":\"GH Induction - Experts in Induction Heat Treatment and Induction Heating\",\"alternateName\":\"GH Induction\",\"url\":\"https:\\\/\\\/ghinduction.com\\\/pl-pl\\\/\",\"logo\":{\"@type\":\"ImageObject\",\"inLanguage\":\"pl\",\"@id\":\"https:\\\/\\\/ghinduction.com\\\/pl-pl\\\/#\\\/schema\\\/logo\\\/image\\\/\",\"url\":\"https:\\\/\\\/ghinduction.com\\\/wp-content\\\/uploads\\\/2024\\\/05\\\/logo-gh-induction.png\",\"contentUrl\":\"https:\\\/\\\/ghinduction.com\\\/wp-content\\\/uploads\\\/2024\\\/05\\\/logo-gh-induction.png\",\"width\":225,\"height\":225,\"caption\":\"GH Induction - Experts in Induction Heat Treatment and Induction Heating\"},\"image\":{\"@id\":\"https:\\\/\\\/ghinduction.com\\\/pl-pl\\\/#\\\/schema\\\/logo\\\/image\\\/\"},\"sameAs\":[\"https:\\\/\\\/www.facebook.com\\\/ghinductionheating\",\"https:\\\/\\\/www.linkedin.com\\\/company\\\/gh-induction\\\/\",\"https:\\\/\\\/www.youtube.com\\\/user\\\/GhInduction\"]}]}<\/script>\n<!-- \/ Yoast SEO plugin. -->","yoast_head_json":{"title":"O nagrzewaniu indukcyjnym - GH Induction","description":"Co to jest? Nagrzewanie indukcyjne to proces, kt\u00f3ry wykorzystuje si\u0119 do \u0142\u0105czenia, utwardzania lub zmi\u0119kczania metali b\u0105d\u017a innych materia\u0142\u00f3w przewodz\u0105cych. Dla nowoczesnych proces\u00f3w produkcyjnych, nagrzewanie indukcyjne oferuje kombinacj\u0119: pr\u0119dko\u015bci, konsystencji, kontroli proces\u00f3w oraz wydajno\u015bci energetycznej. Podstawowe zasady nagrzewania indukcyjnego zosta\u0142y stosowane w procesach produkcyjnych ju\u017c w latach 20-tych. Podczas drugiej wojny \u015bwiatowej, metoda ta si\u0119 pr\u0119\u017cnie rozwija\u0142a z uwagi na piln\u0105 potrzeb\u0119 opracowania elastycznych proces\u00f3w i niezawodnego sposobu utwardzania metalowych cz\u0119\u015bci silnik\u00f3w. W ostatnich latach koncentracja na technikach oszcz\u0119dnej i wydajnej produkcji oraz polepszaniu kontroli jako\u015bci doprowadzi\u0142y do ponownego zainteresowania technologi\u0105 indukcyjn\u0105 z r\u00f3wnoleg\u0142ym rozwojem system\u00f3w mocy, trwa\u0142ych generator\u00f3w indukcyjnych z precyzyjn\u0105 kontrol\u0105.","robots":{"index":"index","follow":"follow","max-snippet":"max-snippet:-1","max-image-preview":"max-image-preview:large","max-video-preview":"max-video-preview:-1"},"canonical":"https:\/\/ghinduction.com\/pl-pl\/innowacje\/nagrzewaniu-indukcyjnym\/","og_locale":"pl_PL","og_type":"article","og_title":"O nagrzewaniu indukcyjnym - GH Induction","og_description":"Co to jest? Nagrzewanie indukcyjne to proces, kt\u00f3ry wykorzystuje si\u0119 do \u0142\u0105czenia, utwardzania lub zmi\u0119kczania metali b\u0105d\u017a innych materia\u0142\u00f3w przewodz\u0105cych. Dla nowoczesnych proces\u00f3w produkcyjnych, nagrzewanie indukcyjne oferuje kombinacj\u0119: pr\u0119dko\u015bci, konsystencji, kontroli proces\u00f3w oraz wydajno\u015bci energetycznej. Podstawowe zasady nagrzewania indukcyjnego zosta\u0142y stosowane w procesach produkcyjnych ju\u017c w latach 20-tych. Podczas drugiej wojny \u015bwiatowej, metoda ta si\u0119 pr\u0119\u017cnie rozwija\u0142a z uwagi na piln\u0105 potrzeb\u0119 opracowania elastycznych proces\u00f3w i niezawodnego sposobu utwardzania metalowych cz\u0119\u015bci silnik\u00f3w. W ostatnich latach koncentracja na technikach oszcz\u0119dnej i wydajnej produkcji oraz polepszaniu kontroli jako\u015bci doprowadzi\u0142y do ponownego zainteresowania technologi\u0105 indukcyjn\u0105 z r\u00f3wnoleg\u0142ym rozwojem system\u00f3w mocy, trwa\u0142ych generator\u00f3w indukcyjnych z precyzyjn\u0105 kontrol\u0105.","og_url":"https:\/\/ghinduction.com\/pl-pl\/innowacje\/nagrzewaniu-indukcyjnym\/","og_site_name":"GH Induction Polska","article_publisher":"https:\/\/www.facebook.com\/ghinductionheating","article_modified_time":"2026-02-26T08:45:25+00:00","twitter_card":"summary_large_image","schema":{"@context":"https:\/\/schema.org","@graph":[{"@type":"WebPage","@id":"https:\/\/ghinduction.com\/pl-pl\/innowacje\/nagrzewaniu-indukcyjnym\/","url":"https:\/\/ghinduction.com\/pl-pl\/innowacje\/nagrzewaniu-indukcyjnym\/","name":"O nagrzewaniu indukcyjnym - GH Induction","isPartOf":{"@id":"https:\/\/ghinduction.com\/pl-pl\/#website"},"datePublished":"2023-01-09T09:02:14+00:00","dateModified":"2026-02-26T08:45:25+00:00","description":"Co to jest? Nagrzewanie indukcyjne to proces, kt\u00f3ry wykorzystuje si\u0119 do \u0142\u0105czenia, utwardzania lub zmi\u0119kczania metali b\u0105d\u017a innych materia\u0142\u00f3w przewodz\u0105cych. Dla nowoczesnych proces\u00f3w produkcyjnych, nagrzewanie indukcyjne oferuje kombinacj\u0119: pr\u0119dko\u015bci, konsystencji, kontroli proces\u00f3w oraz wydajno\u015bci energetycznej. Podstawowe zasady nagrzewania indukcyjnego zosta\u0142y stosowane w procesach produkcyjnych ju\u017c w latach 20-tych. Podczas drugiej wojny \u015bwiatowej, metoda ta si\u0119 pr\u0119\u017cnie rozwija\u0142a z uwagi na piln\u0105 potrzeb\u0119 opracowania elastycznych proces\u00f3w i niezawodnego sposobu utwardzania metalowych cz\u0119\u015bci silnik\u00f3w. W ostatnich latach koncentracja na technikach oszcz\u0119dnej i wydajnej produkcji oraz polepszaniu kontroli jako\u015bci doprowadzi\u0142y do ponownego zainteresowania technologi\u0105 indukcyjn\u0105 z r\u00f3wnoleg\u0142ym rozwojem system\u00f3w mocy, trwa\u0142ych generator\u00f3w indukcyjnych z precyzyjn\u0105 kontrol\u0105.","breadcrumb":{"@id":"https:\/\/ghinduction.com\/pl-pl\/innowacje\/nagrzewaniu-indukcyjnym\/#breadcrumb"},"inLanguage":"pl","potentialAction":[{"@type":"ReadAction","target":["https:\/\/ghinduction.com\/pl-pl\/innowacje\/nagrzewaniu-indukcyjnym\/"]}]},{"@type":"BreadcrumbList","@id":"https:\/\/ghinduction.com\/pl-pl\/innowacje\/nagrzewaniu-indukcyjnym\/#breadcrumb","itemListElement":[{"@type":"ListItem","position":1,"name":"Home","item":"https:\/\/ghinduction.com\/pl-pl\/"},{"@type":"ListItem","position":2,"name":"Innowacje","item":"https:\/\/ghinduction.com\/pl-pl\/innowacje\/"},{"@type":"ListItem","position":3,"name":"O nagrzewaniu indukcyjnym"}]},{"@type":"WebSite","@id":"https:\/\/ghinduction.com\/pl-pl\/#website","url":"https:\/\/ghinduction.com\/pl-pl\/","name":"GH Induction - Experts in Induction Heat Treatment and Induction Heating","description":"GH Induction offers advanced induction heat treatment and heating solutions for various industrial applications. With over 60 years of experience, our innovative systems ensure efficiency and quality across diverse sectors globally.","publisher":{"@id":"https:\/\/ghinduction.com\/pl-pl\/#organization"},"alternateName":"GH Induction","potentialAction":[{"@type":"SearchAction","target":{"@type":"EntryPoint","urlTemplate":"https:\/\/ghinduction.com\/pl-pl\/?s={search_term_string}"},"query-input":{"@type":"PropertyValueSpecification","valueRequired":true,"valueName":"search_term_string"}}],"inLanguage":"pl"},{"@type":"Organization","@id":"https:\/\/ghinduction.com\/pl-pl\/#organization","name":"GH Induction - Experts in Induction Heat Treatment and Induction Heating","alternateName":"GH Induction","url":"https:\/\/ghinduction.com\/pl-pl\/","logo":{"@type":"ImageObject","inLanguage":"pl","@id":"https:\/\/ghinduction.com\/pl-pl\/#\/schema\/logo\/image\/","url":"https:\/\/ghinduction.com\/wp-content\/uploads\/2024\/05\/logo-gh-induction.png","contentUrl":"https:\/\/ghinduction.com\/wp-content\/uploads\/2024\/05\/logo-gh-induction.png","width":225,"height":225,"caption":"GH Induction - Experts in Induction Heat Treatment and Induction Heating"},"image":{"@id":"https:\/\/ghinduction.com\/pl-pl\/#\/schema\/logo\/image\/"},"sameAs":["https:\/\/www.facebook.com\/ghinductionheating","https:\/\/www.linkedin.com\/company\/gh-induction\/","https:\/\/www.youtube.com\/user\/GhInduction"]}]}},"_links":{"self":[{"href":"https:\/\/ghinduction.com\/pl-pl\/wp-json\/wp\/v2\/pages\/31347","targetHints":{"allow":["GET"]}}],"collection":[{"href":"https:\/\/ghinduction.com\/pl-pl\/wp-json\/wp\/v2\/pages"}],"about":[{"href":"https:\/\/ghinduction.com\/pl-pl\/wp-json\/wp\/v2\/types\/page"}],"author":[{"embeddable":true,"href":"https:\/\/ghinduction.com\/pl-pl\/wp-json\/wp\/v2\/users\/1"}],"replies":[{"embeddable":true,"href":"https:\/\/ghinduction.com\/pl-pl\/wp-json\/wp\/v2\/comments?post=31347"}],"version-history":[{"count":2,"href":"https:\/\/ghinduction.com\/pl-pl\/wp-json\/wp\/v2\/pages\/31347\/revisions"}],"predecessor-version":[{"id":65623,"href":"https:\/\/ghinduction.com\/pl-pl\/wp-json\/wp\/v2\/pages\/31347\/revisions\/65623"}],"up":[{"embeddable":true,"href":"https:\/\/ghinduction.com\/pl-pl\/wp-json\/wp\/v2\/pages\/31348"}],"wp:attachment":[{"href":"https:\/\/ghinduction.com\/pl-pl\/wp-json\/wp\/v2\/media?parent=31347"}],"wp:term":[{"taxonomy":"industry","embeddable":true,"href":"https:\/\/ghinduction.com\/pl-pl\/wp-json\/wp\/v2\/industry?post=31347"},{"taxonomy":"processes","embeddable":true,"href":"https:\/\/ghinduction.com\/pl-pl\/wp-json\/wp\/v2\/processes?post=31347"},{"taxonomy":"solutions","embeddable":true,"href":"https:\/\/ghinduction.com\/pl-pl\/wp-json\/wp\/v2\/solutions?post=31347"}],"curies":[{"name":"wp","href":"https:\/\/api.w.org\/{rel}","templated":true}]}}