{"id":63976,"date":"2025-10-22T08:51:04","date_gmt":"2025-10-22T08:51:04","guid":{"rendered":"https:\/\/ghinduction.com\/inkompac-multioutput\/"},"modified":"2026-02-25T09:58:52","modified_gmt":"2026-02-25T09:58:52","slug":"inkompac-multioutput","status":"publish","type":"page","link":"https:\/\/ghinduction.com\/pl-pl\/produkty-uslugi\/indukcyjne-systemy-grzewcze\/inkompac\/inkompac-multioutput\/","title":{"rendered":"Generator wielowyj\u015bciowy inKompac"},"content":{"rendered":"","protected":false},"excerpt":{"rendered":"","protected":false},"author":4,"featured_media":0,"parent":64021,"menu_order":0,"comment_status":"closed","ping_status":"closed","template":"","meta":{"_acf_changed":false,"footnotes":""},"industry":[],"processes":[832,1443,961],"solutions":[],"class_list":["post-63976","page","type-page","status-publish","hentry","processes-hartowanie","processes-laczenie-termokurczliwe","processes-lutowanie-twarde"],"acf":[],"yoast_head":"<!-- This site is optimized with the Yoast SEO plugin v27.3 - https:\/\/yoast.com\/product\/yoast-seo-wordpress\/ -->\n<title>InKompac Multioutput - Kompaktowy generator z wieloma wyj\u015bciami do ogrzewania indukcyjnego o wysokiej cz\u0119stotliwo\u015bci<\/title>\n<meta name=\"description\" content=\"Kompaktowy generator indukcyjny z 4 wyj\u015bciami do r\u00f3\u017cnych proces\u00f3w ogrzewania indukcyjnego: lutowania, spawania, ogrzewania, osadzania na wcisk itp\" \/>\n<meta name=\"robots\" content=\"index, follow, max-snippet:-1, max-image-preview:large, max-video-preview:-1\" \/>\n<link rel=\"canonical\" href=\"https:\/\/ghinduction.com\/pl-pl\/produkty-uslugi\/indukcyjne-systemy-grzewcze\/inkompac\/inkompac-multioutput\/\" \/>\n<meta property=\"og:locale\" content=\"pl_PL\" \/>\n<meta property=\"og:type\" content=\"article\" \/>\n<meta property=\"og:title\" content=\"InKompac Multioutput - Kompaktowy generator z wieloma wyj\u015bciami do ogrzewania indukcyjnego o wysokiej cz\u0119stotliwo\u015bci\" \/>\n<meta property=\"og:description\" content=\"Kompaktowy generator indukcyjny z 4 wyj\u015bciami do r\u00f3\u017cnych proces\u00f3w ogrzewania indukcyjnego: lutowania, spawania, ogrzewania, osadzania na wcisk itp\" \/>\n<meta property=\"og:url\" content=\"https:\/\/ghinduction.com\/pl-pl\/produkty-uslugi\/indukcyjne-systemy-grzewcze\/inkompac\/inkompac-multioutput\/\" \/>\n<meta property=\"og:site_name\" content=\"GH Induction Polska\" \/>\n<meta property=\"article:publisher\" content=\"https:\/\/www.facebook.com\/ghinductionheating\" \/>\n<meta property=\"article:modified_time\" content=\"2026-02-25T09:58:52+00:00\" \/>\n<meta name=\"twitter:card\" content=\"summary_large_image\" \/>\n<script type=\"application\/ld+json\" class=\"yoast-schema-graph\">{\"@context\":\"https:\\\/\\\/schema.org\",\"@graph\":[{\"@type\":\"WebPage\",\"@id\":\"https:\\\/\\\/ghinduction.com\\\/pl-pl\\\/produkty-uslugi\\\/indukcyjne-systemy-grzewcze\\\/inkompac\\\/inkompac-multioutput\\\/\",\"url\":\"https:\\\/\\\/ghinduction.com\\\/pl-pl\\\/produkty-uslugi\\\/indukcyjne-systemy-grzewcze\\\/inkompac\\\/inkompac-multioutput\\\/\",\"name\":\"InKompac Multioutput - Kompaktowy generator z wieloma wyj\u015bciami do ogrzewania indukcyjnego o wysokiej cz\u0119stotliwo\u015bci\",\"isPartOf\":{\"@id\":\"https:\\\/\\\/ghinduction.com\\\/pl-pl\\\/#website\"},\"datePublished\":\"2025-10-22T08:51:04+00:00\",\"dateModified\":\"2026-02-25T09:58:52+00:00\",\"description\":\"Kompaktowy generator indukcyjny z 4 wyj\u015bciami do r\u00f3\u017cnych proces\u00f3w ogrzewania indukcyjnego: lutowania, spawania, ogrzewania, osadzania na wcisk itp\",\"breadcrumb\":{\"@id\":\"https:\\\/\\\/ghinduction.com\\\/pl-pl\\\/produkty-uslugi\\\/indukcyjne-systemy-grzewcze\\\/inkompac\\\/inkompac-multioutput\\\/#breadcrumb\"},\"inLanguage\":\"pl\",\"potentialAction\":[{\"@type\":\"ReadAction\",\"target\":[\"https:\\\/\\\/ghinduction.com\\\/pl-pl\\\/produkty-uslugi\\\/indukcyjne-systemy-grzewcze\\\/inkompac\\\/inkompac-multioutput\\\/\"]}]},{\"@type\":\"BreadcrumbList\",\"@id\":\"https:\\\/\\\/ghinduction.com\\\/pl-pl\\\/produkty-uslugi\\\/indukcyjne-systemy-grzewcze\\\/inkompac\\\/inkompac-multioutput\\\/#breadcrumb\",\"itemListElement\":[{\"@type\":\"ListItem\",\"position\":1,\"name\":\"Home\",\"item\":\"https:\\\/\\\/ghinduction.com\\\/pl-pl\\\/\"},{\"@type\":\"ListItem\",\"position\":2,\"name\":\"Produkty i us\u0142ugi\",\"item\":\"https:\\\/\\\/ghinduction.com\\\/pl-pl\\\/produkty-uslugi\\\/\"},{\"@type\":\"ListItem\",\"position\":3,\"name\":\"Indukcyjne systemy grzewcze i generatory\",\"item\":\"https:\\\/\\\/ghinduction.com\\\/pl-pl\\\/produkty-uslugi\\\/indukcyjne-systemy-grzewcze\\\/\"},{\"@type\":\"ListItem\",\"position\":4,\"name\":\"Generatory indukcyjne inKompac\",\"item\":\"https:\\\/\\\/ghinduction.com\\\/pl-pl\\\/produkty-uslugi\\\/indukcyjne-systemy-grzewcze\\\/inkompac\\\/\"},{\"@type\":\"ListItem\",\"position\":5,\"name\":\"Generator wielowyj\u015bciowy inKompac\"}]},{\"@type\":\"WebSite\",\"@id\":\"https:\\\/\\\/ghinduction.com\\\/pl-pl\\\/#website\",\"url\":\"https:\\\/\\\/ghinduction.com\\\/pl-pl\\\/\",\"name\":\"GH Induction - Experts in Induction Heat Treatment and Induction Heating\",\"description\":\"GH Induction offers advanced induction heat treatment and heating solutions for various industrial applications. With over 60 years of experience, our innovative systems ensure efficiency and quality across diverse sectors globally.\",\"publisher\":{\"@id\":\"https:\\\/\\\/ghinduction.com\\\/pl-pl\\\/#organization\"},\"alternateName\":\"GH Induction\",\"potentialAction\":[{\"@type\":\"SearchAction\",\"target\":{\"@type\":\"EntryPoint\",\"urlTemplate\":\"https:\\\/\\\/ghinduction.com\\\/pl-pl\\\/?s={search_term_string}\"},\"query-input\":{\"@type\":\"PropertyValueSpecification\",\"valueRequired\":true,\"valueName\":\"search_term_string\"}}],\"inLanguage\":\"pl\"},{\"@type\":\"Organization\",\"@id\":\"https:\\\/\\\/ghinduction.com\\\/pl-pl\\\/#organization\",\"name\":\"GH Induction - Experts in Induction Heat Treatment and Induction Heating\",\"alternateName\":\"GH Induction\",\"url\":\"https:\\\/\\\/ghinduction.com\\\/pl-pl\\\/\",\"logo\":{\"@type\":\"ImageObject\",\"inLanguage\":\"pl\",\"@id\":\"https:\\\/\\\/ghinduction.com\\\/pl-pl\\\/#\\\/schema\\\/logo\\\/image\\\/\",\"url\":\"https:\\\/\\\/ghinduction.com\\\/wp-content\\\/uploads\\\/2024\\\/05\\\/logo-gh-induction.png\",\"contentUrl\":\"https:\\\/\\\/ghinduction.com\\\/wp-content\\\/uploads\\\/2024\\\/05\\\/logo-gh-induction.png\",\"width\":225,\"height\":225,\"caption\":\"GH Induction - Experts in Induction Heat Treatment and Induction Heating\"},\"image\":{\"@id\":\"https:\\\/\\\/ghinduction.com\\\/pl-pl\\\/#\\\/schema\\\/logo\\\/image\\\/\"},\"sameAs\":[\"https:\\\/\\\/www.facebook.com\\\/ghinductionheating\",\"https:\\\/\\\/www.linkedin.com\\\/company\\\/gh-induction\\\/\",\"https:\\\/\\\/www.youtube.com\\\/user\\\/GhInduction\"]}]}<\/script>\n<!-- \/ Yoast SEO plugin. -->","yoast_head_json":{"title":"InKompac Multioutput - Kompaktowy generator z wieloma wyj\u015bciami do ogrzewania indukcyjnego o wysokiej cz\u0119stotliwo\u015bci","description":"Kompaktowy generator indukcyjny z 4 wyj\u015bciami do r\u00f3\u017cnych proces\u00f3w ogrzewania indukcyjnego: lutowania, spawania, ogrzewania, osadzania na wcisk itp","robots":{"index":"index","follow":"follow","max-snippet":"max-snippet:-1","max-image-preview":"max-image-preview:large","max-video-preview":"max-video-preview:-1"},"canonical":"https:\/\/ghinduction.com\/pl-pl\/produkty-uslugi\/indukcyjne-systemy-grzewcze\/inkompac\/inkompac-multioutput\/","og_locale":"pl_PL","og_type":"article","og_title":"InKompac Multioutput - Kompaktowy generator z wieloma wyj\u015bciami do ogrzewania indukcyjnego o wysokiej cz\u0119stotliwo\u015bci","og_description":"Kompaktowy generator indukcyjny z 4 wyj\u015bciami do r\u00f3\u017cnych proces\u00f3w ogrzewania indukcyjnego: lutowania, spawania, ogrzewania, osadzania na wcisk itp","og_url":"https:\/\/ghinduction.com\/pl-pl\/produkty-uslugi\/indukcyjne-systemy-grzewcze\/inkompac\/inkompac-multioutput\/","og_site_name":"GH Induction Polska","article_publisher":"https:\/\/www.facebook.com\/ghinductionheating","article_modified_time":"2026-02-25T09:58:52+00:00","twitter_card":"summary_large_image","schema":{"@context":"https:\/\/schema.org","@graph":[{"@type":"WebPage","@id":"https:\/\/ghinduction.com\/pl-pl\/produkty-uslugi\/indukcyjne-systemy-grzewcze\/inkompac\/inkompac-multioutput\/","url":"https:\/\/ghinduction.com\/pl-pl\/produkty-uslugi\/indukcyjne-systemy-grzewcze\/inkompac\/inkompac-multioutput\/","name":"InKompac Multioutput - Kompaktowy generator z wieloma wyj\u015bciami do ogrzewania indukcyjnego o wysokiej cz\u0119stotliwo\u015bci","isPartOf":{"@id":"https:\/\/ghinduction.com\/pl-pl\/#website"},"datePublished":"2025-10-22T08:51:04+00:00","dateModified":"2026-02-25T09:58:52+00:00","description":"Kompaktowy generator indukcyjny z 4 wyj\u015bciami do r\u00f3\u017cnych proces\u00f3w ogrzewania indukcyjnego: lutowania, spawania, ogrzewania, osadzania na wcisk itp","breadcrumb":{"@id":"https:\/\/ghinduction.com\/pl-pl\/produkty-uslugi\/indukcyjne-systemy-grzewcze\/inkompac\/inkompac-multioutput\/#breadcrumb"},"inLanguage":"pl","potentialAction":[{"@type":"ReadAction","target":["https:\/\/ghinduction.com\/pl-pl\/produkty-uslugi\/indukcyjne-systemy-grzewcze\/inkompac\/inkompac-multioutput\/"]}]},{"@type":"BreadcrumbList","@id":"https:\/\/ghinduction.com\/pl-pl\/produkty-uslugi\/indukcyjne-systemy-grzewcze\/inkompac\/inkompac-multioutput\/#breadcrumb","itemListElement":[{"@type":"ListItem","position":1,"name":"Home","item":"https:\/\/ghinduction.com\/pl-pl\/"},{"@type":"ListItem","position":2,"name":"Produkty i us\u0142ugi","item":"https:\/\/ghinduction.com\/pl-pl\/produkty-uslugi\/"},{"@type":"ListItem","position":3,"name":"Indukcyjne systemy grzewcze i generatory","item":"https:\/\/ghinduction.com\/pl-pl\/produkty-uslugi\/indukcyjne-systemy-grzewcze\/"},{"@type":"ListItem","position":4,"name":"Generatory indukcyjne inKompac","item":"https:\/\/ghinduction.com\/pl-pl\/produkty-uslugi\/indukcyjne-systemy-grzewcze\/inkompac\/"},{"@type":"ListItem","position":5,"name":"Generator wielowyj\u015bciowy inKompac"}]},{"@type":"WebSite","@id":"https:\/\/ghinduction.com\/pl-pl\/#website","url":"https:\/\/ghinduction.com\/pl-pl\/","name":"GH Induction - Experts in Induction Heat Treatment and Induction Heating","description":"GH Induction offers advanced induction heat treatment and heating solutions for various industrial applications. With over 60 years of experience, our innovative systems ensure efficiency and quality across diverse sectors globally.","publisher":{"@id":"https:\/\/ghinduction.com\/pl-pl\/#organization"},"alternateName":"GH Induction","potentialAction":[{"@type":"SearchAction","target":{"@type":"EntryPoint","urlTemplate":"https:\/\/ghinduction.com\/pl-pl\/?s={search_term_string}"},"query-input":{"@type":"PropertyValueSpecification","valueRequired":true,"valueName":"search_term_string"}}],"inLanguage":"pl"},{"@type":"Organization","@id":"https:\/\/ghinduction.com\/pl-pl\/#organization","name":"GH Induction - Experts in Induction Heat Treatment and Induction Heating","alternateName":"GH Induction","url":"https:\/\/ghinduction.com\/pl-pl\/","logo":{"@type":"ImageObject","inLanguage":"pl","@id":"https:\/\/ghinduction.com\/pl-pl\/#\/schema\/logo\/image\/","url":"https:\/\/ghinduction.com\/wp-content\/uploads\/2024\/05\/logo-gh-induction.png","contentUrl":"https:\/\/ghinduction.com\/wp-content\/uploads\/2024\/05\/logo-gh-induction.png","width":225,"height":225,"caption":"GH Induction - Experts in Induction Heat Treatment and Induction Heating"},"image":{"@id":"https:\/\/ghinduction.com\/pl-pl\/#\/schema\/logo\/image\/"},"sameAs":["https:\/\/www.facebook.com\/ghinductionheating","https:\/\/www.linkedin.com\/company\/gh-induction\/","https:\/\/www.youtube.com\/user\/GhInduction"]}]}},"_links":{"self":[{"href":"https:\/\/ghinduction.com\/pl-pl\/wp-json\/wp\/v2\/pages\/63976","targetHints":{"allow":["GET"]}}],"collection":[{"href":"https:\/\/ghinduction.com\/pl-pl\/wp-json\/wp\/v2\/pages"}],"about":[{"href":"https:\/\/ghinduction.com\/pl-pl\/wp-json\/wp\/v2\/types\/page"}],"author":[{"embeddable":true,"href":"https:\/\/ghinduction.com\/pl-pl\/wp-json\/wp\/v2\/users\/4"}],"replies":[{"embeddable":true,"href":"https:\/\/ghinduction.com\/pl-pl\/wp-json\/wp\/v2\/comments?post=63976"}],"version-history":[{"count":4,"href":"https:\/\/ghinduction.com\/pl-pl\/wp-json\/wp\/v2\/pages\/63976\/revisions"}],"predecessor-version":[{"id":64999,"href":"https:\/\/ghinduction.com\/pl-pl\/wp-json\/wp\/v2\/pages\/63976\/revisions\/64999"}],"up":[{"embeddable":true,"href":"https:\/\/ghinduction.com\/pl-pl\/wp-json\/wp\/v2\/pages\/64021"}],"wp:attachment":[{"href":"https:\/\/ghinduction.com\/pl-pl\/wp-json\/wp\/v2\/media?parent=63976"}],"wp:term":[{"taxonomy":"industry","embeddable":true,"href":"https:\/\/ghinduction.com\/pl-pl\/wp-json\/wp\/v2\/industry?post=63976"},{"taxonomy":"processes","embeddable":true,"href":"https:\/\/ghinduction.com\/pl-pl\/wp-json\/wp\/v2\/processes?post=63976"},{"taxonomy":"solutions","embeddable":true,"href":"https:\/\/ghinduction.com\/pl-pl\/wp-json\/wp\/v2\/solutions?post=63976"}],"curies":[{"name":"wp","href":"https:\/\/api.w.org\/{rel}","templated":true}]}}