{"id":22215,"date":"2023-01-09T09:02:25","date_gmt":"2023-01-09T09:02:25","guid":{"rendered":"https:\/\/ghinduction.com\/brasagem\/"},"modified":"2026-02-26T14:02:15","modified_gmt":"2026-02-26T14:02:15","slug":"brasagem","status":"publish","type":"page","link":"https:\/\/ghinduction.com\/pt-br\/solucoes\/processos\/montagem-juncao\/brasagem\/","title":{"rendered":"Brasagem"},"content":{"rendered":"","protected":false},"excerpt":{"rendered":"","protected":false},"author":1,"featured_media":15171,"parent":24575,"menu_order":35,"comment_status":"closed","ping_status":"closed","template":"","meta":{"_acf_changed":false,"footnotes":""},"industry":[],"processes":[],"solutions":[],"class_list":["post-22215","page","type-page","status-publish","has-post-thumbnail","hentry"],"acf":[],"yoast_head":"<!-- This site is optimized with the Yoast SEO plugin v27.3 - https:\/\/yoast.com\/product\/yoast-seo-wordpress\/ -->\n<title>Brasagem por indu\u00e7\u00e3o - GH Induction Brasil<\/title>\n<meta name=\"description\" content=\"Brasagem por indu\u00e7\u00e3o garante uni\u00e3o resistente com aquecimento preciso, menor consumo de energia e ciclos r\u00e1pidos. Ideal para produ\u00e7\u00e3o em s\u00e9rie e diferentes materiais.\" \/>\n<meta name=\"robots\" content=\"index, follow, max-snippet:-1, max-image-preview:large, max-video-preview:-1\" \/>\n<link rel=\"canonical\" href=\"https:\/\/ghinduction.com\/pt-br\/solucoes\/processos\/montagem-juncao\/brasagem\/\" \/>\n<meta property=\"og:locale\" content=\"pt_BR\" \/>\n<meta property=\"og:type\" content=\"article\" \/>\n<meta property=\"og:title\" content=\"Brasagem por indu\u00e7\u00e3o - GH Induction Brasil\" \/>\n<meta property=\"og:description\" content=\"Brasagem por indu\u00e7\u00e3o garante uni\u00e3o resistente com aquecimento preciso, menor consumo de energia e ciclos r\u00e1pidos. Ideal para produ\u00e7\u00e3o em s\u00e9rie e diferentes materiais.\" \/>\n<meta property=\"og:url\" content=\"https:\/\/ghinduction.com\/pt-br\/solucoes\/processos\/montagem-juncao\/brasagem\/\" \/>\n<meta property=\"og:site_name\" content=\"GH Induction Brasil\" \/>\n<meta property=\"article:publisher\" content=\"https:\/\/www.facebook.com\/ghinductionheating\" \/>\n<meta property=\"article:modified_time\" content=\"2026-02-26T14:02:15+00:00\" \/>\n<meta property=\"og:image\" content=\"https:\/\/ghinduction.com\/wp-content\/uploads\/2023\/04\/Process_brazing_carbide-insert_3420_opt.jpg\" \/>\n\t<meta property=\"og:image:width\" content=\"1200\" \/>\n\t<meta property=\"og:image:height\" content=\"800\" \/>\n\t<meta property=\"og:image:type\" content=\"image\/jpeg\" \/>\n<meta name=\"twitter:card\" content=\"summary_large_image\" \/>\n<meta name=\"twitter:label1\" content=\"Est. tempo de leitura\" \/>\n\t<meta name=\"twitter:data1\" content=\"1 minuto\" \/>\n<script type=\"application\/ld+json\" class=\"yoast-schema-graph\">{\"@context\":\"https:\\\/\\\/schema.org\",\"@graph\":[{\"@type\":\"WebPage\",\"@id\":\"https:\\\/\\\/ghinduction.com\\\/pt-br\\\/solucoes\\\/processos\\\/montagem-juncao\\\/brasagem\\\/\",\"url\":\"https:\\\/\\\/ghinduction.com\\\/pt-br\\\/solucoes\\\/processos\\\/montagem-juncao\\\/brasagem\\\/\",\"name\":\"Brasagem por indu\u00e7\u00e3o - GH Induction Brasil\",\"isPartOf\":{\"@id\":\"https:\\\/\\\/ghinduction.com\\\/pt-br\\\/#website\"},\"primaryImageOfPage\":{\"@id\":\"https:\\\/\\\/ghinduction.com\\\/pt-br\\\/solucoes\\\/processos\\\/montagem-juncao\\\/brasagem\\\/#primaryimage\"},\"image\":{\"@id\":\"https:\\\/\\\/ghinduction.com\\\/pt-br\\\/solucoes\\\/processos\\\/montagem-juncao\\\/brasagem\\\/#primaryimage\"},\"thumbnailUrl\":\"https:\\\/\\\/ghinduction.com\\\/wp-content\\\/uploads\\\/2023\\\/04\\\/Process_brazing_carbide-insert_3420_opt.jpg\",\"datePublished\":\"2023-01-09T09:02:25+00:00\",\"dateModified\":\"2026-02-26T14:02:15+00:00\",\"description\":\"Brasagem por indu\u00e7\u00e3o garante uni\u00e3o resistente com aquecimento preciso, menor consumo de energia e ciclos r\u00e1pidos. Ideal para produ\u00e7\u00e3o em s\u00e9rie e diferentes materiais.\",\"breadcrumb\":{\"@id\":\"https:\\\/\\\/ghinduction.com\\\/pt-br\\\/solucoes\\\/processos\\\/montagem-juncao\\\/brasagem\\\/#breadcrumb\"},\"inLanguage\":\"pt-BR\",\"potentialAction\":[{\"@type\":\"ReadAction\",\"target\":[\"https:\\\/\\\/ghinduction.com\\\/pt-br\\\/solucoes\\\/processos\\\/montagem-juncao\\\/brasagem\\\/\"]}]},{\"@type\":\"ImageObject\",\"inLanguage\":\"pt-BR\",\"@id\":\"https:\\\/\\\/ghinduction.com\\\/pt-br\\\/solucoes\\\/processos\\\/montagem-juncao\\\/brasagem\\\/#primaryimage\",\"url\":\"https:\\\/\\\/ghinduction.com\\\/wp-content\\\/uploads\\\/2023\\\/04\\\/Process_brazing_carbide-insert_3420_opt.jpg\",\"contentUrl\":\"https:\\\/\\\/ghinduction.com\\\/wp-content\\\/uploads\\\/2023\\\/04\\\/Process_brazing_carbide-insert_3420_opt.jpg\",\"width\":1200,\"height\":800,\"caption\":\"Brasagem de pastilhas de metal duro usando um sistema de indu\u00e7\u00e3o de alta efici\u00eancia energ\u00e9tica\"},{\"@type\":\"BreadcrumbList\",\"@id\":\"https:\\\/\\\/ghinduction.com\\\/pt-br\\\/solucoes\\\/processos\\\/montagem-juncao\\\/brasagem\\\/#breadcrumb\",\"itemListElement\":[{\"@type\":\"ListItem\",\"position\":1,\"name\":\"Home\",\"item\":\"https:\\\/\\\/ghinduction.com\\\/pt-br\\\/\"},{\"@type\":\"ListItem\",\"position\":2,\"name\":\"Solu\u00e7\u00f5es\",\"item\":\"https:\\\/\\\/ghinduction.com\\\/pt-br\\\/solucoes\\\/\"},{\"@type\":\"ListItem\",\"position\":3,\"name\":\"Processos\",\"item\":\"https:\\\/\\\/ghinduction.com\\\/pt-br\\\/solucoes\\\/processos\\\/\"},{\"@type\":\"ListItem\",\"position\":4,\"name\":\"Montagem \\\/ Jun\u00e7\u00e3o\",\"item\":\"https:\\\/\\\/ghinduction.com\\\/pt-br\\\/solucoes\\\/processos\\\/montagem-juncao\\\/\"},{\"@type\":\"ListItem\",\"position\":5,\"name\":\"Brasagem\"}]},{\"@type\":\"WebSite\",\"@id\":\"https:\\\/\\\/ghinduction.com\\\/pt-br\\\/#website\",\"url\":\"https:\\\/\\\/ghinduction.com\\\/pt-br\\\/\",\"name\":\"GH Induction - Experts in Induction Heat Treatment and Induction Heating\",\"description\":\"GH Induction offers advanced induction heat treatment and heating solutions for various industrial applications. With over 60 years of experience, our innovative systems ensure efficiency and quality across diverse sectors globally.\",\"publisher\":{\"@id\":\"https:\\\/\\\/ghinduction.com\\\/pt-br\\\/#organization\"},\"alternateName\":\"GH Induction\",\"potentialAction\":[{\"@type\":\"SearchAction\",\"target\":{\"@type\":\"EntryPoint\",\"urlTemplate\":\"https:\\\/\\\/ghinduction.com\\\/pt-br\\\/?s={search_term_string}\"},\"query-input\":{\"@type\":\"PropertyValueSpecification\",\"valueRequired\":true,\"valueName\":\"search_term_string\"}}],\"inLanguage\":\"pt-BR\"},{\"@type\":\"Organization\",\"@id\":\"https:\\\/\\\/ghinduction.com\\\/pt-br\\\/#organization\",\"name\":\"GH Induction - Experts in Induction Heat Treatment and Induction Heating\",\"alternateName\":\"GH Induction\",\"url\":\"https:\\\/\\\/ghinduction.com\\\/pt-br\\\/\",\"logo\":{\"@type\":\"ImageObject\",\"inLanguage\":\"pt-BR\",\"@id\":\"https:\\\/\\\/ghinduction.com\\\/pt-br\\\/#\\\/schema\\\/logo\\\/image\\\/\",\"url\":\"https:\\\/\\\/ghinduction.com\\\/wp-content\\\/uploads\\\/2024\\\/05\\\/logo-gh-induction.png\",\"contentUrl\":\"https:\\\/\\\/ghinduction.com\\\/wp-content\\\/uploads\\\/2024\\\/05\\\/logo-gh-induction.png\",\"width\":225,\"height\":225,\"caption\":\"GH Induction - Experts in Induction Heat Treatment and Induction Heating\"},\"image\":{\"@id\":\"https:\\\/\\\/ghinduction.com\\\/pt-br\\\/#\\\/schema\\\/logo\\\/image\\\/\"},\"sameAs\":[\"https:\\\/\\\/www.facebook.com\\\/ghinductionheating\",\"https:\\\/\\\/www.linkedin.com\\\/company\\\/gh-induction\\\/\",\"https:\\\/\\\/www.youtube.com\\\/user\\\/GhInduction\"]}]}<\/script>\n<!-- \/ Yoast SEO plugin. -->","yoast_head_json":{"title":"Brasagem por indu\u00e7\u00e3o - GH Induction Brasil","description":"Brasagem por indu\u00e7\u00e3o garante uni\u00e3o resistente com aquecimento preciso, menor consumo de energia e ciclos r\u00e1pidos. Ideal para produ\u00e7\u00e3o em s\u00e9rie e diferentes materiais.","robots":{"index":"index","follow":"follow","max-snippet":"max-snippet:-1","max-image-preview":"max-image-preview:large","max-video-preview":"max-video-preview:-1"},"canonical":"https:\/\/ghinduction.com\/pt-br\/solucoes\/processos\/montagem-juncao\/brasagem\/","og_locale":"pt_BR","og_type":"article","og_title":"Brasagem por indu\u00e7\u00e3o - GH Induction Brasil","og_description":"Brasagem por indu\u00e7\u00e3o garante uni\u00e3o resistente com aquecimento preciso, menor consumo de energia e ciclos r\u00e1pidos. Ideal para produ\u00e7\u00e3o em s\u00e9rie e diferentes materiais.","og_url":"https:\/\/ghinduction.com\/pt-br\/solucoes\/processos\/montagem-juncao\/brasagem\/","og_site_name":"GH Induction Brasil","article_publisher":"https:\/\/www.facebook.com\/ghinductionheating","article_modified_time":"2026-02-26T14:02:15+00:00","og_image":[{"width":1200,"height":800,"url":"https:\/\/ghinduction.com\/wp-content\/uploads\/2023\/04\/Process_brazing_carbide-insert_3420_opt.jpg","type":"image\/jpeg"}],"twitter_card":"summary_large_image","twitter_misc":{"Est. tempo de leitura":"1 minuto"},"schema":{"@context":"https:\/\/schema.org","@graph":[{"@type":"WebPage","@id":"https:\/\/ghinduction.com\/pt-br\/solucoes\/processos\/montagem-juncao\/brasagem\/","url":"https:\/\/ghinduction.com\/pt-br\/solucoes\/processos\/montagem-juncao\/brasagem\/","name":"Brasagem por indu\u00e7\u00e3o - GH Induction Brasil","isPartOf":{"@id":"https:\/\/ghinduction.com\/pt-br\/#website"},"primaryImageOfPage":{"@id":"https:\/\/ghinduction.com\/pt-br\/solucoes\/processos\/montagem-juncao\/brasagem\/#primaryimage"},"image":{"@id":"https:\/\/ghinduction.com\/pt-br\/solucoes\/processos\/montagem-juncao\/brasagem\/#primaryimage"},"thumbnailUrl":"https:\/\/ghinduction.com\/wp-content\/uploads\/2023\/04\/Process_brazing_carbide-insert_3420_opt.jpg","datePublished":"2023-01-09T09:02:25+00:00","dateModified":"2026-02-26T14:02:15+00:00","description":"Brasagem por indu\u00e7\u00e3o garante uni\u00e3o resistente com aquecimento preciso, menor consumo de energia e ciclos r\u00e1pidos. Ideal para produ\u00e7\u00e3o em s\u00e9rie e diferentes materiais.","breadcrumb":{"@id":"https:\/\/ghinduction.com\/pt-br\/solucoes\/processos\/montagem-juncao\/brasagem\/#breadcrumb"},"inLanguage":"pt-BR","potentialAction":[{"@type":"ReadAction","target":["https:\/\/ghinduction.com\/pt-br\/solucoes\/processos\/montagem-juncao\/brasagem\/"]}]},{"@type":"ImageObject","inLanguage":"pt-BR","@id":"https:\/\/ghinduction.com\/pt-br\/solucoes\/processos\/montagem-juncao\/brasagem\/#primaryimage","url":"https:\/\/ghinduction.com\/wp-content\/uploads\/2023\/04\/Process_brazing_carbide-insert_3420_opt.jpg","contentUrl":"https:\/\/ghinduction.com\/wp-content\/uploads\/2023\/04\/Process_brazing_carbide-insert_3420_opt.jpg","width":1200,"height":800,"caption":"Brasagem de pastilhas de metal duro usando um sistema de indu\u00e7\u00e3o de alta efici\u00eancia energ\u00e9tica"},{"@type":"BreadcrumbList","@id":"https:\/\/ghinduction.com\/pt-br\/solucoes\/processos\/montagem-juncao\/brasagem\/#breadcrumb","itemListElement":[{"@type":"ListItem","position":1,"name":"Home","item":"https:\/\/ghinduction.com\/pt-br\/"},{"@type":"ListItem","position":2,"name":"Solu\u00e7\u00f5es","item":"https:\/\/ghinduction.com\/pt-br\/solucoes\/"},{"@type":"ListItem","position":3,"name":"Processos","item":"https:\/\/ghinduction.com\/pt-br\/solucoes\/processos\/"},{"@type":"ListItem","position":4,"name":"Montagem \/ Jun\u00e7\u00e3o","item":"https:\/\/ghinduction.com\/pt-br\/solucoes\/processos\/montagem-juncao\/"},{"@type":"ListItem","position":5,"name":"Brasagem"}]},{"@type":"WebSite","@id":"https:\/\/ghinduction.com\/pt-br\/#website","url":"https:\/\/ghinduction.com\/pt-br\/","name":"GH Induction - Experts in Induction Heat Treatment and Induction Heating","description":"GH Induction offers advanced induction heat treatment and heating solutions for various industrial applications. With over 60 years of experience, our innovative systems ensure efficiency and quality across diverse sectors globally.","publisher":{"@id":"https:\/\/ghinduction.com\/pt-br\/#organization"},"alternateName":"GH Induction","potentialAction":[{"@type":"SearchAction","target":{"@type":"EntryPoint","urlTemplate":"https:\/\/ghinduction.com\/pt-br\/?s={search_term_string}"},"query-input":{"@type":"PropertyValueSpecification","valueRequired":true,"valueName":"search_term_string"}}],"inLanguage":"pt-BR"},{"@type":"Organization","@id":"https:\/\/ghinduction.com\/pt-br\/#organization","name":"GH Induction - Experts in Induction Heat Treatment and Induction Heating","alternateName":"GH Induction","url":"https:\/\/ghinduction.com\/pt-br\/","logo":{"@type":"ImageObject","inLanguage":"pt-BR","@id":"https:\/\/ghinduction.com\/pt-br\/#\/schema\/logo\/image\/","url":"https:\/\/ghinduction.com\/wp-content\/uploads\/2024\/05\/logo-gh-induction.png","contentUrl":"https:\/\/ghinduction.com\/wp-content\/uploads\/2024\/05\/logo-gh-induction.png","width":225,"height":225,"caption":"GH Induction - Experts in Induction Heat Treatment and Induction Heating"},"image":{"@id":"https:\/\/ghinduction.com\/pt-br\/#\/schema\/logo\/image\/"},"sameAs":["https:\/\/www.facebook.com\/ghinductionheating","https:\/\/www.linkedin.com\/company\/gh-induction\/","https:\/\/www.youtube.com\/user\/GhInduction"]}]}},"_links":{"self":[{"href":"https:\/\/ghinduction.com\/pt-br\/wp-json\/wp\/v2\/pages\/22215","targetHints":{"allow":["GET"]}}],"collection":[{"href":"https:\/\/ghinduction.com\/pt-br\/wp-json\/wp\/v2\/pages"}],"about":[{"href":"https:\/\/ghinduction.com\/pt-br\/wp-json\/wp\/v2\/types\/page"}],"author":[{"embeddable":true,"href":"https:\/\/ghinduction.com\/pt-br\/wp-json\/wp\/v2\/users\/1"}],"replies":[{"embeddable":true,"href":"https:\/\/ghinduction.com\/pt-br\/wp-json\/wp\/v2\/comments?post=22215"}],"version-history":[{"count":3,"href":"https:\/\/ghinduction.com\/pt-br\/wp-json\/wp\/v2\/pages\/22215\/revisions"}],"predecessor-version":[{"id":66317,"href":"https:\/\/ghinduction.com\/pt-br\/wp-json\/wp\/v2\/pages\/22215\/revisions\/66317"}],"up":[{"embeddable":true,"href":"https:\/\/ghinduction.com\/pt-br\/wp-json\/wp\/v2\/pages\/24575"}],"wp:featuredmedia":[{"embeddable":true,"href":"https:\/\/ghinduction.com\/pt-br\/wp-json\/wp\/v2\/media\/15171"}],"wp:attachment":[{"href":"https:\/\/ghinduction.com\/pt-br\/wp-json\/wp\/v2\/media?parent=22215"}],"wp:term":[{"taxonomy":"industry","embeddable":true,"href":"https:\/\/ghinduction.com\/pt-br\/wp-json\/wp\/v2\/industry?post=22215"},{"taxonomy":"processes","embeddable":true,"href":"https:\/\/ghinduction.com\/pt-br\/wp-json\/wp\/v2\/processes?post=22215"},{"taxonomy":"solutions","embeddable":true,"href":"https:\/\/ghinduction.com\/pt-br\/wp-json\/wp\/v2\/solutions?post=22215"}],"curies":[{"name":"wp","href":"https:\/\/api.w.org\/{rel}","templated":true}]}}