{"id":22255,"date":"2023-01-09T09:02:23","date_gmt":"2023-01-09T09:02:23","guid":{"rendered":"https:\/\/ghinduction.com\/revenimento\/"},"modified":"2026-02-26T12:47:35","modified_gmt":"2026-02-26T12:47:35","slug":"revenimento","status":"publish","type":"page","link":"https:\/\/ghinduction.com\/pt-br\/solucoes\/processos\/tratamento-termico\/revenimento\/","title":{"rendered":"Revenimento por indu\u00e7\u00e3o"},"content":{"rendered":"<p>Ajuste de dureza e aumento de tenacidade com <strong>revenimento por indu\u00e7\u00e3o<\/strong>.<\/p>\n","protected":false},"excerpt":{"rendered":"<p>Ajuste de dureza e aumento de tenacidade com revenimento por indu\u00e7\u00e3o.<\/p>\n","protected":false},"author":1,"featured_media":3346,"parent":24509,"menu_order":31,"comment_status":"closed","ping_status":"closed","template":"","meta":{"_acf_changed":false,"footnotes":""},"industry":[],"processes":[],"solutions":[],"class_list":["post-22255","page","type-page","status-publish","has-post-thumbnail","hentry"],"acf":[],"yoast_head":"<!-- This site is optimized with the Yoast SEO plugin v27.3 - https:\/\/yoast.com\/product\/yoast-seo-wordpress\/ -->\n<title>Revenimento por Indu\u00e7\u00e3o | Tratamento t\u00e9rmico GH Induction Brasil<\/title>\n<meta name=\"description\" content=\"O revenimento por indu\u00e7\u00e3o \u00e9 um processo que melhora o desempenho das pe\u00e7as ap\u00f3s a t\u00eampera, trazendo mais equil\u00edbrio entre dureza e resist\u00eancia.\" \/>\n<meta name=\"robots\" content=\"index, follow, max-snippet:-1, max-image-preview:large, max-video-preview:-1\" \/>\n<link rel=\"canonical\" href=\"https:\/\/ghinduction.com\/pt-br\/solucoes\/processos\/tratamento-termico\/revenimento\/\" \/>\n<meta property=\"og:locale\" content=\"pt_BR\" \/>\n<meta property=\"og:type\" content=\"article\" \/>\n<meta property=\"og:title\" content=\"Revenimento por Indu\u00e7\u00e3o | Tratamento t\u00e9rmico GH Induction Brasil\" \/>\n<meta property=\"og:description\" content=\"O revenimento por indu\u00e7\u00e3o \u00e9 um processo que melhora o desempenho das pe\u00e7as ap\u00f3s a t\u00eampera, trazendo mais equil\u00edbrio entre dureza e resist\u00eancia.\" \/>\n<meta property=\"og:url\" content=\"https:\/\/ghinduction.com\/pt-br\/solucoes\/processos\/tratamento-termico\/revenimento\/\" \/>\n<meta property=\"og:site_name\" content=\"GH Induction Brasil\" \/>\n<meta property=\"article:publisher\" content=\"https:\/\/www.facebook.com\/ghinductionheating\" \/>\n<meta property=\"article:modified_time\" content=\"2026-02-26T12:47:35+00:00\" \/>\n<meta property=\"og:image\" content=\"https:\/\/ghinduction.com\/wp-content\/uploads\/2023\/02\/Process_Tempering_3557-006.jpg\" \/>\n\t<meta property=\"og:image:width\" content=\"1149\" \/>\n\t<meta property=\"og:image:height\" content=\"747\" \/>\n\t<meta property=\"og:image:type\" content=\"image\/jpeg\" \/>\n<meta name=\"twitter:card\" content=\"summary_large_image\" \/>\n<meta name=\"twitter:label1\" content=\"Est. tempo de leitura\" \/>\n\t<meta name=\"twitter:data1\" content=\"1 minuto\" \/>\n<script type=\"application\/ld+json\" class=\"yoast-schema-graph\">{\"@context\":\"https:\\\/\\\/schema.org\",\"@graph\":[{\"@type\":\"WebPage\",\"@id\":\"https:\\\/\\\/ghinduction.com\\\/pt-br\\\/solucoes\\\/processos\\\/tratamento-termico\\\/revenimento\\\/\",\"url\":\"https:\\\/\\\/ghinduction.com\\\/pt-br\\\/solucoes\\\/processos\\\/tratamento-termico\\\/revenimento\\\/\",\"name\":\"Revenimento por Indu\u00e7\u00e3o | Tratamento t\u00e9rmico GH Induction Brasil\",\"isPartOf\":{\"@id\":\"https:\\\/\\\/ghinduction.com\\\/pt-br\\\/#website\"},\"primaryImageOfPage\":{\"@id\":\"https:\\\/\\\/ghinduction.com\\\/pt-br\\\/solucoes\\\/processos\\\/tratamento-termico\\\/revenimento\\\/#primaryimage\"},\"image\":{\"@id\":\"https:\\\/\\\/ghinduction.com\\\/pt-br\\\/solucoes\\\/processos\\\/tratamento-termico\\\/revenimento\\\/#primaryimage\"},\"thumbnailUrl\":\"https:\\\/\\\/ghinduction.com\\\/wp-content\\\/uploads\\\/2023\\\/02\\\/Process_Tempering_3557-006.jpg\",\"datePublished\":\"2023-01-09T09:02:23+00:00\",\"dateModified\":\"2026-02-26T12:47:35+00:00\",\"description\":\"O revenimento por indu\u00e7\u00e3o \u00e9 um processo que melhora o desempenho das pe\u00e7as ap\u00f3s a t\u00eampera, trazendo mais equil\u00edbrio entre dureza e resist\u00eancia.\",\"breadcrumb\":{\"@id\":\"https:\\\/\\\/ghinduction.com\\\/pt-br\\\/solucoes\\\/processos\\\/tratamento-termico\\\/revenimento\\\/#breadcrumb\"},\"inLanguage\":\"pt-BR\",\"potentialAction\":[{\"@type\":\"ReadAction\",\"target\":[\"https:\\\/\\\/ghinduction.com\\\/pt-br\\\/solucoes\\\/processos\\\/tratamento-termico\\\/revenimento\\\/\"]}]},{\"@type\":\"ImageObject\",\"inLanguage\":\"pt-BR\",\"@id\":\"https:\\\/\\\/ghinduction.com\\\/pt-br\\\/solucoes\\\/processos\\\/tratamento-termico\\\/revenimento\\\/#primaryimage\",\"url\":\"https:\\\/\\\/ghinduction.com\\\/wp-content\\\/uploads\\\/2023\\\/02\\\/Process_Tempering_3557-006.jpg\",\"contentUrl\":\"https:\\\/\\\/ghinduction.com\\\/wp-content\\\/uploads\\\/2023\\\/02\\\/Process_Tempering_3557-006.jpg\",\"width\":1149,\"height\":747,\"caption\":\"Tempering of gears\"},{\"@type\":\"BreadcrumbList\",\"@id\":\"https:\\\/\\\/ghinduction.com\\\/pt-br\\\/solucoes\\\/processos\\\/tratamento-termico\\\/revenimento\\\/#breadcrumb\",\"itemListElement\":[{\"@type\":\"ListItem\",\"position\":1,\"name\":\"Home\",\"item\":\"https:\\\/\\\/ghinduction.com\\\/pt-br\\\/\"},{\"@type\":\"ListItem\",\"position\":2,\"name\":\"Solu\u00e7\u00f5es\",\"item\":\"https:\\\/\\\/ghinduction.com\\\/pt-br\\\/solucoes\\\/\"},{\"@type\":\"ListItem\",\"position\":3,\"name\":\"Processos\",\"item\":\"https:\\\/\\\/ghinduction.com\\\/pt-br\\\/solucoes\\\/processos\\\/\"},{\"@type\":\"ListItem\",\"position\":4,\"name\":\"Tratamento t\u00e9rmico\",\"item\":\"https:\\\/\\\/ghinduction.com\\\/pt-br\\\/solucoes\\\/processos\\\/tratamento-termico\\\/\"},{\"@type\":\"ListItem\",\"position\":5,\"name\":\"Revenimento por indu\u00e7\u00e3o\"}]},{\"@type\":\"WebSite\",\"@id\":\"https:\\\/\\\/ghinduction.com\\\/pt-br\\\/#website\",\"url\":\"https:\\\/\\\/ghinduction.com\\\/pt-br\\\/\",\"name\":\"GH Induction - Experts in Induction Heat Treatment and Induction Heating\",\"description\":\"GH Induction offers advanced induction heat treatment and heating solutions for various industrial applications. With over 60 years of experience, our innovative systems ensure efficiency and quality across diverse sectors globally.\",\"publisher\":{\"@id\":\"https:\\\/\\\/ghinduction.com\\\/pt-br\\\/#organization\"},\"alternateName\":\"GH Induction\",\"potentialAction\":[{\"@type\":\"SearchAction\",\"target\":{\"@type\":\"EntryPoint\",\"urlTemplate\":\"https:\\\/\\\/ghinduction.com\\\/pt-br\\\/?s={search_term_string}\"},\"query-input\":{\"@type\":\"PropertyValueSpecification\",\"valueRequired\":true,\"valueName\":\"search_term_string\"}}],\"inLanguage\":\"pt-BR\"},{\"@type\":\"Organization\",\"@id\":\"https:\\\/\\\/ghinduction.com\\\/pt-br\\\/#organization\",\"name\":\"GH Induction - Experts in Induction Heat Treatment and Induction Heating\",\"alternateName\":\"GH Induction\",\"url\":\"https:\\\/\\\/ghinduction.com\\\/pt-br\\\/\",\"logo\":{\"@type\":\"ImageObject\",\"inLanguage\":\"pt-BR\",\"@id\":\"https:\\\/\\\/ghinduction.com\\\/pt-br\\\/#\\\/schema\\\/logo\\\/image\\\/\",\"url\":\"https:\\\/\\\/ghinduction.com\\\/wp-content\\\/uploads\\\/2024\\\/05\\\/logo-gh-induction.png\",\"contentUrl\":\"https:\\\/\\\/ghinduction.com\\\/wp-content\\\/uploads\\\/2024\\\/05\\\/logo-gh-induction.png\",\"width\":225,\"height\":225,\"caption\":\"GH Induction - Experts in Induction Heat Treatment and Induction Heating\"},\"image\":{\"@id\":\"https:\\\/\\\/ghinduction.com\\\/pt-br\\\/#\\\/schema\\\/logo\\\/image\\\/\"},\"sameAs\":[\"https:\\\/\\\/www.facebook.com\\\/ghinductionheating\",\"https:\\\/\\\/www.linkedin.com\\\/company\\\/gh-induction\\\/\",\"https:\\\/\\\/www.youtube.com\\\/user\\\/GhInduction\"]}]}<\/script>\n<!-- \/ Yoast SEO plugin. -->","yoast_head_json":{"title":"Revenimento por Indu\u00e7\u00e3o | Tratamento t\u00e9rmico GH Induction Brasil","description":"O revenimento por indu\u00e7\u00e3o \u00e9 um processo que melhora o desempenho das pe\u00e7as ap\u00f3s a t\u00eampera, trazendo mais equil\u00edbrio entre dureza e resist\u00eancia.","robots":{"index":"index","follow":"follow","max-snippet":"max-snippet:-1","max-image-preview":"max-image-preview:large","max-video-preview":"max-video-preview:-1"},"canonical":"https:\/\/ghinduction.com\/pt-br\/solucoes\/processos\/tratamento-termico\/revenimento\/","og_locale":"pt_BR","og_type":"article","og_title":"Revenimento por Indu\u00e7\u00e3o | Tratamento t\u00e9rmico GH Induction Brasil","og_description":"O revenimento por indu\u00e7\u00e3o \u00e9 um processo que melhora o desempenho das pe\u00e7as ap\u00f3s a t\u00eampera, trazendo mais equil\u00edbrio entre dureza e resist\u00eancia.","og_url":"https:\/\/ghinduction.com\/pt-br\/solucoes\/processos\/tratamento-termico\/revenimento\/","og_site_name":"GH Induction Brasil","article_publisher":"https:\/\/www.facebook.com\/ghinductionheating","article_modified_time":"2026-02-26T12:47:35+00:00","og_image":[{"width":1149,"height":747,"url":"https:\/\/ghinduction.com\/wp-content\/uploads\/2023\/02\/Process_Tempering_3557-006.jpg","type":"image\/jpeg"}],"twitter_card":"summary_large_image","twitter_misc":{"Est. tempo de leitura":"1 minuto"},"schema":{"@context":"https:\/\/schema.org","@graph":[{"@type":"WebPage","@id":"https:\/\/ghinduction.com\/pt-br\/solucoes\/processos\/tratamento-termico\/revenimento\/","url":"https:\/\/ghinduction.com\/pt-br\/solucoes\/processos\/tratamento-termico\/revenimento\/","name":"Revenimento por Indu\u00e7\u00e3o | Tratamento t\u00e9rmico GH Induction Brasil","isPartOf":{"@id":"https:\/\/ghinduction.com\/pt-br\/#website"},"primaryImageOfPage":{"@id":"https:\/\/ghinduction.com\/pt-br\/solucoes\/processos\/tratamento-termico\/revenimento\/#primaryimage"},"image":{"@id":"https:\/\/ghinduction.com\/pt-br\/solucoes\/processos\/tratamento-termico\/revenimento\/#primaryimage"},"thumbnailUrl":"https:\/\/ghinduction.com\/wp-content\/uploads\/2023\/02\/Process_Tempering_3557-006.jpg","datePublished":"2023-01-09T09:02:23+00:00","dateModified":"2026-02-26T12:47:35+00:00","description":"O revenimento por indu\u00e7\u00e3o \u00e9 um processo que melhora o desempenho das pe\u00e7as ap\u00f3s a t\u00eampera, trazendo mais equil\u00edbrio entre dureza e resist\u00eancia.","breadcrumb":{"@id":"https:\/\/ghinduction.com\/pt-br\/solucoes\/processos\/tratamento-termico\/revenimento\/#breadcrumb"},"inLanguage":"pt-BR","potentialAction":[{"@type":"ReadAction","target":["https:\/\/ghinduction.com\/pt-br\/solucoes\/processos\/tratamento-termico\/revenimento\/"]}]},{"@type":"ImageObject","inLanguage":"pt-BR","@id":"https:\/\/ghinduction.com\/pt-br\/solucoes\/processos\/tratamento-termico\/revenimento\/#primaryimage","url":"https:\/\/ghinduction.com\/wp-content\/uploads\/2023\/02\/Process_Tempering_3557-006.jpg","contentUrl":"https:\/\/ghinduction.com\/wp-content\/uploads\/2023\/02\/Process_Tempering_3557-006.jpg","width":1149,"height":747,"caption":"Tempering of gears"},{"@type":"BreadcrumbList","@id":"https:\/\/ghinduction.com\/pt-br\/solucoes\/processos\/tratamento-termico\/revenimento\/#breadcrumb","itemListElement":[{"@type":"ListItem","position":1,"name":"Home","item":"https:\/\/ghinduction.com\/pt-br\/"},{"@type":"ListItem","position":2,"name":"Solu\u00e7\u00f5es","item":"https:\/\/ghinduction.com\/pt-br\/solucoes\/"},{"@type":"ListItem","position":3,"name":"Processos","item":"https:\/\/ghinduction.com\/pt-br\/solucoes\/processos\/"},{"@type":"ListItem","position":4,"name":"Tratamento t\u00e9rmico","item":"https:\/\/ghinduction.com\/pt-br\/solucoes\/processos\/tratamento-termico\/"},{"@type":"ListItem","position":5,"name":"Revenimento por indu\u00e7\u00e3o"}]},{"@type":"WebSite","@id":"https:\/\/ghinduction.com\/pt-br\/#website","url":"https:\/\/ghinduction.com\/pt-br\/","name":"GH Induction - Experts in Induction Heat Treatment and Induction Heating","description":"GH Induction offers advanced induction heat treatment and heating solutions for various industrial applications. With over 60 years of experience, our innovative systems ensure efficiency and quality across diverse sectors globally.","publisher":{"@id":"https:\/\/ghinduction.com\/pt-br\/#organization"},"alternateName":"GH Induction","potentialAction":[{"@type":"SearchAction","target":{"@type":"EntryPoint","urlTemplate":"https:\/\/ghinduction.com\/pt-br\/?s={search_term_string}"},"query-input":{"@type":"PropertyValueSpecification","valueRequired":true,"valueName":"search_term_string"}}],"inLanguage":"pt-BR"},{"@type":"Organization","@id":"https:\/\/ghinduction.com\/pt-br\/#organization","name":"GH Induction - Experts in Induction Heat Treatment and Induction Heating","alternateName":"GH Induction","url":"https:\/\/ghinduction.com\/pt-br\/","logo":{"@type":"ImageObject","inLanguage":"pt-BR","@id":"https:\/\/ghinduction.com\/pt-br\/#\/schema\/logo\/image\/","url":"https:\/\/ghinduction.com\/wp-content\/uploads\/2024\/05\/logo-gh-induction.png","contentUrl":"https:\/\/ghinduction.com\/wp-content\/uploads\/2024\/05\/logo-gh-induction.png","width":225,"height":225,"caption":"GH Induction - Experts in Induction Heat Treatment and Induction Heating"},"image":{"@id":"https:\/\/ghinduction.com\/pt-br\/#\/schema\/logo\/image\/"},"sameAs":["https:\/\/www.facebook.com\/ghinductionheating","https:\/\/www.linkedin.com\/company\/gh-induction\/","https:\/\/www.youtube.com\/user\/GhInduction"]}]}},"_links":{"self":[{"href":"https:\/\/ghinduction.com\/pt-br\/wp-json\/wp\/v2\/pages\/22255","targetHints":{"allow":["GET"]}}],"collection":[{"href":"https:\/\/ghinduction.com\/pt-br\/wp-json\/wp\/v2\/pages"}],"about":[{"href":"https:\/\/ghinduction.com\/pt-br\/wp-json\/wp\/v2\/types\/page"}],"author":[{"embeddable":true,"href":"https:\/\/ghinduction.com\/pt-br\/wp-json\/wp\/v2\/users\/1"}],"replies":[{"embeddable":true,"href":"https:\/\/ghinduction.com\/pt-br\/wp-json\/wp\/v2\/comments?post=22255"}],"version-history":[{"count":7,"href":"https:\/\/ghinduction.com\/pt-br\/wp-json\/wp\/v2\/pages\/22255\/revisions"}],"predecessor-version":[{"id":66265,"href":"https:\/\/ghinduction.com\/pt-br\/wp-json\/wp\/v2\/pages\/22255\/revisions\/66265"}],"up":[{"embeddable":true,"href":"https:\/\/ghinduction.com\/pt-br\/wp-json\/wp\/v2\/pages\/24509"}],"wp:featuredmedia":[{"embeddable":true,"href":"https:\/\/ghinduction.com\/pt-br\/wp-json\/wp\/v2\/media\/3346"}],"wp:attachment":[{"href":"https:\/\/ghinduction.com\/pt-br\/wp-json\/wp\/v2\/media?parent=22255"}],"wp:term":[{"taxonomy":"industry","embeddable":true,"href":"https:\/\/ghinduction.com\/pt-br\/wp-json\/wp\/v2\/industry?post=22255"},{"taxonomy":"processes","embeddable":true,"href":"https:\/\/ghinduction.com\/pt-br\/wp-json\/wp\/v2\/processes?post=22255"},{"taxonomy":"solutions","embeddable":true,"href":"https:\/\/ghinduction.com\/pt-br\/wp-json\/wp\/v2\/solutions?post=22255"}],"curies":[{"name":"wp","href":"https:\/\/api.w.org\/{rel}","templated":true}]}}