{"id":24804,"date":"2023-01-09T09:02:41","date_gmt":"2023-01-09T09:02:41","guid":{"rendered":"https:\/\/ghinduction.com\/solucoes\/industria\/transporte\/automotiva\/"},"modified":"2026-02-26T12:16:38","modified_gmt":"2026-02-26T12:16:38","slug":"automotiva","status":"publish","type":"page","link":"https:\/\/ghinduction.com\/pt-br\/solucoes\/industria\/transporte\/automotiva\/","title":{"rendered":"Automotiva"},"content":{"rendered":"","protected":false},"excerpt":{"rendered":"","protected":false},"author":1,"featured_media":3968,"parent":24752,"menu_order":57,"comment_status":"closed","ping_status":"closed","template":"","meta":{"_acf_changed":false,"footnotes":""},"industry":[1322],"processes":[787],"solutions":[],"class_list":["post-24804","page","type-page","status-publish","has-post-thumbnail","hentry","industry-automotiva","processes-tratamento-termico"],"acf":[],"yoast_head":"<!-- This site is optimized with the Yoast SEO plugin v27.3 - https:\/\/yoast.com\/product\/yoast-seo-wordpress\/ -->\n<title>Solu\u00e7\u00f5es de indu\u00e7\u00e3o no setor automotivo - GH Induction<\/title>\n<meta name=\"description\" content=\"\u00c0 medida que a ind\u00fastria automotiva evolui para atender \u00e0s demandas do mercado com diferentes tecnologias como ICEV (Ve\u00edculo com Motor de Combust\u00e3o Interna), EV (Ve\u00edculo El\u00e9trico) e H\u00edbridos, a cadeia de suprimentos se tornaram mais complexas do que nunca. Se voc\u00ea est\u00e1 enfrentando desafios relacionados \u00e0 r\u00e1pida adapta\u00e7\u00e3o, competitividade, melhoria da efici\u00eancia da produ\u00e7\u00e3o, controle de qualidade ou sustentabilidade, entendemos suas necessidades e trabalhando juntos, podemos ajud\u00e1-lo. Em nossa empresa, nos especializamos em fornecer solu\u00e7\u00f5es turnkey econ\u00f4micas e flex\u00edveis trabalhando em conjunto com nossos clientes. Incorporamos as mais recentes tecnologias, tanto pr\u00f3pria quanto de outras dentro do quadro da Ind\u00fastria 4.0, garantindo que voc\u00ea receba a solu\u00e7\u00e3o ideal para suas necessidades espec\u00edficas. Com mais de 60 anos de experi\u00eancia, sabemos o que \u00e9 preciso para atender \u00e0s altas demandas da ind\u00fastria automotiva.\" \/>\n<meta name=\"robots\" content=\"index, follow, max-snippet:-1, max-image-preview:large, max-video-preview:-1\" \/>\n<link rel=\"canonical\" href=\"https:\/\/ghinduction.com\/pt-br\/solucoes\/industria\/transporte\/automotiva\/\" \/>\n<meta property=\"og:locale\" content=\"pt_BR\" \/>\n<meta property=\"og:type\" content=\"article\" \/>\n<meta property=\"og:title\" content=\"Solu\u00e7\u00f5es de indu\u00e7\u00e3o no setor automotivo - GH Induction\" \/>\n<meta property=\"og:description\" content=\"\u00c0 medida que a ind\u00fastria automotiva evolui para atender \u00e0s demandas do mercado com diferentes tecnologias como ICEV (Ve\u00edculo com Motor de Combust\u00e3o Interna), EV (Ve\u00edculo El\u00e9trico) e H\u00edbridos, a cadeia de suprimentos se tornaram mais complexas do que nunca. Se voc\u00ea est\u00e1 enfrentando desafios relacionados \u00e0 r\u00e1pida adapta\u00e7\u00e3o, competitividade, melhoria da efici\u00eancia da produ\u00e7\u00e3o, controle de qualidade ou sustentabilidade, entendemos suas necessidades e trabalhando juntos, podemos ajud\u00e1-lo. Em nossa empresa, nos especializamos em fornecer solu\u00e7\u00f5es turnkey econ\u00f4micas e flex\u00edveis trabalhando em conjunto com nossos clientes. Incorporamos as mais recentes tecnologias, tanto pr\u00f3pria quanto de outras dentro do quadro da Ind\u00fastria 4.0, garantindo que voc\u00ea receba a solu\u00e7\u00e3o ideal para suas necessidades espec\u00edficas. Com mais de 60 anos de experi\u00eancia, sabemos o que \u00e9 preciso para atender \u00e0s altas demandas da ind\u00fastria automotiva.\" \/>\n<meta property=\"og:url\" content=\"https:\/\/ghinduction.com\/pt-br\/solucoes\/industria\/transporte\/automotiva\/\" \/>\n<meta property=\"og:site_name\" content=\"GH Induction Brasil\" \/>\n<meta property=\"article:publisher\" content=\"https:\/\/www.facebook.com\/ghinductionheating\" \/>\n<meta property=\"article:modified_time\" content=\"2026-02-26T12:16:38+00:00\" \/>\n<meta property=\"og:image\" content=\"https:\/\/ghinduction.com\/wp-content\/uploads\/2023\/03\/INDUSTRIES_AUTOMOTIVE_MAIN-BANNER-opt.jpg\" \/>\n\t<meta property=\"og:image:width\" content=\"1920\" \/>\n\t<meta property=\"og:image:height\" content=\"1080\" \/>\n\t<meta property=\"og:image:type\" content=\"image\/jpeg\" \/>\n<meta name=\"twitter:card\" content=\"summary_large_image\" \/>\n<meta name=\"twitter:label1\" content=\"Est. tempo de leitura\" \/>\n\t<meta name=\"twitter:data1\" content=\"1 minuto\" \/>\n<script type=\"application\/ld+json\" class=\"yoast-schema-graph\">{\"@context\":\"https:\\\/\\\/schema.org\",\"@graph\":[{\"@type\":\"WebPage\",\"@id\":\"https:\\\/\\\/ghinduction.com\\\/pt-br\\\/solucoes\\\/industria\\\/transporte\\\/automotiva\\\/\",\"url\":\"https:\\\/\\\/ghinduction.com\\\/pt-br\\\/solucoes\\\/industria\\\/transporte\\\/automotiva\\\/\",\"name\":\"Solu\u00e7\u00f5es de indu\u00e7\u00e3o no setor automotivo - GH Induction\",\"isPartOf\":{\"@id\":\"https:\\\/\\\/ghinduction.com\\\/pt-br\\\/#website\"},\"primaryImageOfPage\":{\"@id\":\"https:\\\/\\\/ghinduction.com\\\/pt-br\\\/solucoes\\\/industria\\\/transporte\\\/automotiva\\\/#primaryimage\"},\"image\":{\"@id\":\"https:\\\/\\\/ghinduction.com\\\/pt-br\\\/solucoes\\\/industria\\\/transporte\\\/automotiva\\\/#primaryimage\"},\"thumbnailUrl\":\"https:\\\/\\\/ghinduction.com\\\/wp-content\\\/uploads\\\/2023\\\/03\\\/INDUSTRIES_AUTOMOTIVE_MAIN-BANNER-opt.jpg\",\"datePublished\":\"2023-01-09T09:02:41+00:00\",\"dateModified\":\"2026-02-26T12:16:38+00:00\",\"description\":\"\u00c0 medida que a ind\u00fastria automotiva evolui para atender \u00e0s demandas do mercado com diferentes tecnologias como ICEV (Ve\u00edculo com Motor de Combust\u00e3o Interna), EV (Ve\u00edculo El\u00e9trico) e H\u00edbridos, a cadeia de suprimentos se tornaram mais complexas do que nunca. Se voc\u00ea est\u00e1 enfrentando desafios relacionados \u00e0 r\u00e1pida adapta\u00e7\u00e3o, competitividade, melhoria da efici\u00eancia da produ\u00e7\u00e3o, controle de qualidade ou sustentabilidade, entendemos suas necessidades e trabalhando juntos, podemos ajud\u00e1-lo. Em nossa empresa, nos especializamos em fornecer solu\u00e7\u00f5es turnkey econ\u00f4micas e flex\u00edveis trabalhando em conjunto com nossos clientes. Incorporamos as mais recentes tecnologias, tanto pr\u00f3pria quanto de outras dentro do quadro da Ind\u00fastria 4.0, garantindo que voc\u00ea receba a solu\u00e7\u00e3o ideal para suas necessidades espec\u00edficas. Com mais de 60 anos de experi\u00eancia, sabemos o que \u00e9 preciso para atender \u00e0s altas demandas da ind\u00fastria automotiva.\",\"breadcrumb\":{\"@id\":\"https:\\\/\\\/ghinduction.com\\\/pt-br\\\/solucoes\\\/industria\\\/transporte\\\/automotiva\\\/#breadcrumb\"},\"inLanguage\":\"pt-BR\",\"potentialAction\":[{\"@type\":\"ReadAction\",\"target\":[\"https:\\\/\\\/ghinduction.com\\\/pt-br\\\/solucoes\\\/industria\\\/transporte\\\/automotiva\\\/\"]}]},{\"@type\":\"ImageObject\",\"inLanguage\":\"pt-BR\",\"@id\":\"https:\\\/\\\/ghinduction.com\\\/pt-br\\\/solucoes\\\/industria\\\/transporte\\\/automotiva\\\/#primaryimage\",\"url\":\"https:\\\/\\\/ghinduction.com\\\/wp-content\\\/uploads\\\/2023\\\/03\\\/INDUSTRIES_AUTOMOTIVE_MAIN-BANNER-opt.jpg\",\"contentUrl\":\"https:\\\/\\\/ghinduction.com\\\/wp-content\\\/uploads\\\/2023\\\/03\\\/INDUSTRIES_AUTOMOTIVE_MAIN-BANNER-opt.jpg\",\"width\":1920,\"height\":1080},{\"@type\":\"BreadcrumbList\",\"@id\":\"https:\\\/\\\/ghinduction.com\\\/pt-br\\\/solucoes\\\/industria\\\/transporte\\\/automotiva\\\/#breadcrumb\",\"itemListElement\":[{\"@type\":\"ListItem\",\"position\":1,\"name\":\"Home\",\"item\":\"https:\\\/\\\/ghinduction.com\\\/pt-br\\\/\"},{\"@type\":\"ListItem\",\"position\":2,\"name\":\"Solu\u00e7\u00f5es\",\"item\":\"https:\\\/\\\/ghinduction.com\\\/pt-br\\\/solucoes\\\/\"},{\"@type\":\"ListItem\",\"position\":3,\"name\":\"Ind\u00fastria\",\"item\":\"https:\\\/\\\/ghinduction.com\\\/pt-br\\\/solucoes\\\/industria\\\/\"},{\"@type\":\"ListItem\",\"position\":4,\"name\":\"Transporte\",\"item\":\"https:\\\/\\\/ghinduction.com\\\/pt-br\\\/solucoes\\\/industria\\\/transporte\\\/\"},{\"@type\":\"ListItem\",\"position\":5,\"name\":\"Automotiva\"}]},{\"@type\":\"WebSite\",\"@id\":\"https:\\\/\\\/ghinduction.com\\\/pt-br\\\/#website\",\"url\":\"https:\\\/\\\/ghinduction.com\\\/pt-br\\\/\",\"name\":\"GH Induction - Experts in Induction Heat Treatment and Induction Heating\",\"description\":\"GH Induction offers advanced induction heat treatment and heating solutions for various industrial applications. With over 60 years of experience, our innovative systems ensure efficiency and quality across diverse sectors globally.\",\"publisher\":{\"@id\":\"https:\\\/\\\/ghinduction.com\\\/pt-br\\\/#organization\"},\"alternateName\":\"GH Induction\",\"potentialAction\":[{\"@type\":\"SearchAction\",\"target\":{\"@type\":\"EntryPoint\",\"urlTemplate\":\"https:\\\/\\\/ghinduction.com\\\/pt-br\\\/?s={search_term_string}\"},\"query-input\":{\"@type\":\"PropertyValueSpecification\",\"valueRequired\":true,\"valueName\":\"search_term_string\"}}],\"inLanguage\":\"pt-BR\"},{\"@type\":\"Organization\",\"@id\":\"https:\\\/\\\/ghinduction.com\\\/pt-br\\\/#organization\",\"name\":\"GH Induction - Experts in Induction Heat Treatment and Induction Heating\",\"alternateName\":\"GH Induction\",\"url\":\"https:\\\/\\\/ghinduction.com\\\/pt-br\\\/\",\"logo\":{\"@type\":\"ImageObject\",\"inLanguage\":\"pt-BR\",\"@id\":\"https:\\\/\\\/ghinduction.com\\\/pt-br\\\/#\\\/schema\\\/logo\\\/image\\\/\",\"url\":\"https:\\\/\\\/ghinduction.com\\\/wp-content\\\/uploads\\\/2024\\\/05\\\/logo-gh-induction.png\",\"contentUrl\":\"https:\\\/\\\/ghinduction.com\\\/wp-content\\\/uploads\\\/2024\\\/05\\\/logo-gh-induction.png\",\"width\":225,\"height\":225,\"caption\":\"GH Induction - Experts in Induction Heat Treatment and Induction Heating\"},\"image\":{\"@id\":\"https:\\\/\\\/ghinduction.com\\\/pt-br\\\/#\\\/schema\\\/logo\\\/image\\\/\"},\"sameAs\":[\"https:\\\/\\\/www.facebook.com\\\/ghinductionheating\",\"https:\\\/\\\/www.linkedin.com\\\/company\\\/gh-induction\\\/\",\"https:\\\/\\\/www.youtube.com\\\/user\\\/GhInduction\"]}]}<\/script>\n<!-- \/ Yoast SEO plugin. -->","yoast_head_json":{"title":"Solu\u00e7\u00f5es de indu\u00e7\u00e3o no setor automotivo - GH Induction","description":"\u00c0 medida que a ind\u00fastria automotiva evolui para atender \u00e0s demandas do mercado com diferentes tecnologias como ICEV (Ve\u00edculo com Motor de Combust\u00e3o Interna), EV (Ve\u00edculo El\u00e9trico) e H\u00edbridos, a cadeia de suprimentos se tornaram mais complexas do que nunca. Se voc\u00ea est\u00e1 enfrentando desafios relacionados \u00e0 r\u00e1pida adapta\u00e7\u00e3o, competitividade, melhoria da efici\u00eancia da produ\u00e7\u00e3o, controle de qualidade ou sustentabilidade, entendemos suas necessidades e trabalhando juntos, podemos ajud\u00e1-lo. Em nossa empresa, nos especializamos em fornecer solu\u00e7\u00f5es turnkey econ\u00f4micas e flex\u00edveis trabalhando em conjunto com nossos clientes. Incorporamos as mais recentes tecnologias, tanto pr\u00f3pria quanto de outras dentro do quadro da Ind\u00fastria 4.0, garantindo que voc\u00ea receba a solu\u00e7\u00e3o ideal para suas necessidades espec\u00edficas. Com mais de 60 anos de experi\u00eancia, sabemos o que \u00e9 preciso para atender \u00e0s altas demandas da ind\u00fastria automotiva.","robots":{"index":"index","follow":"follow","max-snippet":"max-snippet:-1","max-image-preview":"max-image-preview:large","max-video-preview":"max-video-preview:-1"},"canonical":"https:\/\/ghinduction.com\/pt-br\/solucoes\/industria\/transporte\/automotiva\/","og_locale":"pt_BR","og_type":"article","og_title":"Solu\u00e7\u00f5es de indu\u00e7\u00e3o no setor automotivo - GH Induction","og_description":"\u00c0 medida que a ind\u00fastria automotiva evolui para atender \u00e0s demandas do mercado com diferentes tecnologias como ICEV (Ve\u00edculo com Motor de Combust\u00e3o Interna), EV (Ve\u00edculo El\u00e9trico) e H\u00edbridos, a cadeia de suprimentos se tornaram mais complexas do que nunca. Se voc\u00ea est\u00e1 enfrentando desafios relacionados \u00e0 r\u00e1pida adapta\u00e7\u00e3o, competitividade, melhoria da efici\u00eancia da produ\u00e7\u00e3o, controle de qualidade ou sustentabilidade, entendemos suas necessidades e trabalhando juntos, podemos ajud\u00e1-lo. Em nossa empresa, nos especializamos em fornecer solu\u00e7\u00f5es turnkey econ\u00f4micas e flex\u00edveis trabalhando em conjunto com nossos clientes. Incorporamos as mais recentes tecnologias, tanto pr\u00f3pria quanto de outras dentro do quadro da Ind\u00fastria 4.0, garantindo que voc\u00ea receba a solu\u00e7\u00e3o ideal para suas necessidades espec\u00edficas. Com mais de 60 anos de experi\u00eancia, sabemos o que \u00e9 preciso para atender \u00e0s altas demandas da ind\u00fastria automotiva.","og_url":"https:\/\/ghinduction.com\/pt-br\/solucoes\/industria\/transporte\/automotiva\/","og_site_name":"GH Induction Brasil","article_publisher":"https:\/\/www.facebook.com\/ghinductionheating","article_modified_time":"2026-02-26T12:16:38+00:00","og_image":[{"width":1920,"height":1080,"url":"https:\/\/ghinduction.com\/wp-content\/uploads\/2023\/03\/INDUSTRIES_AUTOMOTIVE_MAIN-BANNER-opt.jpg","type":"image\/jpeg"}],"twitter_card":"summary_large_image","twitter_misc":{"Est. tempo de leitura":"1 minuto"},"schema":{"@context":"https:\/\/schema.org","@graph":[{"@type":"WebPage","@id":"https:\/\/ghinduction.com\/pt-br\/solucoes\/industria\/transporte\/automotiva\/","url":"https:\/\/ghinduction.com\/pt-br\/solucoes\/industria\/transporte\/automotiva\/","name":"Solu\u00e7\u00f5es de indu\u00e7\u00e3o no setor automotivo - GH Induction","isPartOf":{"@id":"https:\/\/ghinduction.com\/pt-br\/#website"},"primaryImageOfPage":{"@id":"https:\/\/ghinduction.com\/pt-br\/solucoes\/industria\/transporte\/automotiva\/#primaryimage"},"image":{"@id":"https:\/\/ghinduction.com\/pt-br\/solucoes\/industria\/transporte\/automotiva\/#primaryimage"},"thumbnailUrl":"https:\/\/ghinduction.com\/wp-content\/uploads\/2023\/03\/INDUSTRIES_AUTOMOTIVE_MAIN-BANNER-opt.jpg","datePublished":"2023-01-09T09:02:41+00:00","dateModified":"2026-02-26T12:16:38+00:00","description":"\u00c0 medida que a ind\u00fastria automotiva evolui para atender \u00e0s demandas do mercado com diferentes tecnologias como ICEV (Ve\u00edculo com Motor de Combust\u00e3o Interna), EV (Ve\u00edculo El\u00e9trico) e H\u00edbridos, a cadeia de suprimentos se tornaram mais complexas do que nunca. Se voc\u00ea est\u00e1 enfrentando desafios relacionados \u00e0 r\u00e1pida adapta\u00e7\u00e3o, competitividade, melhoria da efici\u00eancia da produ\u00e7\u00e3o, controle de qualidade ou sustentabilidade, entendemos suas necessidades e trabalhando juntos, podemos ajud\u00e1-lo. Em nossa empresa, nos especializamos em fornecer solu\u00e7\u00f5es turnkey econ\u00f4micas e flex\u00edveis trabalhando em conjunto com nossos clientes. Incorporamos as mais recentes tecnologias, tanto pr\u00f3pria quanto de outras dentro do quadro da Ind\u00fastria 4.0, garantindo que voc\u00ea receba a solu\u00e7\u00e3o ideal para suas necessidades espec\u00edficas. Com mais de 60 anos de experi\u00eancia, sabemos o que \u00e9 preciso para atender \u00e0s altas demandas da ind\u00fastria automotiva.","breadcrumb":{"@id":"https:\/\/ghinduction.com\/pt-br\/solucoes\/industria\/transporte\/automotiva\/#breadcrumb"},"inLanguage":"pt-BR","potentialAction":[{"@type":"ReadAction","target":["https:\/\/ghinduction.com\/pt-br\/solucoes\/industria\/transporte\/automotiva\/"]}]},{"@type":"ImageObject","inLanguage":"pt-BR","@id":"https:\/\/ghinduction.com\/pt-br\/solucoes\/industria\/transporte\/automotiva\/#primaryimage","url":"https:\/\/ghinduction.com\/wp-content\/uploads\/2023\/03\/INDUSTRIES_AUTOMOTIVE_MAIN-BANNER-opt.jpg","contentUrl":"https:\/\/ghinduction.com\/wp-content\/uploads\/2023\/03\/INDUSTRIES_AUTOMOTIVE_MAIN-BANNER-opt.jpg","width":1920,"height":1080},{"@type":"BreadcrumbList","@id":"https:\/\/ghinduction.com\/pt-br\/solucoes\/industria\/transporte\/automotiva\/#breadcrumb","itemListElement":[{"@type":"ListItem","position":1,"name":"Home","item":"https:\/\/ghinduction.com\/pt-br\/"},{"@type":"ListItem","position":2,"name":"Solu\u00e7\u00f5es","item":"https:\/\/ghinduction.com\/pt-br\/solucoes\/"},{"@type":"ListItem","position":3,"name":"Ind\u00fastria","item":"https:\/\/ghinduction.com\/pt-br\/solucoes\/industria\/"},{"@type":"ListItem","position":4,"name":"Transporte","item":"https:\/\/ghinduction.com\/pt-br\/solucoes\/industria\/transporte\/"},{"@type":"ListItem","position":5,"name":"Automotiva"}]},{"@type":"WebSite","@id":"https:\/\/ghinduction.com\/pt-br\/#website","url":"https:\/\/ghinduction.com\/pt-br\/","name":"GH Induction - Experts in Induction Heat Treatment and Induction Heating","description":"GH Induction offers advanced induction heat treatment and heating solutions for various industrial applications. With over 60 years of experience, our innovative systems ensure efficiency and quality across diverse sectors globally.","publisher":{"@id":"https:\/\/ghinduction.com\/pt-br\/#organization"},"alternateName":"GH Induction","potentialAction":[{"@type":"SearchAction","target":{"@type":"EntryPoint","urlTemplate":"https:\/\/ghinduction.com\/pt-br\/?s={search_term_string}"},"query-input":{"@type":"PropertyValueSpecification","valueRequired":true,"valueName":"search_term_string"}}],"inLanguage":"pt-BR"},{"@type":"Organization","@id":"https:\/\/ghinduction.com\/pt-br\/#organization","name":"GH Induction - Experts in Induction Heat Treatment and Induction Heating","alternateName":"GH Induction","url":"https:\/\/ghinduction.com\/pt-br\/","logo":{"@type":"ImageObject","inLanguage":"pt-BR","@id":"https:\/\/ghinduction.com\/pt-br\/#\/schema\/logo\/image\/","url":"https:\/\/ghinduction.com\/wp-content\/uploads\/2024\/05\/logo-gh-induction.png","contentUrl":"https:\/\/ghinduction.com\/wp-content\/uploads\/2024\/05\/logo-gh-induction.png","width":225,"height":225,"caption":"GH Induction - Experts in Induction Heat Treatment and Induction Heating"},"image":{"@id":"https:\/\/ghinduction.com\/pt-br\/#\/schema\/logo\/image\/"},"sameAs":["https:\/\/www.facebook.com\/ghinductionheating","https:\/\/www.linkedin.com\/company\/gh-induction\/","https:\/\/www.youtube.com\/user\/GhInduction"]}]}},"_links":{"self":[{"href":"https:\/\/ghinduction.com\/pt-br\/wp-json\/wp\/v2\/pages\/24804","targetHints":{"allow":["GET"]}}],"collection":[{"href":"https:\/\/ghinduction.com\/pt-br\/wp-json\/wp\/v2\/pages"}],"about":[{"href":"https:\/\/ghinduction.com\/pt-br\/wp-json\/wp\/v2\/types\/page"}],"author":[{"embeddable":true,"href":"https:\/\/ghinduction.com\/pt-br\/wp-json\/wp\/v2\/users\/1"}],"replies":[{"embeddable":true,"href":"https:\/\/ghinduction.com\/pt-br\/wp-json\/wp\/v2\/comments?post=24804"}],"version-history":[{"count":1,"href":"https:\/\/ghinduction.com\/pt-br\/wp-json\/wp\/v2\/pages\/24804\/revisions"}],"predecessor-version":[{"id":66232,"href":"https:\/\/ghinduction.com\/pt-br\/wp-json\/wp\/v2\/pages\/24804\/revisions\/66232"}],"up":[{"embeddable":true,"href":"https:\/\/ghinduction.com\/pt-br\/wp-json\/wp\/v2\/pages\/24752"}],"wp:featuredmedia":[{"embeddable":true,"href":"https:\/\/ghinduction.com\/pt-br\/wp-json\/wp\/v2\/media\/3968"}],"wp:attachment":[{"href":"https:\/\/ghinduction.com\/pt-br\/wp-json\/wp\/v2\/media?parent=24804"}],"wp:term":[{"taxonomy":"industry","embeddable":true,"href":"https:\/\/ghinduction.com\/pt-br\/wp-json\/wp\/v2\/industry?post=24804"},{"taxonomy":"processes","embeddable":true,"href":"https:\/\/ghinduction.com\/pt-br\/wp-json\/wp\/v2\/processes?post=24804"},{"taxonomy":"solutions","embeddable":true,"href":"https:\/\/ghinduction.com\/pt-br\/wp-json\/wp\/v2\/solutions?post=24804"}],"curies":[{"name":"wp","href":"https:\/\/api.w.org\/{rel}","templated":true}]}}