{"id":25362,"date":"2023-01-09T09:02:14","date_gmt":"2023-01-09T09:02:14","guid":{"rendered":"https:\/\/ghinduction.com\/sobre-aquecimento-indutivo\/"},"modified":"2026-02-26T08:45:41","modified_gmt":"2026-02-26T08:45:41","slug":"sobre-aquecimento-indutivo","status":"publish","type":"page","link":"https:\/\/ghinduction.com\/pt-br\/inovacao\/sobre-aquecimento-indutivo\/","title":{"rendered":"Sobre aquecimento indutivo"},"content":{"rendered":"","protected":false},"excerpt":{"rendered":"","protected":false},"author":1,"featured_media":0,"parent":31353,"menu_order":18,"comment_status":"closed","ping_status":"closed","template":"","meta":{"_acf_changed":false,"footnotes":""},"industry":[],"processes":[],"solutions":[],"class_list":["post-25362","page","type-page","status-publish","hentry"],"acf":[],"yoast_head":"<!-- This site is optimized with the Yoast SEO plugin v27.3 - https:\/\/yoast.com\/product\/yoast-seo-wordpress\/ -->\n<title>Sobre aquecimento indutivo - GH Induction<\/title>\n<meta name=\"description\" content=\"O que \u00e9 isso? Aquecimento por indu\u00e7\u00e3o \u00e9 um processo que \u00e9 usado para selagem, endurecimento ou amolecimento de metais ou outros materiais condutores. Para modernos processos de fabrica\u00e7\u00e3o, o aquecimento por indu\u00e7\u00e3o oferece uma combina\u00e7\u00e3o atraente de velocidade, consist\u00eancia, controle e efici\u00eancia energ\u00e9tica. Os princ\u00edpios b\u00e1sicos de aquecimento por indu\u00e7\u00e3o s\u00e3o conhecidos e aplicados na ind\u00fastria desde 1920. Durante a Segunda Guerra Mundial, a tecnologia desenvolveu-se rapidamente para atender as necessidades urgentes da guerra, para um processo r\u00e1pido e confi\u00e1vel de endurecer pe\u00e7as met\u00e1licas do motor. Mais recentemente, o foco em t\u00e9cnicas de manufatura enxutas e a \u00eanfase na melhoria do controle de qualidade levaram a uma redescoberta da tecnologia de indu\u00e7\u00e3o, juntamente com o desenvolvimento de controle preciso e de componentes de estado s\u00f3lido nos geradores de pot\u00eancia.\" \/>\n<meta name=\"robots\" content=\"index, follow, max-snippet:-1, max-image-preview:large, max-video-preview:-1\" \/>\n<link rel=\"canonical\" href=\"https:\/\/ghinduction.com\/pt-br\/inovacao\/sobre-aquecimento-indutivo\/\" \/>\n<meta property=\"og:locale\" content=\"pt_BR\" \/>\n<meta property=\"og:type\" content=\"article\" \/>\n<meta property=\"og:title\" content=\"Sobre aquecimento indutivo - GH Induction\" \/>\n<meta property=\"og:description\" content=\"O que \u00e9 isso? Aquecimento por indu\u00e7\u00e3o \u00e9 um processo que \u00e9 usado para selagem, endurecimento ou amolecimento de metais ou outros materiais condutores. Para modernos processos de fabrica\u00e7\u00e3o, o aquecimento por indu\u00e7\u00e3o oferece uma combina\u00e7\u00e3o atraente de velocidade, consist\u00eancia, controle e efici\u00eancia energ\u00e9tica. Os princ\u00edpios b\u00e1sicos de aquecimento por indu\u00e7\u00e3o s\u00e3o conhecidos e aplicados na ind\u00fastria desde 1920. Durante a Segunda Guerra Mundial, a tecnologia desenvolveu-se rapidamente para atender as necessidades urgentes da guerra, para um processo r\u00e1pido e confi\u00e1vel de endurecer pe\u00e7as met\u00e1licas do motor. Mais recentemente, o foco em t\u00e9cnicas de manufatura enxutas e a \u00eanfase na melhoria do controle de qualidade levaram a uma redescoberta da tecnologia de indu\u00e7\u00e3o, juntamente com o desenvolvimento de controle preciso e de componentes de estado s\u00f3lido nos geradores de pot\u00eancia.\" \/>\n<meta property=\"og:url\" content=\"https:\/\/ghinduction.com\/pt-br\/inovacao\/sobre-aquecimento-indutivo\/\" \/>\n<meta property=\"og:site_name\" content=\"GH Induction Brasil\" \/>\n<meta property=\"article:publisher\" content=\"https:\/\/www.facebook.com\/ghinductionheating\" \/>\n<meta property=\"article:modified_time\" content=\"2026-02-26T08:45:41+00:00\" \/>\n<meta name=\"twitter:card\" content=\"summary_large_image\" \/>\n<script type=\"application\/ld+json\" class=\"yoast-schema-graph\">{\"@context\":\"https:\\\/\\\/schema.org\",\"@graph\":[{\"@type\":\"WebPage\",\"@id\":\"https:\\\/\\\/ghinduction.com\\\/pt-br\\\/inovacao\\\/sobre-aquecimento-indutivo\\\/\",\"url\":\"https:\\\/\\\/ghinduction.com\\\/pt-br\\\/inovacao\\\/sobre-aquecimento-indutivo\\\/\",\"name\":\"Sobre aquecimento indutivo - GH Induction\",\"isPartOf\":{\"@id\":\"https:\\\/\\\/ghinduction.com\\\/pt-br\\\/#website\"},\"datePublished\":\"2023-01-09T09:02:14+00:00\",\"dateModified\":\"2026-02-26T08:45:41+00:00\",\"description\":\"O que \u00e9 isso? Aquecimento por indu\u00e7\u00e3o \u00e9 um processo que \u00e9 usado para selagem, endurecimento ou amolecimento de metais ou outros materiais condutores. Para modernos processos de fabrica\u00e7\u00e3o, o aquecimento por indu\u00e7\u00e3o oferece uma combina\u00e7\u00e3o atraente de velocidade, consist\u00eancia, controle e efici\u00eancia energ\u00e9tica. Os princ\u00edpios b\u00e1sicos de aquecimento por indu\u00e7\u00e3o s\u00e3o conhecidos e aplicados na ind\u00fastria desde 1920. Durante a Segunda Guerra Mundial, a tecnologia desenvolveu-se rapidamente para atender as necessidades urgentes da guerra, para um processo r\u00e1pido e confi\u00e1vel de endurecer pe\u00e7as met\u00e1licas do motor. Mais recentemente, o foco em t\u00e9cnicas de manufatura enxutas e a \u00eanfase na melhoria do controle de qualidade levaram a uma redescoberta da tecnologia de indu\u00e7\u00e3o, juntamente com o desenvolvimento de controle preciso e de componentes de estado s\u00f3lido nos geradores de pot\u00eancia.\",\"breadcrumb\":{\"@id\":\"https:\\\/\\\/ghinduction.com\\\/pt-br\\\/inovacao\\\/sobre-aquecimento-indutivo\\\/#breadcrumb\"},\"inLanguage\":\"pt-BR\",\"potentialAction\":[{\"@type\":\"ReadAction\",\"target\":[\"https:\\\/\\\/ghinduction.com\\\/pt-br\\\/inovacao\\\/sobre-aquecimento-indutivo\\\/\"]}]},{\"@type\":\"BreadcrumbList\",\"@id\":\"https:\\\/\\\/ghinduction.com\\\/pt-br\\\/inovacao\\\/sobre-aquecimento-indutivo\\\/#breadcrumb\",\"itemListElement\":[{\"@type\":\"ListItem\",\"position\":1,\"name\":\"Home\",\"item\":\"https:\\\/\\\/ghinduction.com\\\/pt-br\\\/\"},{\"@type\":\"ListItem\",\"position\":2,\"name\":\"Inova\u00e7\u00e3o\",\"item\":\"https:\\\/\\\/ghinduction.com\\\/pt-br\\\/inovacao\\\/\"},{\"@type\":\"ListItem\",\"position\":3,\"name\":\"Sobre aquecimento indutivo\"}]},{\"@type\":\"WebSite\",\"@id\":\"https:\\\/\\\/ghinduction.com\\\/pt-br\\\/#website\",\"url\":\"https:\\\/\\\/ghinduction.com\\\/pt-br\\\/\",\"name\":\"GH Induction - Experts in Induction Heat Treatment and Induction Heating\",\"description\":\"GH Induction offers advanced induction heat treatment and heating solutions for various industrial applications. With over 60 years of experience, our innovative systems ensure efficiency and quality across diverse sectors globally.\",\"publisher\":{\"@id\":\"https:\\\/\\\/ghinduction.com\\\/pt-br\\\/#organization\"},\"alternateName\":\"GH Induction\",\"potentialAction\":[{\"@type\":\"SearchAction\",\"target\":{\"@type\":\"EntryPoint\",\"urlTemplate\":\"https:\\\/\\\/ghinduction.com\\\/pt-br\\\/?s={search_term_string}\"},\"query-input\":{\"@type\":\"PropertyValueSpecification\",\"valueRequired\":true,\"valueName\":\"search_term_string\"}}],\"inLanguage\":\"pt-BR\"},{\"@type\":\"Organization\",\"@id\":\"https:\\\/\\\/ghinduction.com\\\/pt-br\\\/#organization\",\"name\":\"GH Induction - Experts in Induction Heat Treatment and Induction Heating\",\"alternateName\":\"GH Induction\",\"url\":\"https:\\\/\\\/ghinduction.com\\\/pt-br\\\/\",\"logo\":{\"@type\":\"ImageObject\",\"inLanguage\":\"pt-BR\",\"@id\":\"https:\\\/\\\/ghinduction.com\\\/pt-br\\\/#\\\/schema\\\/logo\\\/image\\\/\",\"url\":\"https:\\\/\\\/ghinduction.com\\\/wp-content\\\/uploads\\\/2024\\\/05\\\/logo-gh-induction.png\",\"contentUrl\":\"https:\\\/\\\/ghinduction.com\\\/wp-content\\\/uploads\\\/2024\\\/05\\\/logo-gh-induction.png\",\"width\":225,\"height\":225,\"caption\":\"GH Induction - Experts in Induction Heat Treatment and Induction Heating\"},\"image\":{\"@id\":\"https:\\\/\\\/ghinduction.com\\\/pt-br\\\/#\\\/schema\\\/logo\\\/image\\\/\"},\"sameAs\":[\"https:\\\/\\\/www.facebook.com\\\/ghinductionheating\",\"https:\\\/\\\/www.linkedin.com\\\/company\\\/gh-induction\\\/\",\"https:\\\/\\\/www.youtube.com\\\/user\\\/GhInduction\"]}]}<\/script>\n<!-- \/ Yoast SEO plugin. -->","yoast_head_json":{"title":"Sobre aquecimento indutivo - GH Induction","description":"O que \u00e9 isso? Aquecimento por indu\u00e7\u00e3o \u00e9 um processo que \u00e9 usado para selagem, endurecimento ou amolecimento de metais ou outros materiais condutores. Para modernos processos de fabrica\u00e7\u00e3o, o aquecimento por indu\u00e7\u00e3o oferece uma combina\u00e7\u00e3o atraente de velocidade, consist\u00eancia, controle e efici\u00eancia energ\u00e9tica. Os princ\u00edpios b\u00e1sicos de aquecimento por indu\u00e7\u00e3o s\u00e3o conhecidos e aplicados na ind\u00fastria desde 1920. Durante a Segunda Guerra Mundial, a tecnologia desenvolveu-se rapidamente para atender as necessidades urgentes da guerra, para um processo r\u00e1pido e confi\u00e1vel de endurecer pe\u00e7as met\u00e1licas do motor. Mais recentemente, o foco em t\u00e9cnicas de manufatura enxutas e a \u00eanfase na melhoria do controle de qualidade levaram a uma redescoberta da tecnologia de indu\u00e7\u00e3o, juntamente com o desenvolvimento de controle preciso e de componentes de estado s\u00f3lido nos geradores de pot\u00eancia.","robots":{"index":"index","follow":"follow","max-snippet":"max-snippet:-1","max-image-preview":"max-image-preview:large","max-video-preview":"max-video-preview:-1"},"canonical":"https:\/\/ghinduction.com\/pt-br\/inovacao\/sobre-aquecimento-indutivo\/","og_locale":"pt_BR","og_type":"article","og_title":"Sobre aquecimento indutivo - GH Induction","og_description":"O que \u00e9 isso? Aquecimento por indu\u00e7\u00e3o \u00e9 um processo que \u00e9 usado para selagem, endurecimento ou amolecimento de metais ou outros materiais condutores. Para modernos processos de fabrica\u00e7\u00e3o, o aquecimento por indu\u00e7\u00e3o oferece uma combina\u00e7\u00e3o atraente de velocidade, consist\u00eancia, controle e efici\u00eancia energ\u00e9tica. Os princ\u00edpios b\u00e1sicos de aquecimento por indu\u00e7\u00e3o s\u00e3o conhecidos e aplicados na ind\u00fastria desde 1920. Durante a Segunda Guerra Mundial, a tecnologia desenvolveu-se rapidamente para atender as necessidades urgentes da guerra, para um processo r\u00e1pido e confi\u00e1vel de endurecer pe\u00e7as met\u00e1licas do motor. Mais recentemente, o foco em t\u00e9cnicas de manufatura enxutas e a \u00eanfase na melhoria do controle de qualidade levaram a uma redescoberta da tecnologia de indu\u00e7\u00e3o, juntamente com o desenvolvimento de controle preciso e de componentes de estado s\u00f3lido nos geradores de pot\u00eancia.","og_url":"https:\/\/ghinduction.com\/pt-br\/inovacao\/sobre-aquecimento-indutivo\/","og_site_name":"GH Induction Brasil","article_publisher":"https:\/\/www.facebook.com\/ghinductionheating","article_modified_time":"2026-02-26T08:45:41+00:00","twitter_card":"summary_large_image","schema":{"@context":"https:\/\/schema.org","@graph":[{"@type":"WebPage","@id":"https:\/\/ghinduction.com\/pt-br\/inovacao\/sobre-aquecimento-indutivo\/","url":"https:\/\/ghinduction.com\/pt-br\/inovacao\/sobre-aquecimento-indutivo\/","name":"Sobre aquecimento indutivo - GH Induction","isPartOf":{"@id":"https:\/\/ghinduction.com\/pt-br\/#website"},"datePublished":"2023-01-09T09:02:14+00:00","dateModified":"2026-02-26T08:45:41+00:00","description":"O que \u00e9 isso? Aquecimento por indu\u00e7\u00e3o \u00e9 um processo que \u00e9 usado para selagem, endurecimento ou amolecimento de metais ou outros materiais condutores. Para modernos processos de fabrica\u00e7\u00e3o, o aquecimento por indu\u00e7\u00e3o oferece uma combina\u00e7\u00e3o atraente de velocidade, consist\u00eancia, controle e efici\u00eancia energ\u00e9tica. Os princ\u00edpios b\u00e1sicos de aquecimento por indu\u00e7\u00e3o s\u00e3o conhecidos e aplicados na ind\u00fastria desde 1920. Durante a Segunda Guerra Mundial, a tecnologia desenvolveu-se rapidamente para atender as necessidades urgentes da guerra, para um processo r\u00e1pido e confi\u00e1vel de endurecer pe\u00e7as met\u00e1licas do motor. Mais recentemente, o foco em t\u00e9cnicas de manufatura enxutas e a \u00eanfase na melhoria do controle de qualidade levaram a uma redescoberta da tecnologia de indu\u00e7\u00e3o, juntamente com o desenvolvimento de controle preciso e de componentes de estado s\u00f3lido nos geradores de pot\u00eancia.","breadcrumb":{"@id":"https:\/\/ghinduction.com\/pt-br\/inovacao\/sobre-aquecimento-indutivo\/#breadcrumb"},"inLanguage":"pt-BR","potentialAction":[{"@type":"ReadAction","target":["https:\/\/ghinduction.com\/pt-br\/inovacao\/sobre-aquecimento-indutivo\/"]}]},{"@type":"BreadcrumbList","@id":"https:\/\/ghinduction.com\/pt-br\/inovacao\/sobre-aquecimento-indutivo\/#breadcrumb","itemListElement":[{"@type":"ListItem","position":1,"name":"Home","item":"https:\/\/ghinduction.com\/pt-br\/"},{"@type":"ListItem","position":2,"name":"Inova\u00e7\u00e3o","item":"https:\/\/ghinduction.com\/pt-br\/inovacao\/"},{"@type":"ListItem","position":3,"name":"Sobre aquecimento indutivo"}]},{"@type":"WebSite","@id":"https:\/\/ghinduction.com\/pt-br\/#website","url":"https:\/\/ghinduction.com\/pt-br\/","name":"GH Induction - Experts in Induction Heat Treatment and Induction Heating","description":"GH Induction offers advanced induction heat treatment and heating solutions for various industrial applications. With over 60 years of experience, our innovative systems ensure efficiency and quality across diverse sectors globally.","publisher":{"@id":"https:\/\/ghinduction.com\/pt-br\/#organization"},"alternateName":"GH Induction","potentialAction":[{"@type":"SearchAction","target":{"@type":"EntryPoint","urlTemplate":"https:\/\/ghinduction.com\/pt-br\/?s={search_term_string}"},"query-input":{"@type":"PropertyValueSpecification","valueRequired":true,"valueName":"search_term_string"}}],"inLanguage":"pt-BR"},{"@type":"Organization","@id":"https:\/\/ghinduction.com\/pt-br\/#organization","name":"GH Induction - Experts in Induction Heat Treatment and Induction Heating","alternateName":"GH Induction","url":"https:\/\/ghinduction.com\/pt-br\/","logo":{"@type":"ImageObject","inLanguage":"pt-BR","@id":"https:\/\/ghinduction.com\/pt-br\/#\/schema\/logo\/image\/","url":"https:\/\/ghinduction.com\/wp-content\/uploads\/2024\/05\/logo-gh-induction.png","contentUrl":"https:\/\/ghinduction.com\/wp-content\/uploads\/2024\/05\/logo-gh-induction.png","width":225,"height":225,"caption":"GH Induction - Experts in Induction Heat Treatment and Induction Heating"},"image":{"@id":"https:\/\/ghinduction.com\/pt-br\/#\/schema\/logo\/image\/"},"sameAs":["https:\/\/www.facebook.com\/ghinductionheating","https:\/\/www.linkedin.com\/company\/gh-induction\/","https:\/\/www.youtube.com\/user\/GhInduction"]}]}},"_links":{"self":[{"href":"https:\/\/ghinduction.com\/pt-br\/wp-json\/wp\/v2\/pages\/25362","targetHints":{"allow":["GET"]}}],"collection":[{"href":"https:\/\/ghinduction.com\/pt-br\/wp-json\/wp\/v2\/pages"}],"about":[{"href":"https:\/\/ghinduction.com\/pt-br\/wp-json\/wp\/v2\/types\/page"}],"author":[{"embeddable":true,"href":"https:\/\/ghinduction.com\/pt-br\/wp-json\/wp\/v2\/users\/1"}],"replies":[{"embeddable":true,"href":"https:\/\/ghinduction.com\/pt-br\/wp-json\/wp\/v2\/comments?post=25362"}],"version-history":[{"count":2,"href":"https:\/\/ghinduction.com\/pt-br\/wp-json\/wp\/v2\/pages\/25362\/revisions"}],"predecessor-version":[{"id":65624,"href":"https:\/\/ghinduction.com\/pt-br\/wp-json\/wp\/v2\/pages\/25362\/revisions\/65624"}],"up":[{"embeddable":true,"href":"https:\/\/ghinduction.com\/pt-br\/wp-json\/wp\/v2\/pages\/31353"}],"wp:attachment":[{"href":"https:\/\/ghinduction.com\/pt-br\/wp-json\/wp\/v2\/media?parent=25362"}],"wp:term":[{"taxonomy":"industry","embeddable":true,"href":"https:\/\/ghinduction.com\/pt-br\/wp-json\/wp\/v2\/industry?post=25362"},{"taxonomy":"processes","embeddable":true,"href":"https:\/\/ghinduction.com\/pt-br\/wp-json\/wp\/v2\/processes?post=25362"},{"taxonomy":"solutions","embeddable":true,"href":"https:\/\/ghinduction.com\/pt-br\/wp-json\/wp\/v2\/solutions?post=25362"}],"curies":[{"name":"wp","href":"https:\/\/api.w.org\/{rel}","templated":true}]}}