{"id":30550,"date":"2023-01-09T09:02:12","date_gmt":"2023-01-09T09:02:12","guid":{"rendered":"https:\/\/ghinduction.com\/advanced-manufacturing\/"},"modified":"2026-02-26T09:17:21","modified_gmt":"2026-02-26T09:17:21","slug":"advanced-manufacturing","status":"publish","type":"page","link":"https:\/\/ghinduction.com\/pt-br\/inovacao\/advanced-manufacturing\/","title":{"rendered":"Manufatura avan\u00e7ada"},"content":{"rendered":"","protected":false},"excerpt":{"rendered":"","protected":false},"author":1,"featured_media":0,"parent":31353,"menu_order":15,"comment_status":"closed","ping_status":"closed","template":"","meta":{"_acf_changed":false,"footnotes":""},"industry":[],"processes":[],"solutions":[],"class_list":["post-30550","page","type-page","status-publish","hentry"],"acf":[],"yoast_head":"<!-- This site is optimized with the Yoast SEO plugin v27.3 - https:\/\/yoast.com\/product\/yoast-seo-wordpress\/ -->\n<title>Ind\u00fastria 4.0 em aquecimento por indu\u00e7\u00e3o - GH Induction<\/title>\n<meta name=\"description\" content=\"A Indu\u00e7\u00e3o 4.0 na GH Induction representa a evolu\u00e7\u00e3o das solu\u00e7\u00f5es de aquecimento por indu\u00e7\u00e3o dentro do contexto da &#039;Ind\u00fastria 4.0&#039; ou manufatura avan\u00e7ada. O aquecimento por indu\u00e7\u00e3o \u00e9 uma tecnologia que oferece grandes vantagens na produ\u00e7\u00e3o avan\u00e7ada: \u00e9 digitalmente control\u00e1vel, altamente preciso, seguro e eficiente. Essas vantagens, combinadas com o uso de outras tecnologias digitais, permitem que os sistemas e m\u00e1quinas da GH sejam totalmente integrados \u00e0s linhas de produ\u00e7\u00e3o mais avan\u00e7adas. Os fabricantes de hoje est\u00e3o sendo obrigados a se tornarem mais eficientes em termos de processo e custo, a fim de responder rapidamente e de maneira eficaz \u00e0s mudan\u00e7as na demanda. A Internet das Coisas, realidade aumentada, manufatura aditiva, simula\u00e7\u00f5es digitais e automa\u00e7\u00e3o completa s\u00e3o apenas algumas das tecnologias digitais habilitadoras em demanda na ind\u00fastria manufatureira hoje.\" \/>\n<meta name=\"robots\" content=\"index, follow, max-snippet:-1, max-image-preview:large, max-video-preview:-1\" \/>\n<link rel=\"canonical\" href=\"https:\/\/ghinduction.com\/pt-br\/inovacao\/advanced-manufacturing\/\" \/>\n<meta property=\"og:locale\" content=\"pt_BR\" \/>\n<meta property=\"og:type\" content=\"article\" \/>\n<meta property=\"og:title\" content=\"Ind\u00fastria 4.0 em aquecimento por indu\u00e7\u00e3o - GH Induction\" \/>\n<meta property=\"og:description\" content=\"A Indu\u00e7\u00e3o 4.0 na GH Induction representa a evolu\u00e7\u00e3o das solu\u00e7\u00f5es de aquecimento por indu\u00e7\u00e3o dentro do contexto da &#039;Ind\u00fastria 4.0&#039; ou manufatura avan\u00e7ada. O aquecimento por indu\u00e7\u00e3o \u00e9 uma tecnologia que oferece grandes vantagens na produ\u00e7\u00e3o avan\u00e7ada: \u00e9 digitalmente control\u00e1vel, altamente preciso, seguro e eficiente. Essas vantagens, combinadas com o uso de outras tecnologias digitais, permitem que os sistemas e m\u00e1quinas da GH sejam totalmente integrados \u00e0s linhas de produ\u00e7\u00e3o mais avan\u00e7adas. Os fabricantes de hoje est\u00e3o sendo obrigados a se tornarem mais eficientes em termos de processo e custo, a fim de responder rapidamente e de maneira eficaz \u00e0s mudan\u00e7as na demanda. A Internet das Coisas, realidade aumentada, manufatura aditiva, simula\u00e7\u00f5es digitais e automa\u00e7\u00e3o completa s\u00e3o apenas algumas das tecnologias digitais habilitadoras em demanda na ind\u00fastria manufatureira hoje.\" \/>\n<meta property=\"og:url\" content=\"https:\/\/ghinduction.com\/pt-br\/inovacao\/advanced-manufacturing\/\" \/>\n<meta property=\"og:site_name\" content=\"GH Induction Brasil\" \/>\n<meta property=\"article:publisher\" content=\"https:\/\/www.facebook.com\/ghinductionheating\" \/>\n<meta property=\"article:modified_time\" content=\"2026-02-26T09:17:21+00:00\" \/>\n<meta name=\"twitter:card\" content=\"summary_large_image\" \/>\n<script type=\"application\/ld+json\" class=\"yoast-schema-graph\">{\"@context\":\"https:\\\/\\\/schema.org\",\"@graph\":[{\"@type\":\"WebPage\",\"@id\":\"https:\\\/\\\/ghinduction.com\\\/pt-br\\\/inovacao\\\/advanced-manufacturing\\\/\",\"url\":\"https:\\\/\\\/ghinduction.com\\\/pt-br\\\/inovacao\\\/advanced-manufacturing\\\/\",\"name\":\"Ind\u00fastria 4.0 em aquecimento por indu\u00e7\u00e3o - GH Induction\",\"isPartOf\":{\"@id\":\"https:\\\/\\\/ghinduction.com\\\/pt-br\\\/#website\"},\"datePublished\":\"2023-01-09T09:02:12+00:00\",\"dateModified\":\"2026-02-26T09:17:21+00:00\",\"description\":\"A Indu\u00e7\u00e3o 4.0 na GH Induction representa a evolu\u00e7\u00e3o das solu\u00e7\u00f5es de aquecimento por indu\u00e7\u00e3o dentro do contexto da 'Ind\u00fastria 4.0' ou manufatura avan\u00e7ada. O aquecimento por indu\u00e7\u00e3o \u00e9 uma tecnologia que oferece grandes vantagens na produ\u00e7\u00e3o avan\u00e7ada: \u00e9 digitalmente control\u00e1vel, altamente preciso, seguro e eficiente. Essas vantagens, combinadas com o uso de outras tecnologias digitais, permitem que os sistemas e m\u00e1quinas da GH sejam totalmente integrados \u00e0s linhas de produ\u00e7\u00e3o mais avan\u00e7adas. Os fabricantes de hoje est\u00e3o sendo obrigados a se tornarem mais eficientes em termos de processo e custo, a fim de responder rapidamente e de maneira eficaz \u00e0s mudan\u00e7as na demanda. A Internet das Coisas, realidade aumentada, manufatura aditiva, simula\u00e7\u00f5es digitais e automa\u00e7\u00e3o completa s\u00e3o apenas algumas das tecnologias digitais habilitadoras em demanda na ind\u00fastria manufatureira hoje.\",\"breadcrumb\":{\"@id\":\"https:\\\/\\\/ghinduction.com\\\/pt-br\\\/inovacao\\\/advanced-manufacturing\\\/#breadcrumb\"},\"inLanguage\":\"pt-BR\",\"potentialAction\":[{\"@type\":\"ReadAction\",\"target\":[\"https:\\\/\\\/ghinduction.com\\\/pt-br\\\/inovacao\\\/advanced-manufacturing\\\/\"]}]},{\"@type\":\"BreadcrumbList\",\"@id\":\"https:\\\/\\\/ghinduction.com\\\/pt-br\\\/inovacao\\\/advanced-manufacturing\\\/#breadcrumb\",\"itemListElement\":[{\"@type\":\"ListItem\",\"position\":1,\"name\":\"Home\",\"item\":\"https:\\\/\\\/ghinduction.com\\\/pt-br\\\/\"},{\"@type\":\"ListItem\",\"position\":2,\"name\":\"Inova\u00e7\u00e3o\",\"item\":\"https:\\\/\\\/ghinduction.com\\\/pt-br\\\/inovacao\\\/\"},{\"@type\":\"ListItem\",\"position\":3,\"name\":\"Manufatura avan\u00e7ada\"}]},{\"@type\":\"WebSite\",\"@id\":\"https:\\\/\\\/ghinduction.com\\\/pt-br\\\/#website\",\"url\":\"https:\\\/\\\/ghinduction.com\\\/pt-br\\\/\",\"name\":\"GH Induction - Experts in Induction Heat Treatment and Induction Heating\",\"description\":\"GH Induction offers advanced induction heat treatment and heating solutions for various industrial applications. With over 60 years of experience, our innovative systems ensure efficiency and quality across diverse sectors globally.\",\"publisher\":{\"@id\":\"https:\\\/\\\/ghinduction.com\\\/pt-br\\\/#organization\"},\"alternateName\":\"GH Induction\",\"potentialAction\":[{\"@type\":\"SearchAction\",\"target\":{\"@type\":\"EntryPoint\",\"urlTemplate\":\"https:\\\/\\\/ghinduction.com\\\/pt-br\\\/?s={search_term_string}\"},\"query-input\":{\"@type\":\"PropertyValueSpecification\",\"valueRequired\":true,\"valueName\":\"search_term_string\"}}],\"inLanguage\":\"pt-BR\"},{\"@type\":\"Organization\",\"@id\":\"https:\\\/\\\/ghinduction.com\\\/pt-br\\\/#organization\",\"name\":\"GH Induction - Experts in Induction Heat Treatment and Induction Heating\",\"alternateName\":\"GH Induction\",\"url\":\"https:\\\/\\\/ghinduction.com\\\/pt-br\\\/\",\"logo\":{\"@type\":\"ImageObject\",\"inLanguage\":\"pt-BR\",\"@id\":\"https:\\\/\\\/ghinduction.com\\\/pt-br\\\/#\\\/schema\\\/logo\\\/image\\\/\",\"url\":\"https:\\\/\\\/ghinduction.com\\\/wp-content\\\/uploads\\\/2024\\\/05\\\/logo-gh-induction.png\",\"contentUrl\":\"https:\\\/\\\/ghinduction.com\\\/wp-content\\\/uploads\\\/2024\\\/05\\\/logo-gh-induction.png\",\"width\":225,\"height\":225,\"caption\":\"GH Induction - Experts in Induction Heat Treatment and Induction Heating\"},\"image\":{\"@id\":\"https:\\\/\\\/ghinduction.com\\\/pt-br\\\/#\\\/schema\\\/logo\\\/image\\\/\"},\"sameAs\":[\"https:\\\/\\\/www.facebook.com\\\/ghinductionheating\",\"https:\\\/\\\/www.linkedin.com\\\/company\\\/gh-induction\\\/\",\"https:\\\/\\\/www.youtube.com\\\/user\\\/GhInduction\"]}]}<\/script>\n<!-- \/ Yoast SEO plugin. -->","yoast_head_json":{"title":"Ind\u00fastria 4.0 em aquecimento por indu\u00e7\u00e3o - GH Induction","description":"A Indu\u00e7\u00e3o 4.0 na GH Induction representa a evolu\u00e7\u00e3o das solu\u00e7\u00f5es de aquecimento por indu\u00e7\u00e3o dentro do contexto da 'Ind\u00fastria 4.0' ou manufatura avan\u00e7ada. O aquecimento por indu\u00e7\u00e3o \u00e9 uma tecnologia que oferece grandes vantagens na produ\u00e7\u00e3o avan\u00e7ada: \u00e9 digitalmente control\u00e1vel, altamente preciso, seguro e eficiente. Essas vantagens, combinadas com o uso de outras tecnologias digitais, permitem que os sistemas e m\u00e1quinas da GH sejam totalmente integrados \u00e0s linhas de produ\u00e7\u00e3o mais avan\u00e7adas. Os fabricantes de hoje est\u00e3o sendo obrigados a se tornarem mais eficientes em termos de processo e custo, a fim de responder rapidamente e de maneira eficaz \u00e0s mudan\u00e7as na demanda. A Internet das Coisas, realidade aumentada, manufatura aditiva, simula\u00e7\u00f5es digitais e automa\u00e7\u00e3o completa s\u00e3o apenas algumas das tecnologias digitais habilitadoras em demanda na ind\u00fastria manufatureira hoje.","robots":{"index":"index","follow":"follow","max-snippet":"max-snippet:-1","max-image-preview":"max-image-preview:large","max-video-preview":"max-video-preview:-1"},"canonical":"https:\/\/ghinduction.com\/pt-br\/inovacao\/advanced-manufacturing\/","og_locale":"pt_BR","og_type":"article","og_title":"Ind\u00fastria 4.0 em aquecimento por indu\u00e7\u00e3o - GH Induction","og_description":"A Indu\u00e7\u00e3o 4.0 na GH Induction representa a evolu\u00e7\u00e3o das solu\u00e7\u00f5es de aquecimento por indu\u00e7\u00e3o dentro do contexto da 'Ind\u00fastria 4.0' ou manufatura avan\u00e7ada. O aquecimento por indu\u00e7\u00e3o \u00e9 uma tecnologia que oferece grandes vantagens na produ\u00e7\u00e3o avan\u00e7ada: \u00e9 digitalmente control\u00e1vel, altamente preciso, seguro e eficiente. Essas vantagens, combinadas com o uso de outras tecnologias digitais, permitem que os sistemas e m\u00e1quinas da GH sejam totalmente integrados \u00e0s linhas de produ\u00e7\u00e3o mais avan\u00e7adas. Os fabricantes de hoje est\u00e3o sendo obrigados a se tornarem mais eficientes em termos de processo e custo, a fim de responder rapidamente e de maneira eficaz \u00e0s mudan\u00e7as na demanda. A Internet das Coisas, realidade aumentada, manufatura aditiva, simula\u00e7\u00f5es digitais e automa\u00e7\u00e3o completa s\u00e3o apenas algumas das tecnologias digitais habilitadoras em demanda na ind\u00fastria manufatureira hoje.","og_url":"https:\/\/ghinduction.com\/pt-br\/inovacao\/advanced-manufacturing\/","og_site_name":"GH Induction Brasil","article_publisher":"https:\/\/www.facebook.com\/ghinductionheating","article_modified_time":"2026-02-26T09:17:21+00:00","twitter_card":"summary_large_image","schema":{"@context":"https:\/\/schema.org","@graph":[{"@type":"WebPage","@id":"https:\/\/ghinduction.com\/pt-br\/inovacao\/advanced-manufacturing\/","url":"https:\/\/ghinduction.com\/pt-br\/inovacao\/advanced-manufacturing\/","name":"Ind\u00fastria 4.0 em aquecimento por indu\u00e7\u00e3o - GH Induction","isPartOf":{"@id":"https:\/\/ghinduction.com\/pt-br\/#website"},"datePublished":"2023-01-09T09:02:12+00:00","dateModified":"2026-02-26T09:17:21+00:00","description":"A Indu\u00e7\u00e3o 4.0 na GH Induction representa a evolu\u00e7\u00e3o das solu\u00e7\u00f5es de aquecimento por indu\u00e7\u00e3o dentro do contexto da 'Ind\u00fastria 4.0' ou manufatura avan\u00e7ada. O aquecimento por indu\u00e7\u00e3o \u00e9 uma tecnologia que oferece grandes vantagens na produ\u00e7\u00e3o avan\u00e7ada: \u00e9 digitalmente control\u00e1vel, altamente preciso, seguro e eficiente. Essas vantagens, combinadas com o uso de outras tecnologias digitais, permitem que os sistemas e m\u00e1quinas da GH sejam totalmente integrados \u00e0s linhas de produ\u00e7\u00e3o mais avan\u00e7adas. Os fabricantes de hoje est\u00e3o sendo obrigados a se tornarem mais eficientes em termos de processo e custo, a fim de responder rapidamente e de maneira eficaz \u00e0s mudan\u00e7as na demanda. A Internet das Coisas, realidade aumentada, manufatura aditiva, simula\u00e7\u00f5es digitais e automa\u00e7\u00e3o completa s\u00e3o apenas algumas das tecnologias digitais habilitadoras em demanda na ind\u00fastria manufatureira hoje.","breadcrumb":{"@id":"https:\/\/ghinduction.com\/pt-br\/inovacao\/advanced-manufacturing\/#breadcrumb"},"inLanguage":"pt-BR","potentialAction":[{"@type":"ReadAction","target":["https:\/\/ghinduction.com\/pt-br\/inovacao\/advanced-manufacturing\/"]}]},{"@type":"BreadcrumbList","@id":"https:\/\/ghinduction.com\/pt-br\/inovacao\/advanced-manufacturing\/#breadcrumb","itemListElement":[{"@type":"ListItem","position":1,"name":"Home","item":"https:\/\/ghinduction.com\/pt-br\/"},{"@type":"ListItem","position":2,"name":"Inova\u00e7\u00e3o","item":"https:\/\/ghinduction.com\/pt-br\/inovacao\/"},{"@type":"ListItem","position":3,"name":"Manufatura avan\u00e7ada"}]},{"@type":"WebSite","@id":"https:\/\/ghinduction.com\/pt-br\/#website","url":"https:\/\/ghinduction.com\/pt-br\/","name":"GH Induction - Experts in Induction Heat Treatment and Induction Heating","description":"GH Induction offers advanced induction heat treatment and heating solutions for various industrial applications. With over 60 years of experience, our innovative systems ensure efficiency and quality across diverse sectors globally.","publisher":{"@id":"https:\/\/ghinduction.com\/pt-br\/#organization"},"alternateName":"GH Induction","potentialAction":[{"@type":"SearchAction","target":{"@type":"EntryPoint","urlTemplate":"https:\/\/ghinduction.com\/pt-br\/?s={search_term_string}"},"query-input":{"@type":"PropertyValueSpecification","valueRequired":true,"valueName":"search_term_string"}}],"inLanguage":"pt-BR"},{"@type":"Organization","@id":"https:\/\/ghinduction.com\/pt-br\/#organization","name":"GH Induction - Experts in Induction Heat Treatment and Induction Heating","alternateName":"GH Induction","url":"https:\/\/ghinduction.com\/pt-br\/","logo":{"@type":"ImageObject","inLanguage":"pt-BR","@id":"https:\/\/ghinduction.com\/pt-br\/#\/schema\/logo\/image\/","url":"https:\/\/ghinduction.com\/wp-content\/uploads\/2024\/05\/logo-gh-induction.png","contentUrl":"https:\/\/ghinduction.com\/wp-content\/uploads\/2024\/05\/logo-gh-induction.png","width":225,"height":225,"caption":"GH Induction - Experts in Induction Heat Treatment and Induction Heating"},"image":{"@id":"https:\/\/ghinduction.com\/pt-br\/#\/schema\/logo\/image\/"},"sameAs":["https:\/\/www.facebook.com\/ghinductionheating","https:\/\/www.linkedin.com\/company\/gh-induction\/","https:\/\/www.youtube.com\/user\/GhInduction"]}]}},"_links":{"self":[{"href":"https:\/\/ghinduction.com\/pt-br\/wp-json\/wp\/v2\/pages\/30550","targetHints":{"allow":["GET"]}}],"collection":[{"href":"https:\/\/ghinduction.com\/pt-br\/wp-json\/wp\/v2\/pages"}],"about":[{"href":"https:\/\/ghinduction.com\/pt-br\/wp-json\/wp\/v2\/types\/page"}],"author":[{"embeddable":true,"href":"https:\/\/ghinduction.com\/pt-br\/wp-json\/wp\/v2\/users\/1"}],"replies":[{"embeddable":true,"href":"https:\/\/ghinduction.com\/pt-br\/wp-json\/wp\/v2\/comments?post=30550"}],"version-history":[{"count":1,"href":"https:\/\/ghinduction.com\/pt-br\/wp-json\/wp\/v2\/pages\/30550\/revisions"}],"predecessor-version":[{"id":65682,"href":"https:\/\/ghinduction.com\/pt-br\/wp-json\/wp\/v2\/pages\/30550\/revisions\/65682"}],"up":[{"embeddable":true,"href":"https:\/\/ghinduction.com\/pt-br\/wp-json\/wp\/v2\/pages\/31353"}],"wp:attachment":[{"href":"https:\/\/ghinduction.com\/pt-br\/wp-json\/wp\/v2\/media?parent=30550"}],"wp:term":[{"taxonomy":"industry","embeddable":true,"href":"https:\/\/ghinduction.com\/pt-br\/wp-json\/wp\/v2\/industry?post=30550"},{"taxonomy":"processes","embeddable":true,"href":"https:\/\/ghinduction.com\/pt-br\/wp-json\/wp\/v2\/processes?post=30550"},{"taxonomy":"solutions","embeddable":true,"href":"https:\/\/ghinduction.com\/pt-br\/wp-json\/wp\/v2\/solutions?post=30550"}],"curies":[{"name":"wp","href":"https:\/\/api.w.org\/{rel}","templated":true}]}}