{"id":39605,"date":"2024-01-09T10:49:09","date_gmt":"2024-01-09T10:49:09","guid":{"rendered":"https:\/\/ghinduction.com\/produtos-servicos\/indutores\/inducao-processo-monitoramento-ipm4-0\/"},"modified":"2026-02-27T11:23:02","modified_gmt":"2026-02-27T11:23:02","slug":"inducao-processo-monitoramento-ipm4-0","status":"publish","type":"page","link":"https:\/\/ghinduction.com\/pt-br\/produtos-servicos\/indutores\/inducao-processo-monitoramento-ipm4-0\/","title":{"rendered":"Monitoramento do processo de indu\u00e7\u00e3o, IPM 4.0"},"content":{"rendered":"","protected":false},"excerpt":{"rendered":"","protected":false},"author":4,"featured_media":0,"parent":31446,"menu_order":0,"comment_status":"closed","ping_status":"closed","template":"","meta":{"_acf_changed":false,"footnotes":""},"industry":[],"processes":[],"solutions":[],"class_list":["post-39605","page","type-page","status-publish","hentry"],"acf":[],"yoast_head":"<!-- This site is optimized with the Yoast SEO plugin v27.3 - https:\/\/yoast.com\/product\/yoast-seo-wordpress\/ -->\n<title>Sistema de Monitoramento e Rastreabilidade de Processos por Indu\u00e7\u00e3o | GH Induction<\/title>\n<meta name=\"description\" content=\"O IPM 4.0 \u00e9 uma solu\u00e7\u00e3o de software que permite aos fabricantes monitorar o processo de aquecimento por indu\u00e7\u00e3o em tempo real, acompanhando de perto os principais par\u00e2metros que garantem a qualidade das pe\u00e7as. Seja na t\u00eampera, no revenimento, na brasagem ou em qualquer outra aplica\u00e7\u00e3o descont\u00ednua, o IPM oferece um controle preciso e confi\u00e1vel.\" \/>\n<meta name=\"robots\" content=\"index, follow, max-snippet:-1, max-image-preview:large, max-video-preview:-1\" \/>\n<link rel=\"canonical\" href=\"https:\/\/ghinduction.com\/pt-br\/produtos-servicos\/indutores\/inducao-processo-monitoramento-ipm4-0\/\" \/>\n<meta property=\"og:locale\" content=\"pt_BR\" \/>\n<meta property=\"og:type\" content=\"article\" \/>\n<meta property=\"og:title\" content=\"Sistema de Monitoramento e Rastreabilidade de Processos por Indu\u00e7\u00e3o | GH Induction\" \/>\n<meta property=\"og:description\" content=\"O IPM 4.0 \u00e9 uma solu\u00e7\u00e3o de software que permite aos fabricantes monitorar o processo de aquecimento por indu\u00e7\u00e3o em tempo real, acompanhando de perto os principais par\u00e2metros que garantem a qualidade das pe\u00e7as. Seja na t\u00eampera, no revenimento, na brasagem ou em qualquer outra aplica\u00e7\u00e3o descont\u00ednua, o IPM oferece um controle preciso e confi\u00e1vel.\" \/>\n<meta property=\"og:url\" content=\"https:\/\/ghinduction.com\/pt-br\/produtos-servicos\/indutores\/inducao-processo-monitoramento-ipm4-0\/\" \/>\n<meta property=\"og:site_name\" content=\"GH Induction Brasil\" \/>\n<meta property=\"article:publisher\" content=\"https:\/\/www.facebook.com\/ghinductionheating\" \/>\n<meta property=\"article:modified_time\" content=\"2026-02-27T11:23:02+00:00\" \/>\n<meta name=\"twitter:card\" content=\"summary_large_image\" \/>\n<script type=\"application\/ld+json\" class=\"yoast-schema-graph\">{\"@context\":\"https:\\\/\\\/schema.org\",\"@graph\":[{\"@type\":\"WebPage\",\"@id\":\"https:\\\/\\\/ghinduction.com\\\/pt-br\\\/produtos-servicos\\\/indutores\\\/inducao-processo-monitoramento-ipm4-0\\\/\",\"url\":\"https:\\\/\\\/ghinduction.com\\\/pt-br\\\/produtos-servicos\\\/indutores\\\/inducao-processo-monitoramento-ipm4-0\\\/\",\"name\":\"Sistema de Monitoramento e Rastreabilidade de Processos por Indu\u00e7\u00e3o | GH Induction\",\"isPartOf\":{\"@id\":\"https:\\\/\\\/ghinduction.com\\\/pt-br\\\/#website\"},\"datePublished\":\"2024-01-09T10:49:09+00:00\",\"dateModified\":\"2026-02-27T11:23:02+00:00\",\"description\":\"O IPM 4.0 \u00e9 uma solu\u00e7\u00e3o de software que permite aos fabricantes monitorar o processo de aquecimento por indu\u00e7\u00e3o em tempo real, acompanhando de perto os principais par\u00e2metros que garantem a qualidade das pe\u00e7as. Seja na t\u00eampera, no revenimento, na brasagem ou em qualquer outra aplica\u00e7\u00e3o descont\u00ednua, o IPM oferece um controle preciso e confi\u00e1vel.\",\"breadcrumb\":{\"@id\":\"https:\\\/\\\/ghinduction.com\\\/pt-br\\\/produtos-servicos\\\/indutores\\\/inducao-processo-monitoramento-ipm4-0\\\/#breadcrumb\"},\"inLanguage\":\"pt-BR\",\"potentialAction\":[{\"@type\":\"ReadAction\",\"target\":[\"https:\\\/\\\/ghinduction.com\\\/pt-br\\\/produtos-servicos\\\/indutores\\\/inducao-processo-monitoramento-ipm4-0\\\/\"]}]},{\"@type\":\"BreadcrumbList\",\"@id\":\"https:\\\/\\\/ghinduction.com\\\/pt-br\\\/produtos-servicos\\\/indutores\\\/inducao-processo-monitoramento-ipm4-0\\\/#breadcrumb\",\"itemListElement\":[{\"@type\":\"ListItem\",\"position\":1,\"name\":\"Home\",\"item\":\"https:\\\/\\\/ghinduction.com\\\/pt-br\\\/\"},{\"@type\":\"ListItem\",\"position\":2,\"name\":\"Produtos e Servi\u00e7os\",\"item\":\"https:\\\/\\\/ghinduction.com\\\/pt-br\\\/produtos-servicos\\\/\"},{\"@type\":\"ListItem\",\"position\":3,\"name\":\"Indutores\",\"item\":\"https:\\\/\\\/ghinduction.com\\\/pt-br\\\/produtos-servicos\\\/indutores\\\/\"},{\"@type\":\"ListItem\",\"position\":4,\"name\":\"Monitoramento do processo de indu\u00e7\u00e3o, IPM 4.0\"}]},{\"@type\":\"WebSite\",\"@id\":\"https:\\\/\\\/ghinduction.com\\\/pt-br\\\/#website\",\"url\":\"https:\\\/\\\/ghinduction.com\\\/pt-br\\\/\",\"name\":\"GH Induction - Experts in Induction Heat Treatment and Induction Heating\",\"description\":\"GH Induction offers advanced induction heat treatment and heating solutions for various industrial applications. With over 60 years of experience, our innovative systems ensure efficiency and quality across diverse sectors globally.\",\"publisher\":{\"@id\":\"https:\\\/\\\/ghinduction.com\\\/pt-br\\\/#organization\"},\"alternateName\":\"GH Induction\",\"potentialAction\":[{\"@type\":\"SearchAction\",\"target\":{\"@type\":\"EntryPoint\",\"urlTemplate\":\"https:\\\/\\\/ghinduction.com\\\/pt-br\\\/?s={search_term_string}\"},\"query-input\":{\"@type\":\"PropertyValueSpecification\",\"valueRequired\":true,\"valueName\":\"search_term_string\"}}],\"inLanguage\":\"pt-BR\"},{\"@type\":\"Organization\",\"@id\":\"https:\\\/\\\/ghinduction.com\\\/pt-br\\\/#organization\",\"name\":\"GH Induction - Experts in Induction Heat Treatment and Induction Heating\",\"alternateName\":\"GH Induction\",\"url\":\"https:\\\/\\\/ghinduction.com\\\/pt-br\\\/\",\"logo\":{\"@type\":\"ImageObject\",\"inLanguage\":\"pt-BR\",\"@id\":\"https:\\\/\\\/ghinduction.com\\\/pt-br\\\/#\\\/schema\\\/logo\\\/image\\\/\",\"url\":\"https:\\\/\\\/ghinduction.com\\\/wp-content\\\/uploads\\\/2024\\\/05\\\/logo-gh-induction.png\",\"contentUrl\":\"https:\\\/\\\/ghinduction.com\\\/wp-content\\\/uploads\\\/2024\\\/05\\\/logo-gh-induction.png\",\"width\":225,\"height\":225,\"caption\":\"GH Induction - Experts in Induction Heat Treatment and Induction Heating\"},\"image\":{\"@id\":\"https:\\\/\\\/ghinduction.com\\\/pt-br\\\/#\\\/schema\\\/logo\\\/image\\\/\"},\"sameAs\":[\"https:\\\/\\\/www.facebook.com\\\/ghinductionheating\",\"https:\\\/\\\/www.linkedin.com\\\/company\\\/gh-induction\\\/\",\"https:\\\/\\\/www.youtube.com\\\/user\\\/GhInduction\"]}]}<\/script>\n<!-- \/ Yoast SEO plugin. -->","yoast_head_json":{"title":"Sistema de Monitoramento e Rastreabilidade de Processos por Indu\u00e7\u00e3o | GH Induction","description":"O IPM 4.0 \u00e9 uma solu\u00e7\u00e3o de software que permite aos fabricantes monitorar o processo de aquecimento por indu\u00e7\u00e3o em tempo real, acompanhando de perto os principais par\u00e2metros que garantem a qualidade das pe\u00e7as. Seja na t\u00eampera, no revenimento, na brasagem ou em qualquer outra aplica\u00e7\u00e3o descont\u00ednua, o IPM oferece um controle preciso e confi\u00e1vel.","robots":{"index":"index","follow":"follow","max-snippet":"max-snippet:-1","max-image-preview":"max-image-preview:large","max-video-preview":"max-video-preview:-1"},"canonical":"https:\/\/ghinduction.com\/pt-br\/produtos-servicos\/indutores\/inducao-processo-monitoramento-ipm4-0\/","og_locale":"pt_BR","og_type":"article","og_title":"Sistema de Monitoramento e Rastreabilidade de Processos por Indu\u00e7\u00e3o | GH Induction","og_description":"O IPM 4.0 \u00e9 uma solu\u00e7\u00e3o de software que permite aos fabricantes monitorar o processo de aquecimento por indu\u00e7\u00e3o em tempo real, acompanhando de perto os principais par\u00e2metros que garantem a qualidade das pe\u00e7as. Seja na t\u00eampera, no revenimento, na brasagem ou em qualquer outra aplica\u00e7\u00e3o descont\u00ednua, o IPM oferece um controle preciso e confi\u00e1vel.","og_url":"https:\/\/ghinduction.com\/pt-br\/produtos-servicos\/indutores\/inducao-processo-monitoramento-ipm4-0\/","og_site_name":"GH Induction Brasil","article_publisher":"https:\/\/www.facebook.com\/ghinductionheating","article_modified_time":"2026-02-27T11:23:02+00:00","twitter_card":"summary_large_image","schema":{"@context":"https:\/\/schema.org","@graph":[{"@type":"WebPage","@id":"https:\/\/ghinduction.com\/pt-br\/produtos-servicos\/indutores\/inducao-processo-monitoramento-ipm4-0\/","url":"https:\/\/ghinduction.com\/pt-br\/produtos-servicos\/indutores\/inducao-processo-monitoramento-ipm4-0\/","name":"Sistema de Monitoramento e Rastreabilidade de Processos por Indu\u00e7\u00e3o | GH Induction","isPartOf":{"@id":"https:\/\/ghinduction.com\/pt-br\/#website"},"datePublished":"2024-01-09T10:49:09+00:00","dateModified":"2026-02-27T11:23:02+00:00","description":"O IPM 4.0 \u00e9 uma solu\u00e7\u00e3o de software que permite aos fabricantes monitorar o processo de aquecimento por indu\u00e7\u00e3o em tempo real, acompanhando de perto os principais par\u00e2metros que garantem a qualidade das pe\u00e7as. Seja na t\u00eampera, no revenimento, na brasagem ou em qualquer outra aplica\u00e7\u00e3o descont\u00ednua, o IPM oferece um controle preciso e confi\u00e1vel.","breadcrumb":{"@id":"https:\/\/ghinduction.com\/pt-br\/produtos-servicos\/indutores\/inducao-processo-monitoramento-ipm4-0\/#breadcrumb"},"inLanguage":"pt-BR","potentialAction":[{"@type":"ReadAction","target":["https:\/\/ghinduction.com\/pt-br\/produtos-servicos\/indutores\/inducao-processo-monitoramento-ipm4-0\/"]}]},{"@type":"BreadcrumbList","@id":"https:\/\/ghinduction.com\/pt-br\/produtos-servicos\/indutores\/inducao-processo-monitoramento-ipm4-0\/#breadcrumb","itemListElement":[{"@type":"ListItem","position":1,"name":"Home","item":"https:\/\/ghinduction.com\/pt-br\/"},{"@type":"ListItem","position":2,"name":"Produtos e Servi\u00e7os","item":"https:\/\/ghinduction.com\/pt-br\/produtos-servicos\/"},{"@type":"ListItem","position":3,"name":"Indutores","item":"https:\/\/ghinduction.com\/pt-br\/produtos-servicos\/indutores\/"},{"@type":"ListItem","position":4,"name":"Monitoramento do processo de indu\u00e7\u00e3o, IPM 4.0"}]},{"@type":"WebSite","@id":"https:\/\/ghinduction.com\/pt-br\/#website","url":"https:\/\/ghinduction.com\/pt-br\/","name":"GH Induction - Experts in Induction Heat Treatment and Induction Heating","description":"GH Induction offers advanced induction heat treatment and heating solutions for various industrial applications. With over 60 years of experience, our innovative systems ensure efficiency and quality across diverse sectors globally.","publisher":{"@id":"https:\/\/ghinduction.com\/pt-br\/#organization"},"alternateName":"GH Induction","potentialAction":[{"@type":"SearchAction","target":{"@type":"EntryPoint","urlTemplate":"https:\/\/ghinduction.com\/pt-br\/?s={search_term_string}"},"query-input":{"@type":"PropertyValueSpecification","valueRequired":true,"valueName":"search_term_string"}}],"inLanguage":"pt-BR"},{"@type":"Organization","@id":"https:\/\/ghinduction.com\/pt-br\/#organization","name":"GH Induction - Experts in Induction Heat Treatment and Induction Heating","alternateName":"GH Induction","url":"https:\/\/ghinduction.com\/pt-br\/","logo":{"@type":"ImageObject","inLanguage":"pt-BR","@id":"https:\/\/ghinduction.com\/pt-br\/#\/schema\/logo\/image\/","url":"https:\/\/ghinduction.com\/wp-content\/uploads\/2024\/05\/logo-gh-induction.png","contentUrl":"https:\/\/ghinduction.com\/wp-content\/uploads\/2024\/05\/logo-gh-induction.png","width":225,"height":225,"caption":"GH Induction - Experts in Induction Heat Treatment and Induction Heating"},"image":{"@id":"https:\/\/ghinduction.com\/pt-br\/#\/schema\/logo\/image\/"},"sameAs":["https:\/\/www.facebook.com\/ghinductionheating","https:\/\/www.linkedin.com\/company\/gh-induction\/","https:\/\/www.youtube.com\/user\/GhInduction"]}]}},"_links":{"self":[{"href":"https:\/\/ghinduction.com\/pt-br\/wp-json\/wp\/v2\/pages\/39605","targetHints":{"allow":["GET"]}}],"collection":[{"href":"https:\/\/ghinduction.com\/pt-br\/wp-json\/wp\/v2\/pages"}],"about":[{"href":"https:\/\/ghinduction.com\/pt-br\/wp-json\/wp\/v2\/types\/page"}],"author":[{"embeddable":true,"href":"https:\/\/ghinduction.com\/pt-br\/wp-json\/wp\/v2\/users\/4"}],"replies":[{"embeddable":true,"href":"https:\/\/ghinduction.com\/pt-br\/wp-json\/wp\/v2\/comments?post=39605"}],"version-history":[{"count":1,"href":"https:\/\/ghinduction.com\/pt-br\/wp-json\/wp\/v2\/pages\/39605\/revisions"}],"predecessor-version":[{"id":67229,"href":"https:\/\/ghinduction.com\/pt-br\/wp-json\/wp\/v2\/pages\/39605\/revisions\/67229"}],"up":[{"embeddable":true,"href":"https:\/\/ghinduction.com\/pt-br\/wp-json\/wp\/v2\/pages\/31446"}],"wp:attachment":[{"href":"https:\/\/ghinduction.com\/pt-br\/wp-json\/wp\/v2\/media?parent=39605"}],"wp:term":[{"taxonomy":"industry","embeddable":true,"href":"https:\/\/ghinduction.com\/pt-br\/wp-json\/wp\/v2\/industry?post=39605"},{"taxonomy":"processes","embeddable":true,"href":"https:\/\/ghinduction.com\/pt-br\/wp-json\/wp\/v2\/processes?post=39605"},{"taxonomy":"solutions","embeddable":true,"href":"https:\/\/ghinduction.com\/pt-br\/wp-json\/wp\/v2\/solutions?post=39605"}],"curies":[{"name":"wp","href":"https:\/\/api.w.org\/{rel}","templated":true}]}}