{"id":39616,"date":"2023-01-09T09:02:06","date_gmt":"2023-01-09T09:02:06","guid":{"rendered":"https:\/\/ghinduction.com\/produtos-servicos\/sistemas-aquecimento-inducao\/"},"modified":"2026-02-25T12:20:54","modified_gmt":"2026-02-25T12:20:54","slug":"sistemas-aquecimento-inducao","status":"publish","type":"page","link":"https:\/\/ghinduction.com\/pt-br\/produtos-servicos\/sistemas-aquecimento-inducao\/","title":{"rendered":"Geradores de aquecimento por indu\u00e7\u00e3o"},"content":{"rendered":"","protected":false},"excerpt":{"rendered":"","protected":false},"author":1,"featured_media":29885,"parent":24444,"menu_order":7,"comment_status":"closed","ping_status":"closed","template":"","meta":{"_acf_changed":false,"footnotes":""},"industry":[],"processes":[],"solutions":[],"class_list":["post-39616","page","type-page","status-publish","has-post-thumbnail","hentry"],"acf":[],"yoast_head":"<!-- This site is optimized with the Yoast SEO plugin v27.3 - https:\/\/yoast.com\/product\/yoast-seo-wordpress\/ -->\n<title>Gerador de indu\u00e7\u00e3o | GH Induction Brasil<\/title>\n<meta name=\"description\" content=\"Os sistemas de indu\u00e7\u00e3o industrial ou geradores de indu\u00e7\u00e3o da GH Induction Brasil s\u00e3o projetados para proporcionar a m\u00e1xima efici\u00eancia do processo e vida \u00fatil do equipamento.\" \/>\n<meta name=\"robots\" content=\"index, follow, max-snippet:-1, max-image-preview:large, max-video-preview:-1\" \/>\n<link rel=\"canonical\" href=\"https:\/\/ghinduction.com\/pt-br\/produtos-servicos\/sistemas-aquecimento-inducao\/\" \/>\n<meta property=\"og:locale\" content=\"pt_BR\" \/>\n<meta property=\"og:type\" content=\"article\" \/>\n<meta property=\"og:title\" content=\"Gerador de indu\u00e7\u00e3o | GH Induction Brasil\" \/>\n<meta property=\"og:description\" content=\"Os sistemas de indu\u00e7\u00e3o industrial ou geradores de indu\u00e7\u00e3o da GH Induction Brasil s\u00e3o projetados para proporcionar a m\u00e1xima efici\u00eancia do processo e vida \u00fatil do equipamento.\" \/>\n<meta property=\"og:url\" content=\"https:\/\/ghinduction.com\/pt-br\/produtos-servicos\/sistemas-aquecimento-inducao\/\" \/>\n<meta property=\"og:site_name\" content=\"GH Induction Brasil\" \/>\n<meta property=\"article:publisher\" content=\"https:\/\/www.facebook.com\/ghinductionheating\" \/>\n<meta property=\"article:modified_time\" content=\"2026-02-25T12:20:54+00:00\" \/>\n<meta property=\"og:image\" content=\"https:\/\/ghinduction.com\/wp-content\/uploads\/2023\/12\/Banner_Induction_heating_Systems_opt.jpg\" \/>\n\t<meta property=\"og:image:width\" content=\"1800\" \/>\n\t<meta property=\"og:image:height\" content=\"1200\" \/>\n\t<meta property=\"og:image:type\" content=\"image\/jpeg\" \/>\n<meta name=\"twitter:card\" content=\"summary_large_image\" \/>\n<meta name=\"twitter:label1\" content=\"Est. tempo de leitura\" \/>\n\t<meta name=\"twitter:data1\" content=\"1 minuto\" \/>\n<script type=\"application\/ld+json\" class=\"yoast-schema-graph\">{\"@context\":\"https:\\\/\\\/schema.org\",\"@graph\":[{\"@type\":\"WebPage\",\"@id\":\"https:\\\/\\\/ghinduction.com\\\/pt-br\\\/produtos-servicos\\\/sistemas-aquecimento-inducao\\\/\",\"url\":\"https:\\\/\\\/ghinduction.com\\\/pt-br\\\/produtos-servicos\\\/sistemas-aquecimento-inducao\\\/\",\"name\":\"Gerador de indu\u00e7\u00e3o | GH Induction Brasil\",\"isPartOf\":{\"@id\":\"https:\\\/\\\/ghinduction.com\\\/pt-br\\\/#website\"},\"primaryImageOfPage\":{\"@id\":\"https:\\\/\\\/ghinduction.com\\\/pt-br\\\/produtos-servicos\\\/sistemas-aquecimento-inducao\\\/#primaryimage\"},\"image\":{\"@id\":\"https:\\\/\\\/ghinduction.com\\\/pt-br\\\/produtos-servicos\\\/sistemas-aquecimento-inducao\\\/#primaryimage\"},\"thumbnailUrl\":\"https:\\\/\\\/ghinduction.com\\\/wp-content\\\/uploads\\\/2023\\\/12\\\/Banner_Induction_heating_Systems_opt.jpg\",\"datePublished\":\"2023-01-09T09:02:06+00:00\",\"dateModified\":\"2026-02-25T12:20:54+00:00\",\"description\":\"Os sistemas de indu\u00e7\u00e3o industrial ou geradores de indu\u00e7\u00e3o da GH Induction Brasil s\u00e3o projetados para proporcionar a m\u00e1xima efici\u00eancia do processo e vida \u00fatil do equipamento.\",\"breadcrumb\":{\"@id\":\"https:\\\/\\\/ghinduction.com\\\/pt-br\\\/produtos-servicos\\\/sistemas-aquecimento-inducao\\\/#breadcrumb\"},\"inLanguage\":\"pt-BR\",\"potentialAction\":[{\"@type\":\"ReadAction\",\"target\":[\"https:\\\/\\\/ghinduction.com\\\/pt-br\\\/produtos-servicos\\\/sistemas-aquecimento-inducao\\\/\"]}]},{\"@type\":\"ImageObject\",\"inLanguage\":\"pt-BR\",\"@id\":\"https:\\\/\\\/ghinduction.com\\\/pt-br\\\/produtos-servicos\\\/sistemas-aquecimento-inducao\\\/#primaryimage\",\"url\":\"https:\\\/\\\/ghinduction.com\\\/wp-content\\\/uploads\\\/2023\\\/12\\\/Banner_Induction_heating_Systems_opt.jpg\",\"contentUrl\":\"https:\\\/\\\/ghinduction.com\\\/wp-content\\\/uploads\\\/2023\\\/12\\\/Banner_Induction_heating_Systems_opt.jpg\",\"width\":1800,\"height\":1200},{\"@type\":\"BreadcrumbList\",\"@id\":\"https:\\\/\\\/ghinduction.com\\\/pt-br\\\/produtos-servicos\\\/sistemas-aquecimento-inducao\\\/#breadcrumb\",\"itemListElement\":[{\"@type\":\"ListItem\",\"position\":1,\"name\":\"Home\",\"item\":\"https:\\\/\\\/ghinduction.com\\\/pt-br\\\/\"},{\"@type\":\"ListItem\",\"position\":2,\"name\":\"Produtos e Servi\u00e7os\",\"item\":\"https:\\\/\\\/ghinduction.com\\\/pt-br\\\/produtos-servicos\\\/\"},{\"@type\":\"ListItem\",\"position\":3,\"name\":\"Geradores de aquecimento por indu\u00e7\u00e3o\"}]},{\"@type\":\"WebSite\",\"@id\":\"https:\\\/\\\/ghinduction.com\\\/pt-br\\\/#website\",\"url\":\"https:\\\/\\\/ghinduction.com\\\/pt-br\\\/\",\"name\":\"GH Induction - Experts in Induction Heat Treatment and Induction Heating\",\"description\":\"GH Induction offers advanced induction heat treatment and heating solutions for various industrial applications. With over 60 years of experience, our innovative systems ensure efficiency and quality across diverse sectors globally.\",\"publisher\":{\"@id\":\"https:\\\/\\\/ghinduction.com\\\/pt-br\\\/#organization\"},\"alternateName\":\"GH Induction\",\"potentialAction\":[{\"@type\":\"SearchAction\",\"target\":{\"@type\":\"EntryPoint\",\"urlTemplate\":\"https:\\\/\\\/ghinduction.com\\\/pt-br\\\/?s={search_term_string}\"},\"query-input\":{\"@type\":\"PropertyValueSpecification\",\"valueRequired\":true,\"valueName\":\"search_term_string\"}}],\"inLanguage\":\"pt-BR\"},{\"@type\":\"Organization\",\"@id\":\"https:\\\/\\\/ghinduction.com\\\/pt-br\\\/#organization\",\"name\":\"GH Induction - Experts in Induction Heat Treatment and Induction Heating\",\"alternateName\":\"GH Induction\",\"url\":\"https:\\\/\\\/ghinduction.com\\\/pt-br\\\/\",\"logo\":{\"@type\":\"ImageObject\",\"inLanguage\":\"pt-BR\",\"@id\":\"https:\\\/\\\/ghinduction.com\\\/pt-br\\\/#\\\/schema\\\/logo\\\/image\\\/\",\"url\":\"https:\\\/\\\/ghinduction.com\\\/wp-content\\\/uploads\\\/2024\\\/05\\\/logo-gh-induction.png\",\"contentUrl\":\"https:\\\/\\\/ghinduction.com\\\/wp-content\\\/uploads\\\/2024\\\/05\\\/logo-gh-induction.png\",\"width\":225,\"height\":225,\"caption\":\"GH Induction - Experts in Induction Heat Treatment and Induction Heating\"},\"image\":{\"@id\":\"https:\\\/\\\/ghinduction.com\\\/pt-br\\\/#\\\/schema\\\/logo\\\/image\\\/\"},\"sameAs\":[\"https:\\\/\\\/www.facebook.com\\\/ghinductionheating\",\"https:\\\/\\\/www.linkedin.com\\\/company\\\/gh-induction\\\/\",\"https:\\\/\\\/www.youtube.com\\\/user\\\/GhInduction\"]}]}<\/script>\n<!-- \/ Yoast SEO plugin. -->","yoast_head_json":{"title":"Gerador de indu\u00e7\u00e3o | GH Induction Brasil","description":"Os sistemas de indu\u00e7\u00e3o industrial ou geradores de indu\u00e7\u00e3o da GH Induction Brasil s\u00e3o projetados para proporcionar a m\u00e1xima efici\u00eancia do processo e vida \u00fatil do equipamento.","robots":{"index":"index","follow":"follow","max-snippet":"max-snippet:-1","max-image-preview":"max-image-preview:large","max-video-preview":"max-video-preview:-1"},"canonical":"https:\/\/ghinduction.com\/pt-br\/produtos-servicos\/sistemas-aquecimento-inducao\/","og_locale":"pt_BR","og_type":"article","og_title":"Gerador de indu\u00e7\u00e3o | GH Induction Brasil","og_description":"Os sistemas de indu\u00e7\u00e3o industrial ou geradores de indu\u00e7\u00e3o da GH Induction Brasil s\u00e3o projetados para proporcionar a m\u00e1xima efici\u00eancia do processo e vida \u00fatil do equipamento.","og_url":"https:\/\/ghinduction.com\/pt-br\/produtos-servicos\/sistemas-aquecimento-inducao\/","og_site_name":"GH Induction Brasil","article_publisher":"https:\/\/www.facebook.com\/ghinductionheating","article_modified_time":"2026-02-25T12:20:54+00:00","og_image":[{"width":1800,"height":1200,"url":"https:\/\/ghinduction.com\/wp-content\/uploads\/2023\/12\/Banner_Induction_heating_Systems_opt.jpg","type":"image\/jpeg"}],"twitter_card":"summary_large_image","twitter_misc":{"Est. tempo de leitura":"1 minuto"},"schema":{"@context":"https:\/\/schema.org","@graph":[{"@type":"WebPage","@id":"https:\/\/ghinduction.com\/pt-br\/produtos-servicos\/sistemas-aquecimento-inducao\/","url":"https:\/\/ghinduction.com\/pt-br\/produtos-servicos\/sistemas-aquecimento-inducao\/","name":"Gerador de indu\u00e7\u00e3o | GH Induction Brasil","isPartOf":{"@id":"https:\/\/ghinduction.com\/pt-br\/#website"},"primaryImageOfPage":{"@id":"https:\/\/ghinduction.com\/pt-br\/produtos-servicos\/sistemas-aquecimento-inducao\/#primaryimage"},"image":{"@id":"https:\/\/ghinduction.com\/pt-br\/produtos-servicos\/sistemas-aquecimento-inducao\/#primaryimage"},"thumbnailUrl":"https:\/\/ghinduction.com\/wp-content\/uploads\/2023\/12\/Banner_Induction_heating_Systems_opt.jpg","datePublished":"2023-01-09T09:02:06+00:00","dateModified":"2026-02-25T12:20:54+00:00","description":"Os sistemas de indu\u00e7\u00e3o industrial ou geradores de indu\u00e7\u00e3o da GH Induction Brasil s\u00e3o projetados para proporcionar a m\u00e1xima efici\u00eancia do processo e vida \u00fatil do equipamento.","breadcrumb":{"@id":"https:\/\/ghinduction.com\/pt-br\/produtos-servicos\/sistemas-aquecimento-inducao\/#breadcrumb"},"inLanguage":"pt-BR","potentialAction":[{"@type":"ReadAction","target":["https:\/\/ghinduction.com\/pt-br\/produtos-servicos\/sistemas-aquecimento-inducao\/"]}]},{"@type":"ImageObject","inLanguage":"pt-BR","@id":"https:\/\/ghinduction.com\/pt-br\/produtos-servicos\/sistemas-aquecimento-inducao\/#primaryimage","url":"https:\/\/ghinduction.com\/wp-content\/uploads\/2023\/12\/Banner_Induction_heating_Systems_opt.jpg","contentUrl":"https:\/\/ghinduction.com\/wp-content\/uploads\/2023\/12\/Banner_Induction_heating_Systems_opt.jpg","width":1800,"height":1200},{"@type":"BreadcrumbList","@id":"https:\/\/ghinduction.com\/pt-br\/produtos-servicos\/sistemas-aquecimento-inducao\/#breadcrumb","itemListElement":[{"@type":"ListItem","position":1,"name":"Home","item":"https:\/\/ghinduction.com\/pt-br\/"},{"@type":"ListItem","position":2,"name":"Produtos e Servi\u00e7os","item":"https:\/\/ghinduction.com\/pt-br\/produtos-servicos\/"},{"@type":"ListItem","position":3,"name":"Geradores de aquecimento por indu\u00e7\u00e3o"}]},{"@type":"WebSite","@id":"https:\/\/ghinduction.com\/pt-br\/#website","url":"https:\/\/ghinduction.com\/pt-br\/","name":"GH Induction - Experts in Induction Heat Treatment and Induction Heating","description":"GH Induction offers advanced induction heat treatment and heating solutions for various industrial applications. With over 60 years of experience, our innovative systems ensure efficiency and quality across diverse sectors globally.","publisher":{"@id":"https:\/\/ghinduction.com\/pt-br\/#organization"},"alternateName":"GH Induction","potentialAction":[{"@type":"SearchAction","target":{"@type":"EntryPoint","urlTemplate":"https:\/\/ghinduction.com\/pt-br\/?s={search_term_string}"},"query-input":{"@type":"PropertyValueSpecification","valueRequired":true,"valueName":"search_term_string"}}],"inLanguage":"pt-BR"},{"@type":"Organization","@id":"https:\/\/ghinduction.com\/pt-br\/#organization","name":"GH Induction - Experts in Induction Heat Treatment and Induction Heating","alternateName":"GH Induction","url":"https:\/\/ghinduction.com\/pt-br\/","logo":{"@type":"ImageObject","inLanguage":"pt-BR","@id":"https:\/\/ghinduction.com\/pt-br\/#\/schema\/logo\/image\/","url":"https:\/\/ghinduction.com\/wp-content\/uploads\/2024\/05\/logo-gh-induction.png","contentUrl":"https:\/\/ghinduction.com\/wp-content\/uploads\/2024\/05\/logo-gh-induction.png","width":225,"height":225,"caption":"GH Induction - Experts in Induction Heat Treatment and Induction Heating"},"image":{"@id":"https:\/\/ghinduction.com\/pt-br\/#\/schema\/logo\/image\/"},"sameAs":["https:\/\/www.facebook.com\/ghinductionheating","https:\/\/www.linkedin.com\/company\/gh-induction\/","https:\/\/www.youtube.com\/user\/GhInduction"]}]}},"_links":{"self":[{"href":"https:\/\/ghinduction.com\/pt-br\/wp-json\/wp\/v2\/pages\/39616","targetHints":{"allow":["GET"]}}],"collection":[{"href":"https:\/\/ghinduction.com\/pt-br\/wp-json\/wp\/v2\/pages"}],"about":[{"href":"https:\/\/ghinduction.com\/pt-br\/wp-json\/wp\/v2\/types\/page"}],"author":[{"embeddable":true,"href":"https:\/\/ghinduction.com\/pt-br\/wp-json\/wp\/v2\/users\/1"}],"replies":[{"embeddable":true,"href":"https:\/\/ghinduction.com\/pt-br\/wp-json\/wp\/v2\/comments?post=39616"}],"version-history":[{"count":10,"href":"https:\/\/ghinduction.com\/pt-br\/wp-json\/wp\/v2\/pages\/39616\/revisions"}],"predecessor-version":[{"id":65184,"href":"https:\/\/ghinduction.com\/pt-br\/wp-json\/wp\/v2\/pages\/39616\/revisions\/65184"}],"up":[{"embeddable":true,"href":"https:\/\/ghinduction.com\/pt-br\/wp-json\/wp\/v2\/pages\/24444"}],"wp:featuredmedia":[{"embeddable":true,"href":"https:\/\/ghinduction.com\/pt-br\/wp-json\/wp\/v2\/media\/29885"}],"wp:attachment":[{"href":"https:\/\/ghinduction.com\/pt-br\/wp-json\/wp\/v2\/media?parent=39616"}],"wp:term":[{"taxonomy":"industry","embeddable":true,"href":"https:\/\/ghinduction.com\/pt-br\/wp-json\/wp\/v2\/industry?post=39616"},{"taxonomy":"processes","embeddable":true,"href":"https:\/\/ghinduction.com\/pt-br\/wp-json\/wp\/v2\/processes?post=39616"},{"taxonomy":"solutions","embeddable":true,"href":"https:\/\/ghinduction.com\/pt-br\/wp-json\/wp\/v2\/solutions?post=39616"}],"curies":[{"name":"wp","href":"https:\/\/api.w.org\/{rel}","templated":true}]}}