{"id":60896,"date":"2023-01-09T09:02:46","date_gmt":"2023-01-09T09:02:46","guid":{"rendered":"https:\/\/ghinduction.com\/solucoes\/industria\/energia-potencia\/eletrotecnica\/"},"modified":"2026-02-27T07:21:14","modified_gmt":"2026-02-27T07:21:14","slug":"eletrotecnica","status":"publish","type":"page","link":"https:\/\/ghinduction.com\/pt-br\/solucoes\/industria\/energia-potencia\/eletrotecnica\/","title":{"rendered":"Eletrot\u00e9cnica"},"content":{"rendered":"","protected":false},"excerpt":{"rendered":"","protected":false},"author":1,"featured_media":2771,"parent":24760,"menu_order":64,"comment_status":"closed","ping_status":"closed","template":"","meta":{"_acf_changed":false,"footnotes":""},"industry":[],"processes":[],"solutions":[],"class_list":["post-60896","page","type-page","status-publish","has-post-thumbnail","hentry"],"acf":[],"yoast_head":"<!-- This site is optimized with the Yoast SEO plugin v27.3 - https:\/\/yoast.com\/product\/yoast-seo-wordpress\/ -->\n<title>Solu\u00e7\u00f5es de aquecimento por indu\u00e7\u00e3o para motores el\u00e9tricos, geradores<\/title>\n<meta name=\"description\" content=\"A GH Induction tem solu\u00e7\u00f5es de aquecimento por indu\u00e7\u00e3o para otimizar a fabrica\u00e7\u00e3o de motores el\u00e9tricos, geradores, transformadores e outros dispositivos eletrot\u00e9cnicos.\" \/>\n<meta name=\"robots\" content=\"index, follow, max-snippet:-1, max-image-preview:large, max-video-preview:-1\" \/>\n<link rel=\"canonical\" href=\"https:\/\/ghinduction.com\/pt-br\/solucoes\/industria\/energia-potencia\/eletrotecnica\/\" \/>\n<meta property=\"og:locale\" content=\"pt_BR\" \/>\n<meta property=\"og:type\" content=\"article\" \/>\n<meta property=\"og:title\" content=\"Solu\u00e7\u00f5es de aquecimento por indu\u00e7\u00e3o para motores el\u00e9tricos, geradores\" \/>\n<meta property=\"og:description\" content=\"A GH Induction tem solu\u00e7\u00f5es de aquecimento por indu\u00e7\u00e3o para otimizar a fabrica\u00e7\u00e3o de motores el\u00e9tricos, geradores, transformadores e outros dispositivos eletrot\u00e9cnicos.\" \/>\n<meta property=\"og:url\" content=\"https:\/\/ghinduction.com\/pt-br\/solucoes\/industria\/energia-potencia\/eletrotecnica\/\" \/>\n<meta property=\"og:site_name\" content=\"GH Induction Brasil\" \/>\n<meta property=\"article:publisher\" content=\"https:\/\/www.facebook.com\/ghinductionheating\" \/>\n<meta property=\"article:modified_time\" content=\"2026-02-27T07:21:14+00:00\" \/>\n<meta property=\"og:image\" content=\"https:\/\/ghinduction.com\/wp-content\/uploads\/2023\/02\/Banner-Electrotechnical.jpg\" \/>\n\t<meta property=\"og:image:width\" content=\"1920\" \/>\n\t<meta property=\"og:image:height\" content=\"1204\" \/>\n\t<meta property=\"og:image:type\" content=\"image\/jpeg\" \/>\n<meta name=\"twitter:card\" content=\"summary_large_image\" \/>\n<meta name=\"twitter:label1\" content=\"Est. tempo de leitura\" \/>\n\t<meta name=\"twitter:data1\" content=\"1 minuto\" \/>\n<script type=\"application\/ld+json\" class=\"yoast-schema-graph\">{\"@context\":\"https:\\\/\\\/schema.org\",\"@graph\":[{\"@type\":\"WebPage\",\"@id\":\"https:\\\/\\\/ghinduction.com\\\/pt-br\\\/solucoes\\\/industria\\\/energia-potencia\\\/eletrotecnica\\\/\",\"url\":\"https:\\\/\\\/ghinduction.com\\\/pt-br\\\/solucoes\\\/industria\\\/energia-potencia\\\/eletrotecnica\\\/\",\"name\":\"Solu\u00e7\u00f5es de aquecimento por indu\u00e7\u00e3o para motores el\u00e9tricos, geradores\",\"isPartOf\":{\"@id\":\"https:\\\/\\\/ghinduction.com\\\/pt-br\\\/#website\"},\"primaryImageOfPage\":{\"@id\":\"https:\\\/\\\/ghinduction.com\\\/pt-br\\\/solucoes\\\/industria\\\/energia-potencia\\\/eletrotecnica\\\/#primaryimage\"},\"image\":{\"@id\":\"https:\\\/\\\/ghinduction.com\\\/pt-br\\\/solucoes\\\/industria\\\/energia-potencia\\\/eletrotecnica\\\/#primaryimage\"},\"thumbnailUrl\":\"https:\\\/\\\/ghinduction.com\\\/wp-content\\\/uploads\\\/2023\\\/02\\\/Banner-Electrotechnical.jpg\",\"datePublished\":\"2023-01-09T09:02:46+00:00\",\"dateModified\":\"2026-02-27T07:21:14+00:00\",\"description\":\"A GH Induction tem solu\u00e7\u00f5es de aquecimento por indu\u00e7\u00e3o para otimizar a fabrica\u00e7\u00e3o de motores el\u00e9tricos, geradores, transformadores e outros dispositivos eletrot\u00e9cnicos.\",\"breadcrumb\":{\"@id\":\"https:\\\/\\\/ghinduction.com\\\/pt-br\\\/solucoes\\\/industria\\\/energia-potencia\\\/eletrotecnica\\\/#breadcrumb\"},\"inLanguage\":\"pt-BR\",\"potentialAction\":[{\"@type\":\"ReadAction\",\"target\":[\"https:\\\/\\\/ghinduction.com\\\/pt-br\\\/solucoes\\\/industria\\\/energia-potencia\\\/eletrotecnica\\\/\"]}]},{\"@type\":\"ImageObject\",\"inLanguage\":\"pt-BR\",\"@id\":\"https:\\\/\\\/ghinduction.com\\\/pt-br\\\/solucoes\\\/industria\\\/energia-potencia\\\/eletrotecnica\\\/#primaryimage\",\"url\":\"https:\\\/\\\/ghinduction.com\\\/wp-content\\\/uploads\\\/2023\\\/02\\\/Banner-Electrotechnical.jpg\",\"contentUrl\":\"https:\\\/\\\/ghinduction.com\\\/wp-content\\\/uploads\\\/2023\\\/02\\\/Banner-Electrotechnical.jpg\",\"width\":1920,\"height\":1204},{\"@type\":\"BreadcrumbList\",\"@id\":\"https:\\\/\\\/ghinduction.com\\\/pt-br\\\/solucoes\\\/industria\\\/energia-potencia\\\/eletrotecnica\\\/#breadcrumb\",\"itemListElement\":[{\"@type\":\"ListItem\",\"position\":1,\"name\":\"Home\",\"item\":\"https:\\\/\\\/ghinduction.com\\\/pt-br\\\/\"},{\"@type\":\"ListItem\",\"position\":2,\"name\":\"Solu\u00e7\u00f5es\",\"item\":\"https:\\\/\\\/ghinduction.com\\\/pt-br\\\/solucoes\\\/\"},{\"@type\":\"ListItem\",\"position\":3,\"name\":\"Ind\u00fastria\",\"item\":\"https:\\\/\\\/ghinduction.com\\\/pt-br\\\/solucoes\\\/industria\\\/\"},{\"@type\":\"ListItem\",\"position\":4,\"name\":\"Energia e Pot\u00eancia\",\"item\":\"https:\\\/\\\/ghinduction.com\\\/pt-br\\\/solucoes\\\/industria\\\/energia-potencia\\\/\"},{\"@type\":\"ListItem\",\"position\":5,\"name\":\"Eletrot\u00e9cnica\"}]},{\"@type\":\"WebSite\",\"@id\":\"https:\\\/\\\/ghinduction.com\\\/pt-br\\\/#website\",\"url\":\"https:\\\/\\\/ghinduction.com\\\/pt-br\\\/\",\"name\":\"GH Induction - Experts in Induction Heat Treatment and Induction Heating\",\"description\":\"GH Induction offers advanced induction heat treatment and heating solutions for various industrial applications. With over 60 years of experience, our innovative systems ensure efficiency and quality across diverse sectors globally.\",\"publisher\":{\"@id\":\"https:\\\/\\\/ghinduction.com\\\/pt-br\\\/#organization\"},\"alternateName\":\"GH Induction\",\"potentialAction\":[{\"@type\":\"SearchAction\",\"target\":{\"@type\":\"EntryPoint\",\"urlTemplate\":\"https:\\\/\\\/ghinduction.com\\\/pt-br\\\/?s={search_term_string}\"},\"query-input\":{\"@type\":\"PropertyValueSpecification\",\"valueRequired\":true,\"valueName\":\"search_term_string\"}}],\"inLanguage\":\"pt-BR\"},{\"@type\":\"Organization\",\"@id\":\"https:\\\/\\\/ghinduction.com\\\/pt-br\\\/#organization\",\"name\":\"GH Induction - Experts in Induction Heat Treatment and Induction Heating\",\"alternateName\":\"GH Induction\",\"url\":\"https:\\\/\\\/ghinduction.com\\\/pt-br\\\/\",\"logo\":{\"@type\":\"ImageObject\",\"inLanguage\":\"pt-BR\",\"@id\":\"https:\\\/\\\/ghinduction.com\\\/pt-br\\\/#\\\/schema\\\/logo\\\/image\\\/\",\"url\":\"https:\\\/\\\/ghinduction.com\\\/wp-content\\\/uploads\\\/2024\\\/05\\\/logo-gh-induction.png\",\"contentUrl\":\"https:\\\/\\\/ghinduction.com\\\/wp-content\\\/uploads\\\/2024\\\/05\\\/logo-gh-induction.png\",\"width\":225,\"height\":225,\"caption\":\"GH Induction - Experts in Induction Heat Treatment and Induction Heating\"},\"image\":{\"@id\":\"https:\\\/\\\/ghinduction.com\\\/pt-br\\\/#\\\/schema\\\/logo\\\/image\\\/\"},\"sameAs\":[\"https:\\\/\\\/www.facebook.com\\\/ghinductionheating\",\"https:\\\/\\\/www.linkedin.com\\\/company\\\/gh-induction\\\/\",\"https:\\\/\\\/www.youtube.com\\\/user\\\/GhInduction\"]}]}<\/script>\n<!-- \/ Yoast SEO plugin. -->","yoast_head_json":{"title":"Solu\u00e7\u00f5es de aquecimento por indu\u00e7\u00e3o para motores el\u00e9tricos, geradores","description":"A GH Induction tem solu\u00e7\u00f5es de aquecimento por indu\u00e7\u00e3o para otimizar a fabrica\u00e7\u00e3o de motores el\u00e9tricos, geradores, transformadores e outros dispositivos eletrot\u00e9cnicos.","robots":{"index":"index","follow":"follow","max-snippet":"max-snippet:-1","max-image-preview":"max-image-preview:large","max-video-preview":"max-video-preview:-1"},"canonical":"https:\/\/ghinduction.com\/pt-br\/solucoes\/industria\/energia-potencia\/eletrotecnica\/","og_locale":"pt_BR","og_type":"article","og_title":"Solu\u00e7\u00f5es de aquecimento por indu\u00e7\u00e3o para motores el\u00e9tricos, geradores","og_description":"A GH Induction tem solu\u00e7\u00f5es de aquecimento por indu\u00e7\u00e3o para otimizar a fabrica\u00e7\u00e3o de motores el\u00e9tricos, geradores, transformadores e outros dispositivos eletrot\u00e9cnicos.","og_url":"https:\/\/ghinduction.com\/pt-br\/solucoes\/industria\/energia-potencia\/eletrotecnica\/","og_site_name":"GH Induction Brasil","article_publisher":"https:\/\/www.facebook.com\/ghinductionheating","article_modified_time":"2026-02-27T07:21:14+00:00","og_image":[{"width":1920,"height":1204,"url":"https:\/\/ghinduction.com\/wp-content\/uploads\/2023\/02\/Banner-Electrotechnical.jpg","type":"image\/jpeg"}],"twitter_card":"summary_large_image","twitter_misc":{"Est. tempo de leitura":"1 minuto"},"schema":{"@context":"https:\/\/schema.org","@graph":[{"@type":"WebPage","@id":"https:\/\/ghinduction.com\/pt-br\/solucoes\/industria\/energia-potencia\/eletrotecnica\/","url":"https:\/\/ghinduction.com\/pt-br\/solucoes\/industria\/energia-potencia\/eletrotecnica\/","name":"Solu\u00e7\u00f5es de aquecimento por indu\u00e7\u00e3o para motores el\u00e9tricos, geradores","isPartOf":{"@id":"https:\/\/ghinduction.com\/pt-br\/#website"},"primaryImageOfPage":{"@id":"https:\/\/ghinduction.com\/pt-br\/solucoes\/industria\/energia-potencia\/eletrotecnica\/#primaryimage"},"image":{"@id":"https:\/\/ghinduction.com\/pt-br\/solucoes\/industria\/energia-potencia\/eletrotecnica\/#primaryimage"},"thumbnailUrl":"https:\/\/ghinduction.com\/wp-content\/uploads\/2023\/02\/Banner-Electrotechnical.jpg","datePublished":"2023-01-09T09:02:46+00:00","dateModified":"2026-02-27T07:21:14+00:00","description":"A GH Induction tem solu\u00e7\u00f5es de aquecimento por indu\u00e7\u00e3o para otimizar a fabrica\u00e7\u00e3o de motores el\u00e9tricos, geradores, transformadores e outros dispositivos eletrot\u00e9cnicos.","breadcrumb":{"@id":"https:\/\/ghinduction.com\/pt-br\/solucoes\/industria\/energia-potencia\/eletrotecnica\/#breadcrumb"},"inLanguage":"pt-BR","potentialAction":[{"@type":"ReadAction","target":["https:\/\/ghinduction.com\/pt-br\/solucoes\/industria\/energia-potencia\/eletrotecnica\/"]}]},{"@type":"ImageObject","inLanguage":"pt-BR","@id":"https:\/\/ghinduction.com\/pt-br\/solucoes\/industria\/energia-potencia\/eletrotecnica\/#primaryimage","url":"https:\/\/ghinduction.com\/wp-content\/uploads\/2023\/02\/Banner-Electrotechnical.jpg","contentUrl":"https:\/\/ghinduction.com\/wp-content\/uploads\/2023\/02\/Banner-Electrotechnical.jpg","width":1920,"height":1204},{"@type":"BreadcrumbList","@id":"https:\/\/ghinduction.com\/pt-br\/solucoes\/industria\/energia-potencia\/eletrotecnica\/#breadcrumb","itemListElement":[{"@type":"ListItem","position":1,"name":"Home","item":"https:\/\/ghinduction.com\/pt-br\/"},{"@type":"ListItem","position":2,"name":"Solu\u00e7\u00f5es","item":"https:\/\/ghinduction.com\/pt-br\/solucoes\/"},{"@type":"ListItem","position":3,"name":"Ind\u00fastria","item":"https:\/\/ghinduction.com\/pt-br\/solucoes\/industria\/"},{"@type":"ListItem","position":4,"name":"Energia e Pot\u00eancia","item":"https:\/\/ghinduction.com\/pt-br\/solucoes\/industria\/energia-potencia\/"},{"@type":"ListItem","position":5,"name":"Eletrot\u00e9cnica"}]},{"@type":"WebSite","@id":"https:\/\/ghinduction.com\/pt-br\/#website","url":"https:\/\/ghinduction.com\/pt-br\/","name":"GH Induction - Experts in Induction Heat Treatment and Induction Heating","description":"GH Induction offers advanced induction heat treatment and heating solutions for various industrial applications. With over 60 years of experience, our innovative systems ensure efficiency and quality across diverse sectors globally.","publisher":{"@id":"https:\/\/ghinduction.com\/pt-br\/#organization"},"alternateName":"GH Induction","potentialAction":[{"@type":"SearchAction","target":{"@type":"EntryPoint","urlTemplate":"https:\/\/ghinduction.com\/pt-br\/?s={search_term_string}"},"query-input":{"@type":"PropertyValueSpecification","valueRequired":true,"valueName":"search_term_string"}}],"inLanguage":"pt-BR"},{"@type":"Organization","@id":"https:\/\/ghinduction.com\/pt-br\/#organization","name":"GH Induction - Experts in Induction Heat Treatment and Induction Heating","alternateName":"GH Induction","url":"https:\/\/ghinduction.com\/pt-br\/","logo":{"@type":"ImageObject","inLanguage":"pt-BR","@id":"https:\/\/ghinduction.com\/pt-br\/#\/schema\/logo\/image\/","url":"https:\/\/ghinduction.com\/wp-content\/uploads\/2024\/05\/logo-gh-induction.png","contentUrl":"https:\/\/ghinduction.com\/wp-content\/uploads\/2024\/05\/logo-gh-induction.png","width":225,"height":225,"caption":"GH Induction - Experts in Induction Heat Treatment and Induction Heating"},"image":{"@id":"https:\/\/ghinduction.com\/pt-br\/#\/schema\/logo\/image\/"},"sameAs":["https:\/\/www.facebook.com\/ghinductionheating","https:\/\/www.linkedin.com\/company\/gh-induction\/","https:\/\/www.youtube.com\/user\/GhInduction"]}]}},"_links":{"self":[{"href":"https:\/\/ghinduction.com\/pt-br\/wp-json\/wp\/v2\/pages\/60896","targetHints":{"allow":["GET"]}}],"collection":[{"href":"https:\/\/ghinduction.com\/pt-br\/wp-json\/wp\/v2\/pages"}],"about":[{"href":"https:\/\/ghinduction.com\/pt-br\/wp-json\/wp\/v2\/types\/page"}],"author":[{"embeddable":true,"href":"https:\/\/ghinduction.com\/pt-br\/wp-json\/wp\/v2\/users\/1"}],"replies":[{"embeddable":true,"href":"https:\/\/ghinduction.com\/pt-br\/wp-json\/wp\/v2\/comments?post=60896"}],"version-history":[{"count":2,"href":"https:\/\/ghinduction.com\/pt-br\/wp-json\/wp\/v2\/pages\/60896\/revisions"}],"predecessor-version":[{"id":66709,"href":"https:\/\/ghinduction.com\/pt-br\/wp-json\/wp\/v2\/pages\/60896\/revisions\/66709"}],"up":[{"embeddable":true,"href":"https:\/\/ghinduction.com\/pt-br\/wp-json\/wp\/v2\/pages\/24760"}],"wp:featuredmedia":[{"embeddable":true,"href":"https:\/\/ghinduction.com\/pt-br\/wp-json\/wp\/v2\/media\/2771"}],"wp:attachment":[{"href":"https:\/\/ghinduction.com\/pt-br\/wp-json\/wp\/v2\/media?parent=60896"}],"wp:term":[{"taxonomy":"industry","embeddable":true,"href":"https:\/\/ghinduction.com\/pt-br\/wp-json\/wp\/v2\/industry?post=60896"},{"taxonomy":"processes","embeddable":true,"href":"https:\/\/ghinduction.com\/pt-br\/wp-json\/wp\/v2\/processes?post=60896"},{"taxonomy":"solutions","embeddable":true,"href":"https:\/\/ghinduction.com\/pt-br\/wp-json\/wp\/v2\/solutions?post=60896"}],"curies":[{"name":"wp","href":"https:\/\/api.w.org\/{rel}","templated":true}]}}