{"id":64040,"date":"2025-01-21T13:21:59","date_gmt":"2025-01-21T13:21:59","guid":{"rendered":"https:\/\/ghinduction.com\/produtos-servicos\/sistemas-aquecimento-inducao\/inkompac\/"},"modified":"2026-02-25T13:04:15","modified_gmt":"2026-02-25T13:04:15","slug":"inkompac","status":"publish","type":"page","link":"https:\/\/ghinduction.com\/pt-br\/produtos-servicos\/sistemas-aquecimento-inducao\/inkompac\/","title":{"rendered":"Geradores de Indu\u00e7\u00e3o inKompac"},"content":{"rendered":"","protected":false},"excerpt":{"rendered":"","protected":false},"author":4,"featured_media":0,"parent":39616,"menu_order":0,"comment_status":"closed","ping_status":"closed","template":"","meta":{"_acf_changed":false,"footnotes":""},"industry":[],"processes":[967,1441,806],"solutions":[],"class_list":["post-64040","page","type-page","status-publish","hentry","processes-brasagem","processes-montagem-por-interferencia","processes-tempera"],"acf":[],"yoast_head":"<!-- This site is optimized with the Yoast SEO plugin v27.3 - https:\/\/yoast.com\/product\/yoast-seo-wordpress\/ -->\n<title>inKompac, o equipamento compacto mais flex\u00edvel para aplica\u00e7\u00f5es de aquecimento por indu\u00e7\u00e3o. \u00danico no mercado \u2013 GH Induction<\/title>\n<meta name=\"description\" content=\"O gerador inKompac adapta-se totalmente \u00e0s suas necessidades.Ele oferece a solu\u00e7\u00e3o mais flex\u00edvel e eficiente em formato compacto para processos de aquecimento por indu\u00e7\u00e3o, como brasagem, t\u00eampera, montagem por interfer\u00eancia e muito mais.Com at\u00e9 100 kW de pot\u00eancia e 4 sa\u00eddas simult\u00e2neas, tudo em um \u00fanico gerador compacto.\" \/>\n<meta name=\"robots\" content=\"index, follow, max-snippet:-1, max-image-preview:large, max-video-preview:-1\" \/>\n<link rel=\"canonical\" href=\"https:\/\/ghinduction.com\/pt-br\/produtos-servicos\/sistemas-aquecimento-inducao\/inkompac\/\" \/>\n<meta property=\"og:locale\" content=\"pt_BR\" \/>\n<meta property=\"og:type\" content=\"article\" \/>\n<meta property=\"og:title\" content=\"inKompac, o equipamento compacto mais flex\u00edvel para aplica\u00e7\u00f5es de aquecimento por indu\u00e7\u00e3o. \u00danico no mercado \u2013 GH Induction\" \/>\n<meta property=\"og:description\" content=\"O gerador inKompac adapta-se totalmente \u00e0s suas necessidades.Ele oferece a solu\u00e7\u00e3o mais flex\u00edvel e eficiente em formato compacto para processos de aquecimento por indu\u00e7\u00e3o, como brasagem, t\u00eampera, montagem por interfer\u00eancia e muito mais.Com at\u00e9 100 kW de pot\u00eancia e 4 sa\u00eddas simult\u00e2neas, tudo em um \u00fanico gerador compacto.\" \/>\n<meta property=\"og:url\" content=\"https:\/\/ghinduction.com\/pt-br\/produtos-servicos\/sistemas-aquecimento-inducao\/inkompac\/\" \/>\n<meta property=\"og:site_name\" content=\"GH Induction Brasil\" \/>\n<meta property=\"article:publisher\" content=\"https:\/\/www.facebook.com\/ghinductionheating\" \/>\n<meta property=\"article:modified_time\" content=\"2026-02-25T13:04:15+00:00\" \/>\n<meta name=\"twitter:card\" content=\"summary_large_image\" \/>\n<script type=\"application\/ld+json\" class=\"yoast-schema-graph\">{\"@context\":\"https:\\\/\\\/schema.org\",\"@graph\":[{\"@type\":\"WebPage\",\"@id\":\"https:\\\/\\\/ghinduction.com\\\/pt-br\\\/produtos-servicos\\\/sistemas-aquecimento-inducao\\\/inkompac\\\/\",\"url\":\"https:\\\/\\\/ghinduction.com\\\/pt-br\\\/produtos-servicos\\\/sistemas-aquecimento-inducao\\\/inkompac\\\/\",\"name\":\"inKompac, o equipamento compacto mais flex\u00edvel para aplica\u00e7\u00f5es de aquecimento por indu\u00e7\u00e3o. \u00danico no mercado \u2013 GH Induction\",\"isPartOf\":{\"@id\":\"https:\\\/\\\/ghinduction.com\\\/pt-br\\\/#website\"},\"datePublished\":\"2025-01-21T13:21:59+00:00\",\"dateModified\":\"2026-02-25T13:04:15+00:00\",\"description\":\"O gerador inKompac adapta-se totalmente \u00e0s suas necessidades.Ele oferece a solu\u00e7\u00e3o mais flex\u00edvel e eficiente em formato compacto para processos de aquecimento por indu\u00e7\u00e3o, como brasagem, t\u00eampera, montagem por interfer\u00eancia e muito mais.Com at\u00e9 100 kW de pot\u00eancia e 4 sa\u00eddas simult\u00e2neas, tudo em um \u00fanico gerador compacto.\",\"breadcrumb\":{\"@id\":\"https:\\\/\\\/ghinduction.com\\\/pt-br\\\/produtos-servicos\\\/sistemas-aquecimento-inducao\\\/inkompac\\\/#breadcrumb\"},\"inLanguage\":\"pt-BR\",\"potentialAction\":[{\"@type\":\"ReadAction\",\"target\":[\"https:\\\/\\\/ghinduction.com\\\/pt-br\\\/produtos-servicos\\\/sistemas-aquecimento-inducao\\\/inkompac\\\/\"]}]},{\"@type\":\"BreadcrumbList\",\"@id\":\"https:\\\/\\\/ghinduction.com\\\/pt-br\\\/produtos-servicos\\\/sistemas-aquecimento-inducao\\\/inkompac\\\/#breadcrumb\",\"itemListElement\":[{\"@type\":\"ListItem\",\"position\":1,\"name\":\"Home\",\"item\":\"https:\\\/\\\/ghinduction.com\\\/pt-br\\\/\"},{\"@type\":\"ListItem\",\"position\":2,\"name\":\"Produtos e Servi\u00e7os\",\"item\":\"https:\\\/\\\/ghinduction.com\\\/pt-br\\\/produtos-servicos\\\/\"},{\"@type\":\"ListItem\",\"position\":3,\"name\":\"Geradores de aquecimento por indu\u00e7\u00e3o\",\"item\":\"https:\\\/\\\/ghinduction.com\\\/pt-br\\\/produtos-servicos\\\/sistemas-aquecimento-inducao\\\/\"},{\"@type\":\"ListItem\",\"position\":4,\"name\":\"Geradores de Indu\u00e7\u00e3o inKompac\"}]},{\"@type\":\"WebSite\",\"@id\":\"https:\\\/\\\/ghinduction.com\\\/pt-br\\\/#website\",\"url\":\"https:\\\/\\\/ghinduction.com\\\/pt-br\\\/\",\"name\":\"GH Induction - Experts in Induction Heat Treatment and Induction Heating\",\"description\":\"GH Induction offers advanced induction heat treatment and heating solutions for various industrial applications. With over 60 years of experience, our innovative systems ensure efficiency and quality across diverse sectors globally.\",\"publisher\":{\"@id\":\"https:\\\/\\\/ghinduction.com\\\/pt-br\\\/#organization\"},\"alternateName\":\"GH Induction\",\"potentialAction\":[{\"@type\":\"SearchAction\",\"target\":{\"@type\":\"EntryPoint\",\"urlTemplate\":\"https:\\\/\\\/ghinduction.com\\\/pt-br\\\/?s={search_term_string}\"},\"query-input\":{\"@type\":\"PropertyValueSpecification\",\"valueRequired\":true,\"valueName\":\"search_term_string\"}}],\"inLanguage\":\"pt-BR\"},{\"@type\":\"Organization\",\"@id\":\"https:\\\/\\\/ghinduction.com\\\/pt-br\\\/#organization\",\"name\":\"GH Induction - Experts in Induction Heat Treatment and Induction Heating\",\"alternateName\":\"GH Induction\",\"url\":\"https:\\\/\\\/ghinduction.com\\\/pt-br\\\/\",\"logo\":{\"@type\":\"ImageObject\",\"inLanguage\":\"pt-BR\",\"@id\":\"https:\\\/\\\/ghinduction.com\\\/pt-br\\\/#\\\/schema\\\/logo\\\/image\\\/\",\"url\":\"https:\\\/\\\/ghinduction.com\\\/wp-content\\\/uploads\\\/2024\\\/05\\\/logo-gh-induction.png\",\"contentUrl\":\"https:\\\/\\\/ghinduction.com\\\/wp-content\\\/uploads\\\/2024\\\/05\\\/logo-gh-induction.png\",\"width\":225,\"height\":225,\"caption\":\"GH Induction - Experts in Induction Heat Treatment and Induction Heating\"},\"image\":{\"@id\":\"https:\\\/\\\/ghinduction.com\\\/pt-br\\\/#\\\/schema\\\/logo\\\/image\\\/\"},\"sameAs\":[\"https:\\\/\\\/www.facebook.com\\\/ghinductionheating\",\"https:\\\/\\\/www.linkedin.com\\\/company\\\/gh-induction\\\/\",\"https:\\\/\\\/www.youtube.com\\\/user\\\/GhInduction\"]}]}<\/script>\n<!-- \/ Yoast SEO plugin. -->","yoast_head_json":{"title":"inKompac, o equipamento compacto mais flex\u00edvel para aplica\u00e7\u00f5es de aquecimento por indu\u00e7\u00e3o. \u00danico no mercado \u2013 GH Induction","description":"O gerador inKompac adapta-se totalmente \u00e0s suas necessidades.Ele oferece a solu\u00e7\u00e3o mais flex\u00edvel e eficiente em formato compacto para processos de aquecimento por indu\u00e7\u00e3o, como brasagem, t\u00eampera, montagem por interfer\u00eancia e muito mais.Com at\u00e9 100 kW de pot\u00eancia e 4 sa\u00eddas simult\u00e2neas, tudo em um \u00fanico gerador compacto.","robots":{"index":"index","follow":"follow","max-snippet":"max-snippet:-1","max-image-preview":"max-image-preview:large","max-video-preview":"max-video-preview:-1"},"canonical":"https:\/\/ghinduction.com\/pt-br\/produtos-servicos\/sistemas-aquecimento-inducao\/inkompac\/","og_locale":"pt_BR","og_type":"article","og_title":"inKompac, o equipamento compacto mais flex\u00edvel para aplica\u00e7\u00f5es de aquecimento por indu\u00e7\u00e3o. \u00danico no mercado \u2013 GH Induction","og_description":"O gerador inKompac adapta-se totalmente \u00e0s suas necessidades.Ele oferece a solu\u00e7\u00e3o mais flex\u00edvel e eficiente em formato compacto para processos de aquecimento por indu\u00e7\u00e3o, como brasagem, t\u00eampera, montagem por interfer\u00eancia e muito mais.Com at\u00e9 100 kW de pot\u00eancia e 4 sa\u00eddas simult\u00e2neas, tudo em um \u00fanico gerador compacto.","og_url":"https:\/\/ghinduction.com\/pt-br\/produtos-servicos\/sistemas-aquecimento-inducao\/inkompac\/","og_site_name":"GH Induction Brasil","article_publisher":"https:\/\/www.facebook.com\/ghinductionheating","article_modified_time":"2026-02-25T13:04:15+00:00","twitter_card":"summary_large_image","schema":{"@context":"https:\/\/schema.org","@graph":[{"@type":"WebPage","@id":"https:\/\/ghinduction.com\/pt-br\/produtos-servicos\/sistemas-aquecimento-inducao\/inkompac\/","url":"https:\/\/ghinduction.com\/pt-br\/produtos-servicos\/sistemas-aquecimento-inducao\/inkompac\/","name":"inKompac, o equipamento compacto mais flex\u00edvel para aplica\u00e7\u00f5es de aquecimento por indu\u00e7\u00e3o. \u00danico no mercado \u2013 GH Induction","isPartOf":{"@id":"https:\/\/ghinduction.com\/pt-br\/#website"},"datePublished":"2025-01-21T13:21:59+00:00","dateModified":"2026-02-25T13:04:15+00:00","description":"O gerador inKompac adapta-se totalmente \u00e0s suas necessidades.Ele oferece a solu\u00e7\u00e3o mais flex\u00edvel e eficiente em formato compacto para processos de aquecimento por indu\u00e7\u00e3o, como brasagem, t\u00eampera, montagem por interfer\u00eancia e muito mais.Com at\u00e9 100 kW de pot\u00eancia e 4 sa\u00eddas simult\u00e2neas, tudo em um \u00fanico gerador compacto.","breadcrumb":{"@id":"https:\/\/ghinduction.com\/pt-br\/produtos-servicos\/sistemas-aquecimento-inducao\/inkompac\/#breadcrumb"},"inLanguage":"pt-BR","potentialAction":[{"@type":"ReadAction","target":["https:\/\/ghinduction.com\/pt-br\/produtos-servicos\/sistemas-aquecimento-inducao\/inkompac\/"]}]},{"@type":"BreadcrumbList","@id":"https:\/\/ghinduction.com\/pt-br\/produtos-servicos\/sistemas-aquecimento-inducao\/inkompac\/#breadcrumb","itemListElement":[{"@type":"ListItem","position":1,"name":"Home","item":"https:\/\/ghinduction.com\/pt-br\/"},{"@type":"ListItem","position":2,"name":"Produtos e Servi\u00e7os","item":"https:\/\/ghinduction.com\/pt-br\/produtos-servicos\/"},{"@type":"ListItem","position":3,"name":"Geradores de aquecimento por indu\u00e7\u00e3o","item":"https:\/\/ghinduction.com\/pt-br\/produtos-servicos\/sistemas-aquecimento-inducao\/"},{"@type":"ListItem","position":4,"name":"Geradores de Indu\u00e7\u00e3o inKompac"}]},{"@type":"WebSite","@id":"https:\/\/ghinduction.com\/pt-br\/#website","url":"https:\/\/ghinduction.com\/pt-br\/","name":"GH Induction - Experts in Induction Heat Treatment and Induction Heating","description":"GH Induction offers advanced induction heat treatment and heating solutions for various industrial applications. With over 60 years of experience, our innovative systems ensure efficiency and quality across diverse sectors globally.","publisher":{"@id":"https:\/\/ghinduction.com\/pt-br\/#organization"},"alternateName":"GH Induction","potentialAction":[{"@type":"SearchAction","target":{"@type":"EntryPoint","urlTemplate":"https:\/\/ghinduction.com\/pt-br\/?s={search_term_string}"},"query-input":{"@type":"PropertyValueSpecification","valueRequired":true,"valueName":"search_term_string"}}],"inLanguage":"pt-BR"},{"@type":"Organization","@id":"https:\/\/ghinduction.com\/pt-br\/#organization","name":"GH Induction - Experts in Induction Heat Treatment and Induction Heating","alternateName":"GH Induction","url":"https:\/\/ghinduction.com\/pt-br\/","logo":{"@type":"ImageObject","inLanguage":"pt-BR","@id":"https:\/\/ghinduction.com\/pt-br\/#\/schema\/logo\/image\/","url":"https:\/\/ghinduction.com\/wp-content\/uploads\/2024\/05\/logo-gh-induction.png","contentUrl":"https:\/\/ghinduction.com\/wp-content\/uploads\/2024\/05\/logo-gh-induction.png","width":225,"height":225,"caption":"GH Induction - Experts in Induction Heat Treatment and Induction Heating"},"image":{"@id":"https:\/\/ghinduction.com\/pt-br\/#\/schema\/logo\/image\/"},"sameAs":["https:\/\/www.facebook.com\/ghinductionheating","https:\/\/www.linkedin.com\/company\/gh-induction\/","https:\/\/www.youtube.com\/user\/GhInduction"]}]}},"_links":{"self":[{"href":"https:\/\/ghinduction.com\/pt-br\/wp-json\/wp\/v2\/pages\/64040","targetHints":{"allow":["GET"]}}],"collection":[{"href":"https:\/\/ghinduction.com\/pt-br\/wp-json\/wp\/v2\/pages"}],"about":[{"href":"https:\/\/ghinduction.com\/pt-br\/wp-json\/wp\/v2\/types\/page"}],"author":[{"embeddable":true,"href":"https:\/\/ghinduction.com\/pt-br\/wp-json\/wp\/v2\/users\/4"}],"replies":[{"embeddable":true,"href":"https:\/\/ghinduction.com\/pt-br\/wp-json\/wp\/v2\/comments?post=64040"}],"version-history":[{"count":4,"href":"https:\/\/ghinduction.com\/pt-br\/wp-json\/wp\/v2\/pages\/64040\/revisions"}],"predecessor-version":[{"id":65242,"href":"https:\/\/ghinduction.com\/pt-br\/wp-json\/wp\/v2\/pages\/64040\/revisions\/65242"}],"up":[{"embeddable":true,"href":"https:\/\/ghinduction.com\/pt-br\/wp-json\/wp\/v2\/pages\/39616"}],"wp:attachment":[{"href":"https:\/\/ghinduction.com\/pt-br\/wp-json\/wp\/v2\/media?parent=64040"}],"wp:term":[{"taxonomy":"industry","embeddable":true,"href":"https:\/\/ghinduction.com\/pt-br\/wp-json\/wp\/v2\/industry?post=64040"},{"taxonomy":"processes","embeddable":true,"href":"https:\/\/ghinduction.com\/pt-br\/wp-json\/wp\/v2\/processes?post=64040"},{"taxonomy":"solutions","embeddable":true,"href":"https:\/\/ghinduction.com\/pt-br\/wp-json\/wp\/v2\/solutions?post=64040"}],"curies":[{"name":"wp","href":"https:\/\/api.w.org\/{rel}","templated":true}]}}