{"id":24463,"date":"2023-01-09T09:02:19","date_gmt":"2023-01-09T09:02:19","guid":{"rendered":"https:\/\/ghinduction.com\/pos-vendas\/"},"modified":"2025-04-02T05:53:47","modified_gmt":"2025-04-02T05:53:47","slug":"pos-vendas","status":"publish","type":"page","link":"https:\/\/ghinduction.com\/pt-pt\/produtos-servicos\/servicos\/pos-vendas\/","title":{"rendered":"P\u00f3s vendas"},"content":{"rendered":"","protected":false},"excerpt":{"rendered":"","protected":false},"author":1,"featured_media":0,"parent":31468,"menu_order":25,"comment_status":"closed","ping_status":"closed","template":"","meta":{"_acf_changed":false,"footnotes":""},"industry":[],"processes":[],"solutions":[],"class_list":["post-24463","page","type-page","status-publish","hentry"],"acf":[],"yoast_head":"<!-- This site is optimized with the Yoast SEO plugin v27.3 - https:\/\/yoast.com\/product\/yoast-seo-wordpress\/ -->\n<title>P\u00f3s vendas - GH Induction<\/title>\n<meta name=\"description\" content=\"O objetivo dos Servi\u00e7os de assist\u00eancia GH \u00e9 facilitar sua vida quando voc\u00ea finalmente come\u00e7ar com a responsabilidade de produ\u00e7\u00e3o usando os sistemas GH. N\u00f3s podemos ajudar com a opera\u00e7\u00e3o e manuten\u00e7\u00e3o, descobrindo como maximizar a produ\u00e7\u00e3o \/ processo de qualidade e resultados econ\u00f4micos.\" \/>\n<meta name=\"robots\" content=\"index, follow, max-snippet:-1, max-image-preview:large, max-video-preview:-1\" \/>\n<link rel=\"canonical\" href=\"https:\/\/ghinduction.com\/pt-pt\/produtos-servicos\/servicos\/pos-vendas\/\" \/>\n<meta property=\"og:locale\" content=\"pt_PT\" \/>\n<meta property=\"og:type\" content=\"article\" \/>\n<meta property=\"og:title\" content=\"P\u00f3s vendas - GH Induction\" \/>\n<meta property=\"og:description\" content=\"O objetivo dos Servi\u00e7os de assist\u00eancia GH \u00e9 facilitar sua vida quando voc\u00ea finalmente come\u00e7ar com a responsabilidade de produ\u00e7\u00e3o usando os sistemas GH. N\u00f3s podemos ajudar com a opera\u00e7\u00e3o e manuten\u00e7\u00e3o, descobrindo como maximizar a produ\u00e7\u00e3o \/ processo de qualidade e resultados econ\u00f4micos.\" \/>\n<meta property=\"og:url\" content=\"https:\/\/ghinduction.com\/pt-pt\/produtos-servicos\/servicos\/pos-vendas\/\" \/>\n<meta property=\"og:site_name\" content=\"GH Induction Portugal\" \/>\n<meta property=\"article:publisher\" content=\"https:\/\/www.facebook.com\/ghinductionheating\" \/>\n<meta property=\"article:modified_time\" content=\"2025-04-02T05:53:47+00:00\" \/>\n<meta name=\"twitter:card\" content=\"summary_large_image\" \/>\n<script type=\"application\/ld+json\" class=\"yoast-schema-graph\">{\"@context\":\"https:\\\/\\\/schema.org\",\"@graph\":[{\"@type\":\"WebPage\",\"@id\":\"https:\\\/\\\/ghinduction.com\\\/pt-pt\\\/produtos-servicos\\\/servicos\\\/pos-vendas\\\/\",\"url\":\"https:\\\/\\\/ghinduction.com\\\/pt-pt\\\/produtos-servicos\\\/servicos\\\/pos-vendas\\\/\",\"name\":\"P\u00f3s vendas - GH Induction\",\"isPartOf\":{\"@id\":\"https:\\\/\\\/ghinduction.com\\\/pt-pt\\\/#website\"},\"datePublished\":\"2023-01-09T09:02:19+00:00\",\"dateModified\":\"2025-04-02T05:53:47+00:00\",\"description\":\"O objetivo dos Servi\u00e7os de assist\u00eancia GH \u00e9 facilitar sua vida quando voc\u00ea finalmente come\u00e7ar com a responsabilidade de produ\u00e7\u00e3o usando os sistemas GH. N\u00f3s podemos ajudar com a opera\u00e7\u00e3o e manuten\u00e7\u00e3o, descobrindo como maximizar a produ\u00e7\u00e3o \\\/ processo de qualidade e resultados econ\u00f4micos.\",\"breadcrumb\":{\"@id\":\"https:\\\/\\\/ghinduction.com\\\/pt-pt\\\/produtos-servicos\\\/servicos\\\/pos-vendas\\\/#breadcrumb\"},\"inLanguage\":\"pt-PT\",\"potentialAction\":[{\"@type\":\"ReadAction\",\"target\":[\"https:\\\/\\\/ghinduction.com\\\/pt-pt\\\/produtos-servicos\\\/servicos\\\/pos-vendas\\\/\"]}]},{\"@type\":\"BreadcrumbList\",\"@id\":\"https:\\\/\\\/ghinduction.com\\\/pt-pt\\\/produtos-servicos\\\/servicos\\\/pos-vendas\\\/#breadcrumb\",\"itemListElement\":[{\"@type\":\"ListItem\",\"position\":1,\"name\":\"Home\",\"item\":\"https:\\\/\\\/ghinduction.com\\\/pt-pt\\\/\"},{\"@type\":\"ListItem\",\"position\":2,\"name\":\"Produtos e Servi\u00e7os\",\"item\":\"https:\\\/\\\/ghinduction.com\\\/pt-pt\\\/produtos-servicos\\\/\"},{\"@type\":\"ListItem\",\"position\":3,\"name\":\"Servi\u00e7os ao cliente\",\"item\":\"https:\\\/\\\/ghinduction.com\\\/pt-pt\\\/produtos-servicos\\\/servicos\\\/\"},{\"@type\":\"ListItem\",\"position\":4,\"name\":\"P\u00f3s vendas\"}]},{\"@type\":\"WebSite\",\"@id\":\"https:\\\/\\\/ghinduction.com\\\/pt-pt\\\/#website\",\"url\":\"https:\\\/\\\/ghinduction.com\\\/pt-pt\\\/\",\"name\":\"GH Induction - Experts in Induction Heat Treatment and Induction Heating\",\"description\":\"GH Induction offers advanced induction heat treatment and heating solutions for various industrial applications. With over 60 years of experience, our innovative systems ensure efficiency and quality across diverse sectors globally.\",\"publisher\":{\"@id\":\"https:\\\/\\\/ghinduction.com\\\/pt-pt\\\/#organization\"},\"alternateName\":\"GH Induction\",\"potentialAction\":[{\"@type\":\"SearchAction\",\"target\":{\"@type\":\"EntryPoint\",\"urlTemplate\":\"https:\\\/\\\/ghinduction.com\\\/pt-pt\\\/?s={search_term_string}\"},\"query-input\":{\"@type\":\"PropertyValueSpecification\",\"valueRequired\":true,\"valueName\":\"search_term_string\"}}],\"inLanguage\":\"pt-PT\"},{\"@type\":\"Organization\",\"@id\":\"https:\\\/\\\/ghinduction.com\\\/pt-pt\\\/#organization\",\"name\":\"GH Induction - Experts in Induction Heat Treatment and Induction Heating\",\"alternateName\":\"GH Induction\",\"url\":\"https:\\\/\\\/ghinduction.com\\\/pt-pt\\\/\",\"logo\":{\"@type\":\"ImageObject\",\"inLanguage\":\"pt-PT\",\"@id\":\"https:\\\/\\\/ghinduction.com\\\/pt-pt\\\/#\\\/schema\\\/logo\\\/image\\\/\",\"url\":\"https:\\\/\\\/ghinduction.com\\\/wp-content\\\/uploads\\\/2024\\\/05\\\/logo-gh-induction.png\",\"contentUrl\":\"https:\\\/\\\/ghinduction.com\\\/wp-content\\\/uploads\\\/2024\\\/05\\\/logo-gh-induction.png\",\"width\":225,\"height\":225,\"caption\":\"GH Induction - Experts in Induction Heat Treatment and Induction Heating\"},\"image\":{\"@id\":\"https:\\\/\\\/ghinduction.com\\\/pt-pt\\\/#\\\/schema\\\/logo\\\/image\\\/\"},\"sameAs\":[\"https:\\\/\\\/www.facebook.com\\\/ghinductionheating\",\"https:\\\/\\\/www.linkedin.com\\\/company\\\/gh-induction\\\/\",\"https:\\\/\\\/www.youtube.com\\\/user\\\/GhInduction\"]}]}<\/script>\n<!-- \/ Yoast SEO plugin. -->","yoast_head_json":{"title":"P\u00f3s vendas - GH Induction","description":"O objetivo dos Servi\u00e7os de assist\u00eancia GH \u00e9 facilitar sua vida quando voc\u00ea finalmente come\u00e7ar com a responsabilidade de produ\u00e7\u00e3o usando os sistemas GH. N\u00f3s podemos ajudar com a opera\u00e7\u00e3o e manuten\u00e7\u00e3o, descobrindo como maximizar a produ\u00e7\u00e3o \/ processo de qualidade e resultados econ\u00f4micos.","robots":{"index":"index","follow":"follow","max-snippet":"max-snippet:-1","max-image-preview":"max-image-preview:large","max-video-preview":"max-video-preview:-1"},"canonical":"https:\/\/ghinduction.com\/pt-pt\/produtos-servicos\/servicos\/pos-vendas\/","og_locale":"pt_PT","og_type":"article","og_title":"P\u00f3s vendas - GH Induction","og_description":"O objetivo dos Servi\u00e7os de assist\u00eancia GH \u00e9 facilitar sua vida quando voc\u00ea finalmente come\u00e7ar com a responsabilidade de produ\u00e7\u00e3o usando os sistemas GH. N\u00f3s podemos ajudar com a opera\u00e7\u00e3o e manuten\u00e7\u00e3o, descobrindo como maximizar a produ\u00e7\u00e3o \/ processo de qualidade e resultados econ\u00f4micos.","og_url":"https:\/\/ghinduction.com\/pt-pt\/produtos-servicos\/servicos\/pos-vendas\/","og_site_name":"GH Induction Portugal","article_publisher":"https:\/\/www.facebook.com\/ghinductionheating","article_modified_time":"2025-04-02T05:53:47+00:00","twitter_card":"summary_large_image","schema":{"@context":"https:\/\/schema.org","@graph":[{"@type":"WebPage","@id":"https:\/\/ghinduction.com\/pt-pt\/produtos-servicos\/servicos\/pos-vendas\/","url":"https:\/\/ghinduction.com\/pt-pt\/produtos-servicos\/servicos\/pos-vendas\/","name":"P\u00f3s vendas - GH Induction","isPartOf":{"@id":"https:\/\/ghinduction.com\/pt-pt\/#website"},"datePublished":"2023-01-09T09:02:19+00:00","dateModified":"2025-04-02T05:53:47+00:00","description":"O objetivo dos Servi\u00e7os de assist\u00eancia GH \u00e9 facilitar sua vida quando voc\u00ea finalmente come\u00e7ar com a responsabilidade de produ\u00e7\u00e3o usando os sistemas GH. N\u00f3s podemos ajudar com a opera\u00e7\u00e3o e manuten\u00e7\u00e3o, descobrindo como maximizar a produ\u00e7\u00e3o \/ processo de qualidade e resultados econ\u00f4micos.","breadcrumb":{"@id":"https:\/\/ghinduction.com\/pt-pt\/produtos-servicos\/servicos\/pos-vendas\/#breadcrumb"},"inLanguage":"pt-PT","potentialAction":[{"@type":"ReadAction","target":["https:\/\/ghinduction.com\/pt-pt\/produtos-servicos\/servicos\/pos-vendas\/"]}]},{"@type":"BreadcrumbList","@id":"https:\/\/ghinduction.com\/pt-pt\/produtos-servicos\/servicos\/pos-vendas\/#breadcrumb","itemListElement":[{"@type":"ListItem","position":1,"name":"Home","item":"https:\/\/ghinduction.com\/pt-pt\/"},{"@type":"ListItem","position":2,"name":"Produtos e Servi\u00e7os","item":"https:\/\/ghinduction.com\/pt-pt\/produtos-servicos\/"},{"@type":"ListItem","position":3,"name":"Servi\u00e7os ao cliente","item":"https:\/\/ghinduction.com\/pt-pt\/produtos-servicos\/servicos\/"},{"@type":"ListItem","position":4,"name":"P\u00f3s vendas"}]},{"@type":"WebSite","@id":"https:\/\/ghinduction.com\/pt-pt\/#website","url":"https:\/\/ghinduction.com\/pt-pt\/","name":"GH Induction - Experts in Induction Heat Treatment and Induction Heating","description":"GH Induction offers advanced induction heat treatment and heating solutions for various industrial applications. With over 60 years of experience, our innovative systems ensure efficiency and quality across diverse sectors globally.","publisher":{"@id":"https:\/\/ghinduction.com\/pt-pt\/#organization"},"alternateName":"GH Induction","potentialAction":[{"@type":"SearchAction","target":{"@type":"EntryPoint","urlTemplate":"https:\/\/ghinduction.com\/pt-pt\/?s={search_term_string}"},"query-input":{"@type":"PropertyValueSpecification","valueRequired":true,"valueName":"search_term_string"}}],"inLanguage":"pt-PT"},{"@type":"Organization","@id":"https:\/\/ghinduction.com\/pt-pt\/#organization","name":"GH Induction - Experts in Induction Heat Treatment and Induction Heating","alternateName":"GH Induction","url":"https:\/\/ghinduction.com\/pt-pt\/","logo":{"@type":"ImageObject","inLanguage":"pt-PT","@id":"https:\/\/ghinduction.com\/pt-pt\/#\/schema\/logo\/image\/","url":"https:\/\/ghinduction.com\/wp-content\/uploads\/2024\/05\/logo-gh-induction.png","contentUrl":"https:\/\/ghinduction.com\/wp-content\/uploads\/2024\/05\/logo-gh-induction.png","width":225,"height":225,"caption":"GH Induction - Experts in Induction Heat Treatment and Induction Heating"},"image":{"@id":"https:\/\/ghinduction.com\/pt-pt\/#\/schema\/logo\/image\/"},"sameAs":["https:\/\/www.facebook.com\/ghinductionheating","https:\/\/www.linkedin.com\/company\/gh-induction\/","https:\/\/www.youtube.com\/user\/GhInduction"]}]}},"_links":{"self":[{"href":"https:\/\/ghinduction.com\/pt-pt\/wp-json\/wp\/v2\/pages\/24463","targetHints":{"allow":["GET"]}}],"collection":[{"href":"https:\/\/ghinduction.com\/pt-pt\/wp-json\/wp\/v2\/pages"}],"about":[{"href":"https:\/\/ghinduction.com\/pt-pt\/wp-json\/wp\/v2\/types\/page"}],"author":[{"embeddable":true,"href":"https:\/\/ghinduction.com\/pt-pt\/wp-json\/wp\/v2\/users\/1"}],"replies":[{"embeddable":true,"href":"https:\/\/ghinduction.com\/pt-pt\/wp-json\/wp\/v2\/comments?post=24463"}],"version-history":[{"count":0,"href":"https:\/\/ghinduction.com\/pt-pt\/wp-json\/wp\/v2\/pages\/24463\/revisions"}],"up":[{"embeddable":true,"href":"https:\/\/ghinduction.com\/pt-pt\/wp-json\/wp\/v2\/pages\/31468"}],"wp:attachment":[{"href":"https:\/\/ghinduction.com\/pt-pt\/wp-json\/wp\/v2\/media?parent=24463"}],"wp:term":[{"taxonomy":"industry","embeddable":true,"href":"https:\/\/ghinduction.com\/pt-pt\/wp-json\/wp\/v2\/industry?post=24463"},{"taxonomy":"processes","embeddable":true,"href":"https:\/\/ghinduction.com\/pt-pt\/wp-json\/wp\/v2\/processes?post=24463"},{"taxonomy":"solutions","embeddable":true,"href":"https:\/\/ghinduction.com\/pt-pt\/wp-json\/wp\/v2\/solutions?post=24463"}],"curies":[{"name":"wp","href":"https:\/\/api.w.org\/{rel}","templated":true}]}}