{"id":24558,"date":"2023-01-09T09:02:24","date_gmt":"2023-01-09T09:02:24","guid":{"rendered":"https:\/\/ghinduction.com\/solucoes\/processos\/tratamento-termico\/alivio-do-tensao\/"},"modified":"2026-02-26T15:05:34","modified_gmt":"2026-02-26T15:05:34","slug":"alivio-do-tensao","status":"publish","type":"page","link":"https:\/\/ghinduction.com\/pt-pt\/solucoes\/processos\/tratamento-termico\/alivio-do-tensao\/","title":{"rendered":"Al\u00edvio do Tens\u00e3o"},"content":{"rendered":"","protected":false},"excerpt":{"rendered":"","protected":false},"author":1,"featured_media":3378,"parent":24508,"menu_order":33,"comment_status":"closed","ping_status":"closed","template":"","meta":{"_acf_changed":false,"footnotes":""},"industry":[],"processes":[],"solutions":[],"class_list":["post-24558","page","type-page","status-publish","has-post-thumbnail","hentry"],"acf":[],"yoast_head":"<!-- This site is optimized with the Yoast SEO plugin v27.3 - https:\/\/yoast.com\/product\/yoast-seo-wordpress\/ -->\n<title>Induction Al\u00edvio do Tens\u00e3o | GH Induction Portugal<\/title>\n<meta name=\"description\" content=\"al\u00edvio de tens\u00f5es \u00e9 uma aplica\u00e7\u00e3o de calor controlada, antes e \/ ou posterior \u00e0 deforma\u00e7\u00e3o e \/ ou usinagem, a qual melhora a qualidade da estrutura metal\u00fargica, impedindo a forma\u00e7\u00e3o de tens\u00f5es residuais.\" \/>\n<meta name=\"robots\" content=\"index, follow, max-snippet:-1, max-image-preview:large, max-video-preview:-1\" \/>\n<link rel=\"canonical\" href=\"https:\/\/ghinduction.com\/pt-pt\/solucoes\/processos\/tratamento-termico\/alivio-do-tensao\/\" \/>\n<meta property=\"og:locale\" content=\"pt_PT\" \/>\n<meta property=\"og:type\" content=\"article\" \/>\n<meta property=\"og:title\" content=\"Induction Al\u00edvio do Tens\u00e3o | GH Induction Portugal\" \/>\n<meta property=\"og:description\" content=\"al\u00edvio de tens\u00f5es \u00e9 uma aplica\u00e7\u00e3o de calor controlada, antes e \/ ou posterior \u00e0 deforma\u00e7\u00e3o e \/ ou usinagem, a qual melhora a qualidade da estrutura metal\u00fargica, impedindo a forma\u00e7\u00e3o de tens\u00f5es residuais.\" \/>\n<meta property=\"og:url\" content=\"https:\/\/ghinduction.com\/pt-pt\/solucoes\/processos\/tratamento-termico\/alivio-do-tensao\/\" \/>\n<meta property=\"og:site_name\" content=\"GH Induction Portugal\" \/>\n<meta property=\"article:publisher\" content=\"https:\/\/www.facebook.com\/ghinductionheating\" \/>\n<meta property=\"article:modified_time\" content=\"2026-02-26T15:05:34+00:00\" \/>\n<meta property=\"og:image\" content=\"https:\/\/ghinduction.com\/wp-content\/uploads\/2023\/02\/Process_Stress-relief_3476.jpg\" \/>\n\t<meta property=\"og:image:width\" content=\"872\" \/>\n\t<meta property=\"og:image:height\" content=\"549\" \/>\n\t<meta property=\"og:image:type\" content=\"image\/jpeg\" \/>\n<meta name=\"twitter:card\" content=\"summary_large_image\" \/>\n<meta name=\"twitter:label1\" content=\"Tempo estimado de leitura\" \/>\n\t<meta name=\"twitter:data1\" content=\"1 minuto\" \/>\n<script type=\"application\/ld+json\" class=\"yoast-schema-graph\">{\"@context\":\"https:\\\/\\\/schema.org\",\"@graph\":[{\"@type\":\"WebPage\",\"@id\":\"https:\\\/\\\/ghinduction.com\\\/pt-pt\\\/solucoes\\\/processos\\\/tratamento-termico\\\/alivio-do-tensao\\\/\",\"url\":\"https:\\\/\\\/ghinduction.com\\\/pt-pt\\\/solucoes\\\/processos\\\/tratamento-termico\\\/alivio-do-tensao\\\/\",\"name\":\"Induction Al\u00edvio do Tens\u00e3o | GH Induction Portugal\",\"isPartOf\":{\"@id\":\"https:\\\/\\\/ghinduction.com\\\/pt-pt\\\/#website\"},\"primaryImageOfPage\":{\"@id\":\"https:\\\/\\\/ghinduction.com\\\/pt-pt\\\/solucoes\\\/processos\\\/tratamento-termico\\\/alivio-do-tensao\\\/#primaryimage\"},\"image\":{\"@id\":\"https:\\\/\\\/ghinduction.com\\\/pt-pt\\\/solucoes\\\/processos\\\/tratamento-termico\\\/alivio-do-tensao\\\/#primaryimage\"},\"thumbnailUrl\":\"https:\\\/\\\/ghinduction.com\\\/wp-content\\\/uploads\\\/2023\\\/02\\\/Process_Stress-relief_3476.jpg\",\"datePublished\":\"2023-01-09T09:02:24+00:00\",\"dateModified\":\"2026-02-26T15:05:34+00:00\",\"description\":\"al\u00edvio de tens\u00f5es \u00e9 uma aplica\u00e7\u00e3o de calor controlada, antes e \\\/ ou posterior \u00e0 deforma\u00e7\u00e3o e \\\/ ou usinagem, a qual melhora a qualidade da estrutura metal\u00fargica, impedindo a forma\u00e7\u00e3o de tens\u00f5es residuais.\",\"breadcrumb\":{\"@id\":\"https:\\\/\\\/ghinduction.com\\\/pt-pt\\\/solucoes\\\/processos\\\/tratamento-termico\\\/alivio-do-tensao\\\/#breadcrumb\"},\"inLanguage\":\"pt-PT\",\"potentialAction\":[{\"@type\":\"ReadAction\",\"target\":[\"https:\\\/\\\/ghinduction.com\\\/pt-pt\\\/solucoes\\\/processos\\\/tratamento-termico\\\/alivio-do-tensao\\\/\"]}]},{\"@type\":\"ImageObject\",\"inLanguage\":\"pt-PT\",\"@id\":\"https:\\\/\\\/ghinduction.com\\\/pt-pt\\\/solucoes\\\/processos\\\/tratamento-termico\\\/alivio-do-tensao\\\/#primaryimage\",\"url\":\"https:\\\/\\\/ghinduction.com\\\/wp-content\\\/uploads\\\/2023\\\/02\\\/Process_Stress-relief_3476.jpg\",\"contentUrl\":\"https:\\\/\\\/ghinduction.com\\\/wp-content\\\/uploads\\\/2023\\\/02\\\/Process_Stress-relief_3476.jpg\",\"width\":872,\"height\":549,\"caption\":\"Stress relieving of ends of tube by induction\"},{\"@type\":\"BreadcrumbList\",\"@id\":\"https:\\\/\\\/ghinduction.com\\\/pt-pt\\\/solucoes\\\/processos\\\/tratamento-termico\\\/alivio-do-tensao\\\/#breadcrumb\",\"itemListElement\":[{\"@type\":\"ListItem\",\"position\":1,\"name\":\"Home\",\"item\":\"https:\\\/\\\/ghinduction.com\\\/pt-pt\\\/\"},{\"@type\":\"ListItem\",\"position\":2,\"name\":\"Solu\u00e7\u00f5es\",\"item\":\"https:\\\/\\\/ghinduction.com\\\/pt-pt\\\/solucoes\\\/\"},{\"@type\":\"ListItem\",\"position\":3,\"name\":\"Processos\",\"item\":\"https:\\\/\\\/ghinduction.com\\\/pt-pt\\\/solucoes\\\/processos\\\/\"},{\"@type\":\"ListItem\",\"position\":4,\"name\":\"Tratamento Termico\",\"item\":\"https:\\\/\\\/ghinduction.com\\\/pt-pt\\\/solucoes\\\/processos\\\/tratamento-termico\\\/\"},{\"@type\":\"ListItem\",\"position\":5,\"name\":\"Al\u00edvio do Tens\u00e3o\"}]},{\"@type\":\"WebSite\",\"@id\":\"https:\\\/\\\/ghinduction.com\\\/pt-pt\\\/#website\",\"url\":\"https:\\\/\\\/ghinduction.com\\\/pt-pt\\\/\",\"name\":\"GH Induction - Experts in Induction Heat Treatment and Induction Heating\",\"description\":\"GH Induction offers advanced induction heat treatment and heating solutions for various industrial applications. With over 60 years of experience, our innovative systems ensure efficiency and quality across diverse sectors globally.\",\"publisher\":{\"@id\":\"https:\\\/\\\/ghinduction.com\\\/pt-pt\\\/#organization\"},\"alternateName\":\"GH Induction\",\"potentialAction\":[{\"@type\":\"SearchAction\",\"target\":{\"@type\":\"EntryPoint\",\"urlTemplate\":\"https:\\\/\\\/ghinduction.com\\\/pt-pt\\\/?s={search_term_string}\"},\"query-input\":{\"@type\":\"PropertyValueSpecification\",\"valueRequired\":true,\"valueName\":\"search_term_string\"}}],\"inLanguage\":\"pt-PT\"},{\"@type\":\"Organization\",\"@id\":\"https:\\\/\\\/ghinduction.com\\\/pt-pt\\\/#organization\",\"name\":\"GH Induction - Experts in Induction Heat Treatment and Induction Heating\",\"alternateName\":\"GH Induction\",\"url\":\"https:\\\/\\\/ghinduction.com\\\/pt-pt\\\/\",\"logo\":{\"@type\":\"ImageObject\",\"inLanguage\":\"pt-PT\",\"@id\":\"https:\\\/\\\/ghinduction.com\\\/pt-pt\\\/#\\\/schema\\\/logo\\\/image\\\/\",\"url\":\"https:\\\/\\\/ghinduction.com\\\/wp-content\\\/uploads\\\/2024\\\/05\\\/logo-gh-induction.png\",\"contentUrl\":\"https:\\\/\\\/ghinduction.com\\\/wp-content\\\/uploads\\\/2024\\\/05\\\/logo-gh-induction.png\",\"width\":225,\"height\":225,\"caption\":\"GH Induction - Experts in Induction Heat Treatment and Induction Heating\"},\"image\":{\"@id\":\"https:\\\/\\\/ghinduction.com\\\/pt-pt\\\/#\\\/schema\\\/logo\\\/image\\\/\"},\"sameAs\":[\"https:\\\/\\\/www.facebook.com\\\/ghinductionheating\",\"https:\\\/\\\/www.linkedin.com\\\/company\\\/gh-induction\\\/\",\"https:\\\/\\\/www.youtube.com\\\/user\\\/GhInduction\"]}]}<\/script>\n<!-- \/ Yoast SEO plugin. -->","yoast_head_json":{"title":"Induction Al\u00edvio do Tens\u00e3o | GH Induction Portugal","description":"al\u00edvio de tens\u00f5es \u00e9 uma aplica\u00e7\u00e3o de calor controlada, antes e \/ ou posterior \u00e0 deforma\u00e7\u00e3o e \/ ou usinagem, a qual melhora a qualidade da estrutura metal\u00fargica, impedindo a forma\u00e7\u00e3o de tens\u00f5es residuais.","robots":{"index":"index","follow":"follow","max-snippet":"max-snippet:-1","max-image-preview":"max-image-preview:large","max-video-preview":"max-video-preview:-1"},"canonical":"https:\/\/ghinduction.com\/pt-pt\/solucoes\/processos\/tratamento-termico\/alivio-do-tensao\/","og_locale":"pt_PT","og_type":"article","og_title":"Induction Al\u00edvio do Tens\u00e3o | GH Induction Portugal","og_description":"al\u00edvio de tens\u00f5es \u00e9 uma aplica\u00e7\u00e3o de calor controlada, antes e \/ ou posterior \u00e0 deforma\u00e7\u00e3o e \/ ou usinagem, a qual melhora a qualidade da estrutura metal\u00fargica, impedindo a forma\u00e7\u00e3o de tens\u00f5es residuais.","og_url":"https:\/\/ghinduction.com\/pt-pt\/solucoes\/processos\/tratamento-termico\/alivio-do-tensao\/","og_site_name":"GH Induction Portugal","article_publisher":"https:\/\/www.facebook.com\/ghinductionheating","article_modified_time":"2026-02-26T15:05:34+00:00","og_image":[{"width":872,"height":549,"url":"https:\/\/ghinduction.com\/wp-content\/uploads\/2023\/02\/Process_Stress-relief_3476.jpg","type":"image\/jpeg"}],"twitter_card":"summary_large_image","twitter_misc":{"Tempo estimado de leitura":"1 minuto"},"schema":{"@context":"https:\/\/schema.org","@graph":[{"@type":"WebPage","@id":"https:\/\/ghinduction.com\/pt-pt\/solucoes\/processos\/tratamento-termico\/alivio-do-tensao\/","url":"https:\/\/ghinduction.com\/pt-pt\/solucoes\/processos\/tratamento-termico\/alivio-do-tensao\/","name":"Induction Al\u00edvio do Tens\u00e3o | GH Induction Portugal","isPartOf":{"@id":"https:\/\/ghinduction.com\/pt-pt\/#website"},"primaryImageOfPage":{"@id":"https:\/\/ghinduction.com\/pt-pt\/solucoes\/processos\/tratamento-termico\/alivio-do-tensao\/#primaryimage"},"image":{"@id":"https:\/\/ghinduction.com\/pt-pt\/solucoes\/processos\/tratamento-termico\/alivio-do-tensao\/#primaryimage"},"thumbnailUrl":"https:\/\/ghinduction.com\/wp-content\/uploads\/2023\/02\/Process_Stress-relief_3476.jpg","datePublished":"2023-01-09T09:02:24+00:00","dateModified":"2026-02-26T15:05:34+00:00","description":"al\u00edvio de tens\u00f5es \u00e9 uma aplica\u00e7\u00e3o de calor controlada, antes e \/ ou posterior \u00e0 deforma\u00e7\u00e3o e \/ ou usinagem, a qual melhora a qualidade da estrutura metal\u00fargica, impedindo a forma\u00e7\u00e3o de tens\u00f5es residuais.","breadcrumb":{"@id":"https:\/\/ghinduction.com\/pt-pt\/solucoes\/processos\/tratamento-termico\/alivio-do-tensao\/#breadcrumb"},"inLanguage":"pt-PT","potentialAction":[{"@type":"ReadAction","target":["https:\/\/ghinduction.com\/pt-pt\/solucoes\/processos\/tratamento-termico\/alivio-do-tensao\/"]}]},{"@type":"ImageObject","inLanguage":"pt-PT","@id":"https:\/\/ghinduction.com\/pt-pt\/solucoes\/processos\/tratamento-termico\/alivio-do-tensao\/#primaryimage","url":"https:\/\/ghinduction.com\/wp-content\/uploads\/2023\/02\/Process_Stress-relief_3476.jpg","contentUrl":"https:\/\/ghinduction.com\/wp-content\/uploads\/2023\/02\/Process_Stress-relief_3476.jpg","width":872,"height":549,"caption":"Stress relieving of ends of tube by induction"},{"@type":"BreadcrumbList","@id":"https:\/\/ghinduction.com\/pt-pt\/solucoes\/processos\/tratamento-termico\/alivio-do-tensao\/#breadcrumb","itemListElement":[{"@type":"ListItem","position":1,"name":"Home","item":"https:\/\/ghinduction.com\/pt-pt\/"},{"@type":"ListItem","position":2,"name":"Solu\u00e7\u00f5es","item":"https:\/\/ghinduction.com\/pt-pt\/solucoes\/"},{"@type":"ListItem","position":3,"name":"Processos","item":"https:\/\/ghinduction.com\/pt-pt\/solucoes\/processos\/"},{"@type":"ListItem","position":4,"name":"Tratamento Termico","item":"https:\/\/ghinduction.com\/pt-pt\/solucoes\/processos\/tratamento-termico\/"},{"@type":"ListItem","position":5,"name":"Al\u00edvio do Tens\u00e3o"}]},{"@type":"WebSite","@id":"https:\/\/ghinduction.com\/pt-pt\/#website","url":"https:\/\/ghinduction.com\/pt-pt\/","name":"GH Induction - Experts in Induction Heat Treatment and Induction Heating","description":"GH Induction offers advanced induction heat treatment and heating solutions for various industrial applications. With over 60 years of experience, our innovative systems ensure efficiency and quality across diverse sectors globally.","publisher":{"@id":"https:\/\/ghinduction.com\/pt-pt\/#organization"},"alternateName":"GH Induction","potentialAction":[{"@type":"SearchAction","target":{"@type":"EntryPoint","urlTemplate":"https:\/\/ghinduction.com\/pt-pt\/?s={search_term_string}"},"query-input":{"@type":"PropertyValueSpecification","valueRequired":true,"valueName":"search_term_string"}}],"inLanguage":"pt-PT"},{"@type":"Organization","@id":"https:\/\/ghinduction.com\/pt-pt\/#organization","name":"GH Induction - Experts in Induction Heat Treatment and Induction Heating","alternateName":"GH Induction","url":"https:\/\/ghinduction.com\/pt-pt\/","logo":{"@type":"ImageObject","inLanguage":"pt-PT","@id":"https:\/\/ghinduction.com\/pt-pt\/#\/schema\/logo\/image\/","url":"https:\/\/ghinduction.com\/wp-content\/uploads\/2024\/05\/logo-gh-induction.png","contentUrl":"https:\/\/ghinduction.com\/wp-content\/uploads\/2024\/05\/logo-gh-induction.png","width":225,"height":225,"caption":"GH Induction - Experts in Induction Heat Treatment and Induction Heating"},"image":{"@id":"https:\/\/ghinduction.com\/pt-pt\/#\/schema\/logo\/image\/"},"sameAs":["https:\/\/www.facebook.com\/ghinductionheating","https:\/\/www.linkedin.com\/company\/gh-induction\/","https:\/\/www.youtube.com\/user\/GhInduction"]}]}},"_links":{"self":[{"href":"https:\/\/ghinduction.com\/pt-pt\/wp-json\/wp\/v2\/pages\/24558","targetHints":{"allow":["GET"]}}],"collection":[{"href":"https:\/\/ghinduction.com\/pt-pt\/wp-json\/wp\/v2\/pages"}],"about":[{"href":"https:\/\/ghinduction.com\/pt-pt\/wp-json\/wp\/v2\/types\/page"}],"author":[{"embeddable":true,"href":"https:\/\/ghinduction.com\/pt-pt\/wp-json\/wp\/v2\/users\/1"}],"replies":[{"embeddable":true,"href":"https:\/\/ghinduction.com\/pt-pt\/wp-json\/wp\/v2\/comments?post=24558"}],"version-history":[{"count":1,"href":"https:\/\/ghinduction.com\/pt-pt\/wp-json\/wp\/v2\/pages\/24558\/revisions"}],"predecessor-version":[{"id":66461,"href":"https:\/\/ghinduction.com\/pt-pt\/wp-json\/wp\/v2\/pages\/24558\/revisions\/66461"}],"up":[{"embeddable":true,"href":"https:\/\/ghinduction.com\/pt-pt\/wp-json\/wp\/v2\/pages\/24508"}],"wp:featuredmedia":[{"embeddable":true,"href":"https:\/\/ghinduction.com\/pt-pt\/wp-json\/wp\/v2\/media\/3378"}],"wp:attachment":[{"href":"https:\/\/ghinduction.com\/pt-pt\/wp-json\/wp\/v2\/media?parent=24558"}],"wp:term":[{"taxonomy":"industry","embeddable":true,"href":"https:\/\/ghinduction.com\/pt-pt\/wp-json\/wp\/v2\/industry?post=24558"},{"taxonomy":"processes","embeddable":true,"href":"https:\/\/ghinduction.com\/pt-pt\/wp-json\/wp\/v2\/processes?post=24558"},{"taxonomy":"solutions","embeddable":true,"href":"https:\/\/ghinduction.com\/pt-pt\/wp-json\/wp\/v2\/solutions?post=24558"}],"curies":[{"name":"wp","href":"https:\/\/api.w.org\/{rel}","templated":true}]}}