{"id":33103,"date":"2023-01-09T09:02:36","date_gmt":"2023-01-09T09:02:36","guid":{"rendered":"https:\/\/ghinduction.com\/solucoes\/industria\/maquina-pesadas-caminhoes\/"},"modified":"2024-05-21T08:06:02","modified_gmt":"2024-05-21T08:06:02","slug":"maquina-pesadas-caminhoes","status":"publish","type":"page","link":"https:\/\/ghinduction.com\/pt-pt\/solucoes\/industria\/maquina-pesadas-caminhoes\/","title":{"rendered":"M\u00e1quinas pesadas e caminh\u00f5es"},"content":{"rendered":"","protected":false},"excerpt":{"rendered":"","protected":false},"author":1,"featured_media":0,"parent":24734,"menu_order":51,"comment_status":"closed","ping_status":"closed","template":"","meta":{"_acf_changed":false,"footnotes":""},"industry":[],"processes":[],"solutions":[],"class_list":["post-33103","page","type-page","status-publish","hentry"],"acf":[],"yoast_head":"<!-- This site is optimized with the Yoast SEO plugin v27.3 - https:\/\/yoast.com\/product\/yoast-seo-wordpress\/ -->\n<title>Solu\u00e7\u00f5es de aquecimento por indu\u00e7\u00e3o para m\u00e1quinas pesadas e caminh\u00f5es | GH INDUCTION<\/title>\n<meta name=\"description\" content=\"Solu\u00e7\u00f5es de aquecimento por indu\u00e7\u00e3o para componentes em m\u00e1quinas de constru\u00e7\u00e3o, minera\u00e7\u00e3o, agricultura, silvicultura e caminh\u00f5es. M\u00e1quinas de alta efici\u00eancia para tratamento t\u00e9rmico de seus componentes, pinos de eixo, rolos, buchas, engrenagens, correntes, roldanas, l\u00e2mina de arado e sapatas de esteira em subchassis, anel de l\u00f3bulo de came e eixo em motores hidr\u00e1ulicos e pe\u00e7as de transmiss\u00e3o.\" \/>\n<meta name=\"robots\" content=\"index, follow, max-snippet:-1, max-image-preview:large, max-video-preview:-1\" \/>\n<link rel=\"canonical\" href=\"https:\/\/ghinduction.com\/pt-pt\/solucoes\/industria\/maquina-pesadas-caminhoes\/\" \/>\n<meta property=\"og:locale\" content=\"pt_PT\" \/>\n<meta property=\"og:type\" content=\"article\" \/>\n<meta property=\"og:title\" content=\"Solu\u00e7\u00f5es de aquecimento por indu\u00e7\u00e3o para m\u00e1quinas pesadas e caminh\u00f5es | GH INDUCTION\" \/>\n<meta property=\"og:description\" content=\"Solu\u00e7\u00f5es de aquecimento por indu\u00e7\u00e3o para componentes em m\u00e1quinas de constru\u00e7\u00e3o, minera\u00e7\u00e3o, agricultura, silvicultura e caminh\u00f5es. M\u00e1quinas de alta efici\u00eancia para tratamento t\u00e9rmico de seus componentes, pinos de eixo, rolos, buchas, engrenagens, correntes, roldanas, l\u00e2mina de arado e sapatas de esteira em subchassis, anel de l\u00f3bulo de came e eixo em motores hidr\u00e1ulicos e pe\u00e7as de transmiss\u00e3o.\" \/>\n<meta property=\"og:url\" content=\"https:\/\/ghinduction.com\/pt-pt\/solucoes\/industria\/maquina-pesadas-caminhoes\/\" \/>\n<meta property=\"og:site_name\" content=\"GH Induction Portugal\" \/>\n<meta property=\"article:publisher\" content=\"https:\/\/www.facebook.com\/ghinductionheating\" \/>\n<meta property=\"article:modified_time\" content=\"2024-05-21T08:06:02+00:00\" \/>\n<meta name=\"twitter:card\" content=\"summary_large_image\" \/>\n<script type=\"application\/ld+json\" class=\"yoast-schema-graph\">{\"@context\":\"https:\\\/\\\/schema.org\",\"@graph\":[{\"@type\":\"WebPage\",\"@id\":\"https:\\\/\\\/ghinduction.com\\\/pt-pt\\\/solucoes\\\/industria\\\/maquina-pesadas-caminhoes\\\/\",\"url\":\"https:\\\/\\\/ghinduction.com\\\/pt-pt\\\/solucoes\\\/industria\\\/maquina-pesadas-caminhoes\\\/\",\"name\":\"Solu\u00e7\u00f5es de aquecimento por indu\u00e7\u00e3o para m\u00e1quinas pesadas e caminh\u00f5es | GH INDUCTION\",\"isPartOf\":{\"@id\":\"https:\\\/\\\/ghinduction.com\\\/pt-pt\\\/#website\"},\"datePublished\":\"2023-01-09T09:02:36+00:00\",\"dateModified\":\"2024-05-21T08:06:02+00:00\",\"description\":\"Solu\u00e7\u00f5es de aquecimento por indu\u00e7\u00e3o para componentes em m\u00e1quinas de constru\u00e7\u00e3o, minera\u00e7\u00e3o, agricultura, silvicultura e caminh\u00f5es. M\u00e1quinas de alta efici\u00eancia para tratamento t\u00e9rmico de seus componentes, pinos de eixo, rolos, buchas, engrenagens, correntes, roldanas, l\u00e2mina de arado e sapatas de esteira em subchassis, anel de l\u00f3bulo de came e eixo em motores hidr\u00e1ulicos e pe\u00e7as de transmiss\u00e3o.\",\"breadcrumb\":{\"@id\":\"https:\\\/\\\/ghinduction.com\\\/pt-pt\\\/solucoes\\\/industria\\\/maquina-pesadas-caminhoes\\\/#breadcrumb\"},\"inLanguage\":\"pt-PT\",\"potentialAction\":[{\"@type\":\"ReadAction\",\"target\":[\"https:\\\/\\\/ghinduction.com\\\/pt-pt\\\/solucoes\\\/industria\\\/maquina-pesadas-caminhoes\\\/\"]}]},{\"@type\":\"BreadcrumbList\",\"@id\":\"https:\\\/\\\/ghinduction.com\\\/pt-pt\\\/solucoes\\\/industria\\\/maquina-pesadas-caminhoes\\\/#breadcrumb\",\"itemListElement\":[{\"@type\":\"ListItem\",\"position\":1,\"name\":\"Home\",\"item\":\"https:\\\/\\\/ghinduction.com\\\/pt-pt\\\/\"},{\"@type\":\"ListItem\",\"position\":2,\"name\":\"Solu\u00e7\u00f5es\",\"item\":\"https:\\\/\\\/ghinduction.com\\\/pt-pt\\\/solucoes\\\/\"},{\"@type\":\"ListItem\",\"position\":3,\"name\":\"Ind\u00fastria\",\"item\":\"https:\\\/\\\/ghinduction.com\\\/pt-pt\\\/solucoes\\\/industria\\\/\"},{\"@type\":\"ListItem\",\"position\":4,\"name\":\"M\u00e1quinas pesadas e caminh\u00f5es\"}]},{\"@type\":\"WebSite\",\"@id\":\"https:\\\/\\\/ghinduction.com\\\/pt-pt\\\/#website\",\"url\":\"https:\\\/\\\/ghinduction.com\\\/pt-pt\\\/\",\"name\":\"GH Induction - Experts in Induction Heat Treatment and Induction Heating\",\"description\":\"GH Induction offers advanced induction heat treatment and heating solutions for various industrial applications. With over 60 years of experience, our innovative systems ensure efficiency and quality across diverse sectors globally.\",\"publisher\":{\"@id\":\"https:\\\/\\\/ghinduction.com\\\/pt-pt\\\/#organization\"},\"alternateName\":\"GH Induction\",\"potentialAction\":[{\"@type\":\"SearchAction\",\"target\":{\"@type\":\"EntryPoint\",\"urlTemplate\":\"https:\\\/\\\/ghinduction.com\\\/pt-pt\\\/?s={search_term_string}\"},\"query-input\":{\"@type\":\"PropertyValueSpecification\",\"valueRequired\":true,\"valueName\":\"search_term_string\"}}],\"inLanguage\":\"pt-PT\"},{\"@type\":\"Organization\",\"@id\":\"https:\\\/\\\/ghinduction.com\\\/pt-pt\\\/#organization\",\"name\":\"GH Induction - Experts in Induction Heat Treatment and Induction Heating\",\"alternateName\":\"GH Induction\",\"url\":\"https:\\\/\\\/ghinduction.com\\\/pt-pt\\\/\",\"logo\":{\"@type\":\"ImageObject\",\"inLanguage\":\"pt-PT\",\"@id\":\"https:\\\/\\\/ghinduction.com\\\/pt-pt\\\/#\\\/schema\\\/logo\\\/image\\\/\",\"url\":\"https:\\\/\\\/ghinduction.com\\\/wp-content\\\/uploads\\\/2024\\\/05\\\/logo-gh-induction.png\",\"contentUrl\":\"https:\\\/\\\/ghinduction.com\\\/wp-content\\\/uploads\\\/2024\\\/05\\\/logo-gh-induction.png\",\"width\":225,\"height\":225,\"caption\":\"GH Induction - Experts in Induction Heat Treatment and Induction Heating\"},\"image\":{\"@id\":\"https:\\\/\\\/ghinduction.com\\\/pt-pt\\\/#\\\/schema\\\/logo\\\/image\\\/\"},\"sameAs\":[\"https:\\\/\\\/www.facebook.com\\\/ghinductionheating\",\"https:\\\/\\\/www.linkedin.com\\\/company\\\/gh-induction\\\/\",\"https:\\\/\\\/www.youtube.com\\\/user\\\/GhInduction\"]}]}<\/script>\n<!-- \/ Yoast SEO plugin. -->","yoast_head_json":{"title":"Solu\u00e7\u00f5es de aquecimento por indu\u00e7\u00e3o para m\u00e1quinas pesadas e caminh\u00f5es | GH INDUCTION","description":"Solu\u00e7\u00f5es de aquecimento por indu\u00e7\u00e3o para componentes em m\u00e1quinas de constru\u00e7\u00e3o, minera\u00e7\u00e3o, agricultura, silvicultura e caminh\u00f5es. M\u00e1quinas de alta efici\u00eancia para tratamento t\u00e9rmico de seus componentes, pinos de eixo, rolos, buchas, engrenagens, correntes, roldanas, l\u00e2mina de arado e sapatas de esteira em subchassis, anel de l\u00f3bulo de came e eixo em motores hidr\u00e1ulicos e pe\u00e7as de transmiss\u00e3o.","robots":{"index":"index","follow":"follow","max-snippet":"max-snippet:-1","max-image-preview":"max-image-preview:large","max-video-preview":"max-video-preview:-1"},"canonical":"https:\/\/ghinduction.com\/pt-pt\/solucoes\/industria\/maquina-pesadas-caminhoes\/","og_locale":"pt_PT","og_type":"article","og_title":"Solu\u00e7\u00f5es de aquecimento por indu\u00e7\u00e3o para m\u00e1quinas pesadas e caminh\u00f5es | GH INDUCTION","og_description":"Solu\u00e7\u00f5es de aquecimento por indu\u00e7\u00e3o para componentes em m\u00e1quinas de constru\u00e7\u00e3o, minera\u00e7\u00e3o, agricultura, silvicultura e caminh\u00f5es. M\u00e1quinas de alta efici\u00eancia para tratamento t\u00e9rmico de seus componentes, pinos de eixo, rolos, buchas, engrenagens, correntes, roldanas, l\u00e2mina de arado e sapatas de esteira em subchassis, anel de l\u00f3bulo de came e eixo em motores hidr\u00e1ulicos e pe\u00e7as de transmiss\u00e3o.","og_url":"https:\/\/ghinduction.com\/pt-pt\/solucoes\/industria\/maquina-pesadas-caminhoes\/","og_site_name":"GH Induction Portugal","article_publisher":"https:\/\/www.facebook.com\/ghinductionheating","article_modified_time":"2024-05-21T08:06:02+00:00","twitter_card":"summary_large_image","schema":{"@context":"https:\/\/schema.org","@graph":[{"@type":"WebPage","@id":"https:\/\/ghinduction.com\/pt-pt\/solucoes\/industria\/maquina-pesadas-caminhoes\/","url":"https:\/\/ghinduction.com\/pt-pt\/solucoes\/industria\/maquina-pesadas-caminhoes\/","name":"Solu\u00e7\u00f5es de aquecimento por indu\u00e7\u00e3o para m\u00e1quinas pesadas e caminh\u00f5es | GH INDUCTION","isPartOf":{"@id":"https:\/\/ghinduction.com\/pt-pt\/#website"},"datePublished":"2023-01-09T09:02:36+00:00","dateModified":"2024-05-21T08:06:02+00:00","description":"Solu\u00e7\u00f5es de aquecimento por indu\u00e7\u00e3o para componentes em m\u00e1quinas de constru\u00e7\u00e3o, minera\u00e7\u00e3o, agricultura, silvicultura e caminh\u00f5es. M\u00e1quinas de alta efici\u00eancia para tratamento t\u00e9rmico de seus componentes, pinos de eixo, rolos, buchas, engrenagens, correntes, roldanas, l\u00e2mina de arado e sapatas de esteira em subchassis, anel de l\u00f3bulo de came e eixo em motores hidr\u00e1ulicos e pe\u00e7as de transmiss\u00e3o.","breadcrumb":{"@id":"https:\/\/ghinduction.com\/pt-pt\/solucoes\/industria\/maquina-pesadas-caminhoes\/#breadcrumb"},"inLanguage":"pt-PT","potentialAction":[{"@type":"ReadAction","target":["https:\/\/ghinduction.com\/pt-pt\/solucoes\/industria\/maquina-pesadas-caminhoes\/"]}]},{"@type":"BreadcrumbList","@id":"https:\/\/ghinduction.com\/pt-pt\/solucoes\/industria\/maquina-pesadas-caminhoes\/#breadcrumb","itemListElement":[{"@type":"ListItem","position":1,"name":"Home","item":"https:\/\/ghinduction.com\/pt-pt\/"},{"@type":"ListItem","position":2,"name":"Solu\u00e7\u00f5es","item":"https:\/\/ghinduction.com\/pt-pt\/solucoes\/"},{"@type":"ListItem","position":3,"name":"Ind\u00fastria","item":"https:\/\/ghinduction.com\/pt-pt\/solucoes\/industria\/"},{"@type":"ListItem","position":4,"name":"M\u00e1quinas pesadas e caminh\u00f5es"}]},{"@type":"WebSite","@id":"https:\/\/ghinduction.com\/pt-pt\/#website","url":"https:\/\/ghinduction.com\/pt-pt\/","name":"GH Induction - Experts in Induction Heat Treatment and Induction Heating","description":"GH Induction offers advanced induction heat treatment and heating solutions for various industrial applications. With over 60 years of experience, our innovative systems ensure efficiency and quality across diverse sectors globally.","publisher":{"@id":"https:\/\/ghinduction.com\/pt-pt\/#organization"},"alternateName":"GH Induction","potentialAction":[{"@type":"SearchAction","target":{"@type":"EntryPoint","urlTemplate":"https:\/\/ghinduction.com\/pt-pt\/?s={search_term_string}"},"query-input":{"@type":"PropertyValueSpecification","valueRequired":true,"valueName":"search_term_string"}}],"inLanguage":"pt-PT"},{"@type":"Organization","@id":"https:\/\/ghinduction.com\/pt-pt\/#organization","name":"GH Induction - Experts in Induction Heat Treatment and Induction Heating","alternateName":"GH Induction","url":"https:\/\/ghinduction.com\/pt-pt\/","logo":{"@type":"ImageObject","inLanguage":"pt-PT","@id":"https:\/\/ghinduction.com\/pt-pt\/#\/schema\/logo\/image\/","url":"https:\/\/ghinduction.com\/wp-content\/uploads\/2024\/05\/logo-gh-induction.png","contentUrl":"https:\/\/ghinduction.com\/wp-content\/uploads\/2024\/05\/logo-gh-induction.png","width":225,"height":225,"caption":"GH Induction - Experts in Induction Heat Treatment and Induction Heating"},"image":{"@id":"https:\/\/ghinduction.com\/pt-pt\/#\/schema\/logo\/image\/"},"sameAs":["https:\/\/www.facebook.com\/ghinductionheating","https:\/\/www.linkedin.com\/company\/gh-induction\/","https:\/\/www.youtube.com\/user\/GhInduction"]}]}},"_links":{"self":[{"href":"https:\/\/ghinduction.com\/pt-pt\/wp-json\/wp\/v2\/pages\/33103","targetHints":{"allow":["GET"]}}],"collection":[{"href":"https:\/\/ghinduction.com\/pt-pt\/wp-json\/wp\/v2\/pages"}],"about":[{"href":"https:\/\/ghinduction.com\/pt-pt\/wp-json\/wp\/v2\/types\/page"}],"author":[{"embeddable":true,"href":"https:\/\/ghinduction.com\/pt-pt\/wp-json\/wp\/v2\/users\/1"}],"replies":[{"embeddable":true,"href":"https:\/\/ghinduction.com\/pt-pt\/wp-json\/wp\/v2\/comments?post=33103"}],"version-history":[{"count":0,"href":"https:\/\/ghinduction.com\/pt-pt\/wp-json\/wp\/v2\/pages\/33103\/revisions"}],"up":[{"embeddable":true,"href":"https:\/\/ghinduction.com\/pt-pt\/wp-json\/wp\/v2\/pages\/24734"}],"wp:attachment":[{"href":"https:\/\/ghinduction.com\/pt-pt\/wp-json\/wp\/v2\/media?parent=33103"}],"wp:term":[{"taxonomy":"industry","embeddable":true,"href":"https:\/\/ghinduction.com\/pt-pt\/wp-json\/wp\/v2\/industry?post=33103"},{"taxonomy":"processes","embeddable":true,"href":"https:\/\/ghinduction.com\/pt-pt\/wp-json\/wp\/v2\/processes?post=33103"},{"taxonomy":"solutions","embeddable":true,"href":"https:\/\/ghinduction.com\/pt-pt\/wp-json\/wp\/v2\/solutions?post=33103"}],"curies":[{"name":"wp","href":"https:\/\/api.w.org\/{rel}","templated":true}]}}