{"id":60074,"date":"2023-01-09T09:02:22","date_gmt":"2023-01-09T09:02:22","guid":{"rendered":"https:\/\/ghinduction.com\/solucoes\/processos\/aquecimento-sustentavel\/"},"modified":"2026-02-27T10:43:46","modified_gmt":"2026-02-27T10:43:46","slug":"aquecimento-sustentavel","status":"publish","type":"page","link":"https:\/\/ghinduction.com\/pt-pt\/solucoes\/processos\/aquecimento-sustentavel\/","title":{"rendered":"Aquecimento sustent\u00e1vel"},"content":{"rendered":"","protected":false},"excerpt":{"rendered":"","protected":false},"author":1,"featured_media":31551,"parent":24493,"menu_order":29,"comment_status":"closed","ping_status":"closed","template":"","meta":{"_acf_changed":false,"footnotes":""},"industry":[],"processes":[],"solutions":[],"class_list":["post-60074","page","type-page","status-publish","has-post-thumbnail","hentry"],"acf":[],"yoast_head":"<!-- This site is optimized with the Yoast SEO plugin v27.3 - https:\/\/yoast.com\/product\/yoast-seo-wordpress\/ -->\n<title>Solu\u00e7\u00f5es de aquecimento por indu\u00e7\u00e3o para processos sustent\u00e1veis | GH Induction<\/title>\n<meta name=\"description\" content=\"Se voc\u00ea quer tornar seu processo de aquecimento mais eficiente, limpo e seguro, fale com a GH Induction. N\u00f3s temos a experi\u00eancia e as solu\u00e7\u00f5es necess\u00e1rias para maximizar os benef\u00edcios da tecnologia de indu\u00e7\u00e3o, ajudando voc\u00ea a alcan\u00e7ar um desempenho superior e sustent\u00e1vel.\" \/>\n<meta name=\"robots\" content=\"index, follow, max-snippet:-1, max-image-preview:large, max-video-preview:-1\" \/>\n<link rel=\"canonical\" href=\"https:\/\/ghinduction.com\/pt-pt\/solucoes\/processos\/aquecimento-sustentavel\/\" \/>\n<meta property=\"og:locale\" content=\"pt_PT\" \/>\n<meta property=\"og:type\" content=\"article\" \/>\n<meta property=\"og:title\" content=\"Solu\u00e7\u00f5es de aquecimento por indu\u00e7\u00e3o para processos sustent\u00e1veis | GH Induction\" \/>\n<meta property=\"og:description\" content=\"Se voc\u00ea quer tornar seu processo de aquecimento mais eficiente, limpo e seguro, fale com a GH Induction. N\u00f3s temos a experi\u00eancia e as solu\u00e7\u00f5es necess\u00e1rias para maximizar os benef\u00edcios da tecnologia de indu\u00e7\u00e3o, ajudando voc\u00ea a alcan\u00e7ar um desempenho superior e sustent\u00e1vel.\" \/>\n<meta property=\"og:url\" content=\"https:\/\/ghinduction.com\/pt-pt\/solucoes\/processos\/aquecimento-sustentavel\/\" \/>\n<meta property=\"og:site_name\" content=\"GH Induction Portugal\" \/>\n<meta property=\"article:publisher\" content=\"https:\/\/www.facebook.com\/ghinductionheating\" \/>\n<meta property=\"article:modified_time\" content=\"2026-02-27T10:43:46+00:00\" \/>\n<meta property=\"og:image\" content=\"https:\/\/ghinduction.com\/wp-content\/uploads\/2024\/02\/banner-calentamiento-verde.png\" \/>\n\t<meta property=\"og:image:width\" content=\"1920\" \/>\n\t<meta property=\"og:image:height\" content=\"1127\" \/>\n\t<meta property=\"og:image:type\" content=\"image\/png\" \/>\n<meta name=\"twitter:card\" content=\"summary_large_image\" \/>\n<meta name=\"twitter:label1\" content=\"Tempo estimado de leitura\" \/>\n\t<meta name=\"twitter:data1\" content=\"1 minuto\" \/>\n<script type=\"application\/ld+json\" class=\"yoast-schema-graph\">{\"@context\":\"https:\\\/\\\/schema.org\",\"@graph\":[{\"@type\":\"WebPage\",\"@id\":\"https:\\\/\\\/ghinduction.com\\\/pt-pt\\\/solucoes\\\/processos\\\/aquecimento-sustentavel\\\/\",\"url\":\"https:\\\/\\\/ghinduction.com\\\/pt-pt\\\/solucoes\\\/processos\\\/aquecimento-sustentavel\\\/\",\"name\":\"Solu\u00e7\u00f5es de aquecimento por indu\u00e7\u00e3o para processos sustent\u00e1veis | GH Induction\",\"isPartOf\":{\"@id\":\"https:\\\/\\\/ghinduction.com\\\/pt-pt\\\/#website\"},\"primaryImageOfPage\":{\"@id\":\"https:\\\/\\\/ghinduction.com\\\/pt-pt\\\/solucoes\\\/processos\\\/aquecimento-sustentavel\\\/#primaryimage\"},\"image\":{\"@id\":\"https:\\\/\\\/ghinduction.com\\\/pt-pt\\\/solucoes\\\/processos\\\/aquecimento-sustentavel\\\/#primaryimage\"},\"thumbnailUrl\":\"https:\\\/\\\/ghinduction.com\\\/wp-content\\\/uploads\\\/2024\\\/02\\\/banner-calentamiento-verde.png\",\"datePublished\":\"2023-01-09T09:02:22+00:00\",\"dateModified\":\"2026-02-27T10:43:46+00:00\",\"description\":\"Se voc\u00ea quer tornar seu processo de aquecimento mais eficiente, limpo e seguro, fale com a GH Induction. N\u00f3s temos a experi\u00eancia e as solu\u00e7\u00f5es necess\u00e1rias para maximizar os benef\u00edcios da tecnologia de indu\u00e7\u00e3o, ajudando voc\u00ea a alcan\u00e7ar um desempenho superior e sustent\u00e1vel.\",\"breadcrumb\":{\"@id\":\"https:\\\/\\\/ghinduction.com\\\/pt-pt\\\/solucoes\\\/processos\\\/aquecimento-sustentavel\\\/#breadcrumb\"},\"inLanguage\":\"pt-PT\",\"potentialAction\":[{\"@type\":\"ReadAction\",\"target\":[\"https:\\\/\\\/ghinduction.com\\\/pt-pt\\\/solucoes\\\/processos\\\/aquecimento-sustentavel\\\/\"]}]},{\"@type\":\"ImageObject\",\"inLanguage\":\"pt-PT\",\"@id\":\"https:\\\/\\\/ghinduction.com\\\/pt-pt\\\/solucoes\\\/processos\\\/aquecimento-sustentavel\\\/#primaryimage\",\"url\":\"https:\\\/\\\/ghinduction.com\\\/wp-content\\\/uploads\\\/2024\\\/02\\\/banner-calentamiento-verde.png\",\"contentUrl\":\"https:\\\/\\\/ghinduction.com\\\/wp-content\\\/uploads\\\/2024\\\/02\\\/banner-calentamiento-verde.png\",\"width\":1920,\"height\":1127,\"caption\":\"Green heating processes\"},{\"@type\":\"BreadcrumbList\",\"@id\":\"https:\\\/\\\/ghinduction.com\\\/pt-pt\\\/solucoes\\\/processos\\\/aquecimento-sustentavel\\\/#breadcrumb\",\"itemListElement\":[{\"@type\":\"ListItem\",\"position\":1,\"name\":\"Home\",\"item\":\"https:\\\/\\\/ghinduction.com\\\/pt-pt\\\/\"},{\"@type\":\"ListItem\",\"position\":2,\"name\":\"Solu\u00e7\u00f5es\",\"item\":\"https:\\\/\\\/ghinduction.com\\\/pt-pt\\\/solucoes\\\/\"},{\"@type\":\"ListItem\",\"position\":3,\"name\":\"Processos\",\"item\":\"https:\\\/\\\/ghinduction.com\\\/pt-pt\\\/solucoes\\\/processos\\\/\"},{\"@type\":\"ListItem\",\"position\":4,\"name\":\"Aquecimento sustent\u00e1vel\"}]},{\"@type\":\"WebSite\",\"@id\":\"https:\\\/\\\/ghinduction.com\\\/pt-pt\\\/#website\",\"url\":\"https:\\\/\\\/ghinduction.com\\\/pt-pt\\\/\",\"name\":\"GH Induction - Experts in Induction Heat Treatment and Induction Heating\",\"description\":\"GH Induction offers advanced induction heat treatment and heating solutions for various industrial applications. With over 60 years of experience, our innovative systems ensure efficiency and quality across diverse sectors globally.\",\"publisher\":{\"@id\":\"https:\\\/\\\/ghinduction.com\\\/pt-pt\\\/#organization\"},\"alternateName\":\"GH Induction\",\"potentialAction\":[{\"@type\":\"SearchAction\",\"target\":{\"@type\":\"EntryPoint\",\"urlTemplate\":\"https:\\\/\\\/ghinduction.com\\\/pt-pt\\\/?s={search_term_string}\"},\"query-input\":{\"@type\":\"PropertyValueSpecification\",\"valueRequired\":true,\"valueName\":\"search_term_string\"}}],\"inLanguage\":\"pt-PT\"},{\"@type\":\"Organization\",\"@id\":\"https:\\\/\\\/ghinduction.com\\\/pt-pt\\\/#organization\",\"name\":\"GH Induction - Experts in Induction Heat Treatment and Induction Heating\",\"alternateName\":\"GH Induction\",\"url\":\"https:\\\/\\\/ghinduction.com\\\/pt-pt\\\/\",\"logo\":{\"@type\":\"ImageObject\",\"inLanguage\":\"pt-PT\",\"@id\":\"https:\\\/\\\/ghinduction.com\\\/pt-pt\\\/#\\\/schema\\\/logo\\\/image\\\/\",\"url\":\"https:\\\/\\\/ghinduction.com\\\/wp-content\\\/uploads\\\/2024\\\/05\\\/logo-gh-induction.png\",\"contentUrl\":\"https:\\\/\\\/ghinduction.com\\\/wp-content\\\/uploads\\\/2024\\\/05\\\/logo-gh-induction.png\",\"width\":225,\"height\":225,\"caption\":\"GH Induction - Experts in Induction Heat Treatment and Induction Heating\"},\"image\":{\"@id\":\"https:\\\/\\\/ghinduction.com\\\/pt-pt\\\/#\\\/schema\\\/logo\\\/image\\\/\"},\"sameAs\":[\"https:\\\/\\\/www.facebook.com\\\/ghinductionheating\",\"https:\\\/\\\/www.linkedin.com\\\/company\\\/gh-induction\\\/\",\"https:\\\/\\\/www.youtube.com\\\/user\\\/GhInduction\"]}]}<\/script>\n<!-- \/ Yoast SEO plugin. -->","yoast_head_json":{"title":"Solu\u00e7\u00f5es de aquecimento por indu\u00e7\u00e3o para processos sustent\u00e1veis | GH Induction","description":"Se voc\u00ea quer tornar seu processo de aquecimento mais eficiente, limpo e seguro, fale com a GH Induction. N\u00f3s temos a experi\u00eancia e as solu\u00e7\u00f5es necess\u00e1rias para maximizar os benef\u00edcios da tecnologia de indu\u00e7\u00e3o, ajudando voc\u00ea a alcan\u00e7ar um desempenho superior e sustent\u00e1vel.","robots":{"index":"index","follow":"follow","max-snippet":"max-snippet:-1","max-image-preview":"max-image-preview:large","max-video-preview":"max-video-preview:-1"},"canonical":"https:\/\/ghinduction.com\/pt-pt\/solucoes\/processos\/aquecimento-sustentavel\/","og_locale":"pt_PT","og_type":"article","og_title":"Solu\u00e7\u00f5es de aquecimento por indu\u00e7\u00e3o para processos sustent\u00e1veis | GH Induction","og_description":"Se voc\u00ea quer tornar seu processo de aquecimento mais eficiente, limpo e seguro, fale com a GH Induction. N\u00f3s temos a experi\u00eancia e as solu\u00e7\u00f5es necess\u00e1rias para maximizar os benef\u00edcios da tecnologia de indu\u00e7\u00e3o, ajudando voc\u00ea a alcan\u00e7ar um desempenho superior e sustent\u00e1vel.","og_url":"https:\/\/ghinduction.com\/pt-pt\/solucoes\/processos\/aquecimento-sustentavel\/","og_site_name":"GH Induction Portugal","article_publisher":"https:\/\/www.facebook.com\/ghinductionheating","article_modified_time":"2026-02-27T10:43:46+00:00","og_image":[{"width":1920,"height":1127,"url":"https:\/\/ghinduction.com\/wp-content\/uploads\/2024\/02\/banner-calentamiento-verde.png","type":"image\/png"}],"twitter_card":"summary_large_image","twitter_misc":{"Tempo estimado de leitura":"1 minuto"},"schema":{"@context":"https:\/\/schema.org","@graph":[{"@type":"WebPage","@id":"https:\/\/ghinduction.com\/pt-pt\/solucoes\/processos\/aquecimento-sustentavel\/","url":"https:\/\/ghinduction.com\/pt-pt\/solucoes\/processos\/aquecimento-sustentavel\/","name":"Solu\u00e7\u00f5es de aquecimento por indu\u00e7\u00e3o para processos sustent\u00e1veis | GH Induction","isPartOf":{"@id":"https:\/\/ghinduction.com\/pt-pt\/#website"},"primaryImageOfPage":{"@id":"https:\/\/ghinduction.com\/pt-pt\/solucoes\/processos\/aquecimento-sustentavel\/#primaryimage"},"image":{"@id":"https:\/\/ghinduction.com\/pt-pt\/solucoes\/processos\/aquecimento-sustentavel\/#primaryimage"},"thumbnailUrl":"https:\/\/ghinduction.com\/wp-content\/uploads\/2024\/02\/banner-calentamiento-verde.png","datePublished":"2023-01-09T09:02:22+00:00","dateModified":"2026-02-27T10:43:46+00:00","description":"Se voc\u00ea quer tornar seu processo de aquecimento mais eficiente, limpo e seguro, fale com a GH Induction. N\u00f3s temos a experi\u00eancia e as solu\u00e7\u00f5es necess\u00e1rias para maximizar os benef\u00edcios da tecnologia de indu\u00e7\u00e3o, ajudando voc\u00ea a alcan\u00e7ar um desempenho superior e sustent\u00e1vel.","breadcrumb":{"@id":"https:\/\/ghinduction.com\/pt-pt\/solucoes\/processos\/aquecimento-sustentavel\/#breadcrumb"},"inLanguage":"pt-PT","potentialAction":[{"@type":"ReadAction","target":["https:\/\/ghinduction.com\/pt-pt\/solucoes\/processos\/aquecimento-sustentavel\/"]}]},{"@type":"ImageObject","inLanguage":"pt-PT","@id":"https:\/\/ghinduction.com\/pt-pt\/solucoes\/processos\/aquecimento-sustentavel\/#primaryimage","url":"https:\/\/ghinduction.com\/wp-content\/uploads\/2024\/02\/banner-calentamiento-verde.png","contentUrl":"https:\/\/ghinduction.com\/wp-content\/uploads\/2024\/02\/banner-calentamiento-verde.png","width":1920,"height":1127,"caption":"Green heating processes"},{"@type":"BreadcrumbList","@id":"https:\/\/ghinduction.com\/pt-pt\/solucoes\/processos\/aquecimento-sustentavel\/#breadcrumb","itemListElement":[{"@type":"ListItem","position":1,"name":"Home","item":"https:\/\/ghinduction.com\/pt-pt\/"},{"@type":"ListItem","position":2,"name":"Solu\u00e7\u00f5es","item":"https:\/\/ghinduction.com\/pt-pt\/solucoes\/"},{"@type":"ListItem","position":3,"name":"Processos","item":"https:\/\/ghinduction.com\/pt-pt\/solucoes\/processos\/"},{"@type":"ListItem","position":4,"name":"Aquecimento sustent\u00e1vel"}]},{"@type":"WebSite","@id":"https:\/\/ghinduction.com\/pt-pt\/#website","url":"https:\/\/ghinduction.com\/pt-pt\/","name":"GH Induction - Experts in Induction Heat Treatment and Induction Heating","description":"GH Induction offers advanced induction heat treatment and heating solutions for various industrial applications. With over 60 years of experience, our innovative systems ensure efficiency and quality across diverse sectors globally.","publisher":{"@id":"https:\/\/ghinduction.com\/pt-pt\/#organization"},"alternateName":"GH Induction","potentialAction":[{"@type":"SearchAction","target":{"@type":"EntryPoint","urlTemplate":"https:\/\/ghinduction.com\/pt-pt\/?s={search_term_string}"},"query-input":{"@type":"PropertyValueSpecification","valueRequired":true,"valueName":"search_term_string"}}],"inLanguage":"pt-PT"},{"@type":"Organization","@id":"https:\/\/ghinduction.com\/pt-pt\/#organization","name":"GH Induction - Experts in Induction Heat Treatment and Induction Heating","alternateName":"GH Induction","url":"https:\/\/ghinduction.com\/pt-pt\/","logo":{"@type":"ImageObject","inLanguage":"pt-PT","@id":"https:\/\/ghinduction.com\/pt-pt\/#\/schema\/logo\/image\/","url":"https:\/\/ghinduction.com\/wp-content\/uploads\/2024\/05\/logo-gh-induction.png","contentUrl":"https:\/\/ghinduction.com\/wp-content\/uploads\/2024\/05\/logo-gh-induction.png","width":225,"height":225,"caption":"GH Induction - Experts in Induction Heat Treatment and Induction Heating"},"image":{"@id":"https:\/\/ghinduction.com\/pt-pt\/#\/schema\/logo\/image\/"},"sameAs":["https:\/\/www.facebook.com\/ghinductionheating","https:\/\/www.linkedin.com\/company\/gh-induction\/","https:\/\/www.youtube.com\/user\/GhInduction"]}]}},"_links":{"self":[{"href":"https:\/\/ghinduction.com\/pt-pt\/wp-json\/wp\/v2\/pages\/60074","targetHints":{"allow":["GET"]}}],"collection":[{"href":"https:\/\/ghinduction.com\/pt-pt\/wp-json\/wp\/v2\/pages"}],"about":[{"href":"https:\/\/ghinduction.com\/pt-pt\/wp-json\/wp\/v2\/types\/page"}],"author":[{"embeddable":true,"href":"https:\/\/ghinduction.com\/pt-pt\/wp-json\/wp\/v2\/users\/1"}],"replies":[{"embeddable":true,"href":"https:\/\/ghinduction.com\/pt-pt\/wp-json\/wp\/v2\/comments?post=60074"}],"version-history":[{"count":1,"href":"https:\/\/ghinduction.com\/pt-pt\/wp-json\/wp\/v2\/pages\/60074\/revisions"}],"predecessor-version":[{"id":67118,"href":"https:\/\/ghinduction.com\/pt-pt\/wp-json\/wp\/v2\/pages\/60074\/revisions\/67118"}],"up":[{"embeddable":true,"href":"https:\/\/ghinduction.com\/pt-pt\/wp-json\/wp\/v2\/pages\/24493"}],"wp:featuredmedia":[{"embeddable":true,"href":"https:\/\/ghinduction.com\/pt-pt\/wp-json\/wp\/v2\/media\/31551"}],"wp:attachment":[{"href":"https:\/\/ghinduction.com\/pt-pt\/wp-json\/wp\/v2\/media?parent=60074"}],"wp:term":[{"taxonomy":"industry","embeddable":true,"href":"https:\/\/ghinduction.com\/pt-pt\/wp-json\/wp\/v2\/industry?post=60074"},{"taxonomy":"processes","embeddable":true,"href":"https:\/\/ghinduction.com\/pt-pt\/wp-json\/wp\/v2\/processes?post=60074"},{"taxonomy":"solutions","embeddable":true,"href":"https:\/\/ghinduction.com\/pt-pt\/wp-json\/wp\/v2\/solutions?post=60074"}],"curies":[{"name":"wp","href":"https:\/\/api.w.org\/{rel}","templated":true}]}}