{"id":61239,"date":"2023-01-09T09:02:37","date_gmt":"2023-01-09T09:02:37","guid":{"rendered":"https:\/\/ghinduction.com\/solucoes\/industria\/tubos-canos\/"},"modified":"2026-02-26T09:55:26","modified_gmt":"2026-02-26T09:55:26","slug":"tubos-canos","status":"publish","type":"page","link":"https:\/\/ghinduction.com\/pt-pt\/solucoes\/industria\/tubos-canos\/","title":{"rendered":"Tubos e canos"},"content":{"rendered":"","protected":false},"excerpt":{"rendered":"","protected":false},"author":1,"featured_media":0,"parent":24734,"menu_order":52,"comment_status":"closed","ping_status":"closed","template":"","meta":{"_acf_changed":false,"footnotes":""},"industry":[],"processes":[],"solutions":[],"class_list":["post-61239","page","type-page","status-publish","hentry"],"acf":[],"yoast_head":"<!-- This site is optimized with the Yoast SEO plugin v27.3 - https:\/\/yoast.com\/product\/yoast-seo-wordpress\/ -->\n<title>Solu\u00e7\u00f5es de aquecimento por indu\u00e7\u00e3o para tubos e tubula\u00e7\u00f5es | GH Induction<\/title>\n<meta name=\"description\" content=\"A GH Induction cria solu\u00e7\u00f5es de aquecimento por indu\u00e7\u00e3o para fabrica\u00e7\u00e3o de tubos e tubula\u00e7\u00f5es, independentemente do local, tamanho ou tipo de liga. Com uma das mais altas efici\u00eancias energ\u00e9ticas do mercado, nossas solu\u00e7\u00f5es garantem desempenho superior em cada etapa do processo. As solu\u00e7\u00f5es podem abranger diferentes processos: soldagem, tratamento t\u00e9rmico p\u00f3s-soldagem, endurecimento, revenimento, revestimento ou secagem.\" \/>\n<meta name=\"robots\" content=\"index, follow, max-snippet:-1, max-image-preview:large, max-video-preview:-1\" \/>\n<link rel=\"canonical\" href=\"https:\/\/ghinduction.com\/pt-pt\/solucoes\/industria\/tubos-canos\/\" \/>\n<meta property=\"og:locale\" content=\"pt_PT\" \/>\n<meta property=\"og:type\" content=\"article\" \/>\n<meta property=\"og:title\" content=\"Solu\u00e7\u00f5es de aquecimento por indu\u00e7\u00e3o para tubos e tubula\u00e7\u00f5es | GH Induction\" \/>\n<meta property=\"og:description\" content=\"A GH Induction cria solu\u00e7\u00f5es de aquecimento por indu\u00e7\u00e3o para fabrica\u00e7\u00e3o de tubos e tubula\u00e7\u00f5es, independentemente do local, tamanho ou tipo de liga. Com uma das mais altas efici\u00eancias energ\u00e9ticas do mercado, nossas solu\u00e7\u00f5es garantem desempenho superior em cada etapa do processo. As solu\u00e7\u00f5es podem abranger diferentes processos: soldagem, tratamento t\u00e9rmico p\u00f3s-soldagem, endurecimento, revenimento, revestimento ou secagem.\" \/>\n<meta property=\"og:url\" content=\"https:\/\/ghinduction.com\/pt-pt\/solucoes\/industria\/tubos-canos\/\" \/>\n<meta property=\"og:site_name\" content=\"GH Induction Portugal\" \/>\n<meta property=\"article:publisher\" content=\"https:\/\/www.facebook.com\/ghinductionheating\" \/>\n<meta property=\"article:modified_time\" content=\"2026-02-26T09:55:26+00:00\" \/>\n<meta name=\"twitter:card\" content=\"summary_large_image\" \/>\n<script type=\"application\/ld+json\" class=\"yoast-schema-graph\">{\"@context\":\"https:\\\/\\\/schema.org\",\"@graph\":[{\"@type\":\"WebPage\",\"@id\":\"https:\\\/\\\/ghinduction.com\\\/pt-pt\\\/solucoes\\\/industria\\\/tubos-canos\\\/\",\"url\":\"https:\\\/\\\/ghinduction.com\\\/pt-pt\\\/solucoes\\\/industria\\\/tubos-canos\\\/\",\"name\":\"Solu\u00e7\u00f5es de aquecimento por indu\u00e7\u00e3o para tubos e tubula\u00e7\u00f5es | GH Induction\",\"isPartOf\":{\"@id\":\"https:\\\/\\\/ghinduction.com\\\/pt-pt\\\/#website\"},\"datePublished\":\"2023-01-09T09:02:37+00:00\",\"dateModified\":\"2026-02-26T09:55:26+00:00\",\"description\":\"A GH Induction cria solu\u00e7\u00f5es de aquecimento por indu\u00e7\u00e3o para fabrica\u00e7\u00e3o de tubos e tubula\u00e7\u00f5es, independentemente do local, tamanho ou tipo de liga. Com uma das mais altas efici\u00eancias energ\u00e9ticas do mercado, nossas solu\u00e7\u00f5es garantem desempenho superior em cada etapa do processo. As solu\u00e7\u00f5es podem abranger diferentes processos: soldagem, tratamento t\u00e9rmico p\u00f3s-soldagem, endurecimento, revenimento, revestimento ou secagem.\",\"breadcrumb\":{\"@id\":\"https:\\\/\\\/ghinduction.com\\\/pt-pt\\\/solucoes\\\/industria\\\/tubos-canos\\\/#breadcrumb\"},\"inLanguage\":\"pt-PT\",\"potentialAction\":[{\"@type\":\"ReadAction\",\"target\":[\"https:\\\/\\\/ghinduction.com\\\/pt-pt\\\/solucoes\\\/industria\\\/tubos-canos\\\/\"]}]},{\"@type\":\"BreadcrumbList\",\"@id\":\"https:\\\/\\\/ghinduction.com\\\/pt-pt\\\/solucoes\\\/industria\\\/tubos-canos\\\/#breadcrumb\",\"itemListElement\":[{\"@type\":\"ListItem\",\"position\":1,\"name\":\"Home\",\"item\":\"https:\\\/\\\/ghinduction.com\\\/pt-pt\\\/\"},{\"@type\":\"ListItem\",\"position\":2,\"name\":\"Solu\u00e7\u00f5es\",\"item\":\"https:\\\/\\\/ghinduction.com\\\/pt-pt\\\/solucoes\\\/\"},{\"@type\":\"ListItem\",\"position\":3,\"name\":\"Ind\u00fastria\",\"item\":\"https:\\\/\\\/ghinduction.com\\\/pt-pt\\\/solucoes\\\/industria\\\/\"},{\"@type\":\"ListItem\",\"position\":4,\"name\":\"Tubos e canos\"}]},{\"@type\":\"WebSite\",\"@id\":\"https:\\\/\\\/ghinduction.com\\\/pt-pt\\\/#website\",\"url\":\"https:\\\/\\\/ghinduction.com\\\/pt-pt\\\/\",\"name\":\"GH Induction - Experts in Induction Heat Treatment and Induction Heating\",\"description\":\"GH Induction offers advanced induction heat treatment and heating solutions for various industrial applications. With over 60 years of experience, our innovative systems ensure efficiency and quality across diverse sectors globally.\",\"publisher\":{\"@id\":\"https:\\\/\\\/ghinduction.com\\\/pt-pt\\\/#organization\"},\"alternateName\":\"GH Induction\",\"potentialAction\":[{\"@type\":\"SearchAction\",\"target\":{\"@type\":\"EntryPoint\",\"urlTemplate\":\"https:\\\/\\\/ghinduction.com\\\/pt-pt\\\/?s={search_term_string}\"},\"query-input\":{\"@type\":\"PropertyValueSpecification\",\"valueRequired\":true,\"valueName\":\"search_term_string\"}}],\"inLanguage\":\"pt-PT\"},{\"@type\":\"Organization\",\"@id\":\"https:\\\/\\\/ghinduction.com\\\/pt-pt\\\/#organization\",\"name\":\"GH Induction - Experts in Induction Heat Treatment and Induction Heating\",\"alternateName\":\"GH Induction\",\"url\":\"https:\\\/\\\/ghinduction.com\\\/pt-pt\\\/\",\"logo\":{\"@type\":\"ImageObject\",\"inLanguage\":\"pt-PT\",\"@id\":\"https:\\\/\\\/ghinduction.com\\\/pt-pt\\\/#\\\/schema\\\/logo\\\/image\\\/\",\"url\":\"https:\\\/\\\/ghinduction.com\\\/wp-content\\\/uploads\\\/2024\\\/05\\\/logo-gh-induction.png\",\"contentUrl\":\"https:\\\/\\\/ghinduction.com\\\/wp-content\\\/uploads\\\/2024\\\/05\\\/logo-gh-induction.png\",\"width\":225,\"height\":225,\"caption\":\"GH Induction - Experts in Induction Heat Treatment and Induction Heating\"},\"image\":{\"@id\":\"https:\\\/\\\/ghinduction.com\\\/pt-pt\\\/#\\\/schema\\\/logo\\\/image\\\/\"},\"sameAs\":[\"https:\\\/\\\/www.facebook.com\\\/ghinductionheating\",\"https:\\\/\\\/www.linkedin.com\\\/company\\\/gh-induction\\\/\",\"https:\\\/\\\/www.youtube.com\\\/user\\\/GhInduction\"]}]}<\/script>\n<!-- \/ Yoast SEO plugin. -->","yoast_head_json":{"title":"Solu\u00e7\u00f5es de aquecimento por indu\u00e7\u00e3o para tubos e tubula\u00e7\u00f5es | GH Induction","description":"A GH Induction cria solu\u00e7\u00f5es de aquecimento por indu\u00e7\u00e3o para fabrica\u00e7\u00e3o de tubos e tubula\u00e7\u00f5es, independentemente do local, tamanho ou tipo de liga. Com uma das mais altas efici\u00eancias energ\u00e9ticas do mercado, nossas solu\u00e7\u00f5es garantem desempenho superior em cada etapa do processo. As solu\u00e7\u00f5es podem abranger diferentes processos: soldagem, tratamento t\u00e9rmico p\u00f3s-soldagem, endurecimento, revenimento, revestimento ou secagem.","robots":{"index":"index","follow":"follow","max-snippet":"max-snippet:-1","max-image-preview":"max-image-preview:large","max-video-preview":"max-video-preview:-1"},"canonical":"https:\/\/ghinduction.com\/pt-pt\/solucoes\/industria\/tubos-canos\/","og_locale":"pt_PT","og_type":"article","og_title":"Solu\u00e7\u00f5es de aquecimento por indu\u00e7\u00e3o para tubos e tubula\u00e7\u00f5es | GH Induction","og_description":"A GH Induction cria solu\u00e7\u00f5es de aquecimento por indu\u00e7\u00e3o para fabrica\u00e7\u00e3o de tubos e tubula\u00e7\u00f5es, independentemente do local, tamanho ou tipo de liga. Com uma das mais altas efici\u00eancias energ\u00e9ticas do mercado, nossas solu\u00e7\u00f5es garantem desempenho superior em cada etapa do processo. As solu\u00e7\u00f5es podem abranger diferentes processos: soldagem, tratamento t\u00e9rmico p\u00f3s-soldagem, endurecimento, revenimento, revestimento ou secagem.","og_url":"https:\/\/ghinduction.com\/pt-pt\/solucoes\/industria\/tubos-canos\/","og_site_name":"GH Induction Portugal","article_publisher":"https:\/\/www.facebook.com\/ghinductionheating","article_modified_time":"2026-02-26T09:55:26+00:00","twitter_card":"summary_large_image","schema":{"@context":"https:\/\/schema.org","@graph":[{"@type":"WebPage","@id":"https:\/\/ghinduction.com\/pt-pt\/solucoes\/industria\/tubos-canos\/","url":"https:\/\/ghinduction.com\/pt-pt\/solucoes\/industria\/tubos-canos\/","name":"Solu\u00e7\u00f5es de aquecimento por indu\u00e7\u00e3o para tubos e tubula\u00e7\u00f5es | GH Induction","isPartOf":{"@id":"https:\/\/ghinduction.com\/pt-pt\/#website"},"datePublished":"2023-01-09T09:02:37+00:00","dateModified":"2026-02-26T09:55:26+00:00","description":"A GH Induction cria solu\u00e7\u00f5es de aquecimento por indu\u00e7\u00e3o para fabrica\u00e7\u00e3o de tubos e tubula\u00e7\u00f5es, independentemente do local, tamanho ou tipo de liga. Com uma das mais altas efici\u00eancias energ\u00e9ticas do mercado, nossas solu\u00e7\u00f5es garantem desempenho superior em cada etapa do processo. As solu\u00e7\u00f5es podem abranger diferentes processos: soldagem, tratamento t\u00e9rmico p\u00f3s-soldagem, endurecimento, revenimento, revestimento ou secagem.","breadcrumb":{"@id":"https:\/\/ghinduction.com\/pt-pt\/solucoes\/industria\/tubos-canos\/#breadcrumb"},"inLanguage":"pt-PT","potentialAction":[{"@type":"ReadAction","target":["https:\/\/ghinduction.com\/pt-pt\/solucoes\/industria\/tubos-canos\/"]}]},{"@type":"BreadcrumbList","@id":"https:\/\/ghinduction.com\/pt-pt\/solucoes\/industria\/tubos-canos\/#breadcrumb","itemListElement":[{"@type":"ListItem","position":1,"name":"Home","item":"https:\/\/ghinduction.com\/pt-pt\/"},{"@type":"ListItem","position":2,"name":"Solu\u00e7\u00f5es","item":"https:\/\/ghinduction.com\/pt-pt\/solucoes\/"},{"@type":"ListItem","position":3,"name":"Ind\u00fastria","item":"https:\/\/ghinduction.com\/pt-pt\/solucoes\/industria\/"},{"@type":"ListItem","position":4,"name":"Tubos e canos"}]},{"@type":"WebSite","@id":"https:\/\/ghinduction.com\/pt-pt\/#website","url":"https:\/\/ghinduction.com\/pt-pt\/","name":"GH Induction - Experts in Induction Heat Treatment and Induction Heating","description":"GH Induction offers advanced induction heat treatment and heating solutions for various industrial applications. With over 60 years of experience, our innovative systems ensure efficiency and quality across diverse sectors globally.","publisher":{"@id":"https:\/\/ghinduction.com\/pt-pt\/#organization"},"alternateName":"GH Induction","potentialAction":[{"@type":"SearchAction","target":{"@type":"EntryPoint","urlTemplate":"https:\/\/ghinduction.com\/pt-pt\/?s={search_term_string}"},"query-input":{"@type":"PropertyValueSpecification","valueRequired":true,"valueName":"search_term_string"}}],"inLanguage":"pt-PT"},{"@type":"Organization","@id":"https:\/\/ghinduction.com\/pt-pt\/#organization","name":"GH Induction - Experts in Induction Heat Treatment and Induction Heating","alternateName":"GH Induction","url":"https:\/\/ghinduction.com\/pt-pt\/","logo":{"@type":"ImageObject","inLanguage":"pt-PT","@id":"https:\/\/ghinduction.com\/pt-pt\/#\/schema\/logo\/image\/","url":"https:\/\/ghinduction.com\/wp-content\/uploads\/2024\/05\/logo-gh-induction.png","contentUrl":"https:\/\/ghinduction.com\/wp-content\/uploads\/2024\/05\/logo-gh-induction.png","width":225,"height":225,"caption":"GH Induction - Experts in Induction Heat Treatment and Induction Heating"},"image":{"@id":"https:\/\/ghinduction.com\/pt-pt\/#\/schema\/logo\/image\/"},"sameAs":["https:\/\/www.facebook.com\/ghinductionheating","https:\/\/www.linkedin.com\/company\/gh-induction\/","https:\/\/www.youtube.com\/user\/GhInduction"]}]}},"_links":{"self":[{"href":"https:\/\/ghinduction.com\/pt-pt\/wp-json\/wp\/v2\/pages\/61239","targetHints":{"allow":["GET"]}}],"collection":[{"href":"https:\/\/ghinduction.com\/pt-pt\/wp-json\/wp\/v2\/pages"}],"about":[{"href":"https:\/\/ghinduction.com\/pt-pt\/wp-json\/wp\/v2\/types\/page"}],"author":[{"embeddable":true,"href":"https:\/\/ghinduction.com\/pt-pt\/wp-json\/wp\/v2\/users\/1"}],"replies":[{"embeddable":true,"href":"https:\/\/ghinduction.com\/pt-pt\/wp-json\/wp\/v2\/comments?post=61239"}],"version-history":[{"count":1,"href":"https:\/\/ghinduction.com\/pt-pt\/wp-json\/wp\/v2\/pages\/61239\/revisions"}],"predecessor-version":[{"id":65901,"href":"https:\/\/ghinduction.com\/pt-pt\/wp-json\/wp\/v2\/pages\/61239\/revisions\/65901"}],"up":[{"embeddable":true,"href":"https:\/\/ghinduction.com\/pt-pt\/wp-json\/wp\/v2\/pages\/24734"}],"wp:attachment":[{"href":"https:\/\/ghinduction.com\/pt-pt\/wp-json\/wp\/v2\/media?parent=61239"}],"wp:term":[{"taxonomy":"industry","embeddable":true,"href":"https:\/\/ghinduction.com\/pt-pt\/wp-json\/wp\/v2\/industry?post=61239"},{"taxonomy":"processes","embeddable":true,"href":"https:\/\/ghinduction.com\/pt-pt\/wp-json\/wp\/v2\/processes?post=61239"},{"taxonomy":"solutions","embeddable":true,"href":"https:\/\/ghinduction.com\/pt-pt\/wp-json\/wp\/v2\/solutions?post=61239"}],"curies":[{"name":"wp","href":"https:\/\/api.w.org\/{rel}","templated":true}]}}