{"id":63985,"date":"2025-10-22T08:51:04","date_gmt":"2025-10-22T08:51:04","guid":{"rendered":"https:\/\/ghinduction.com\/inkompac-multissaidas\/"},"modified":"2026-03-24T11:37:37","modified_gmt":"2026-03-24T11:37:37","slug":"inkompac-multissaidas","status":"publish","type":"page","link":"https:\/\/ghinduction.com\/pt-pt\/produtos-servicos\/sistemas-aquecimento-inducao\/inkompac\/inkompac-multissaidas\/","title":{"rendered":"Gerador inKompac Multissa\u00eddas"},"content":{"rendered":"","protected":false},"excerpt":{"rendered":"","protected":false},"author":4,"featured_media":0,"parent":64044,"menu_order":0,"comment_status":"closed","ping_status":"closed","template":"","meta":{"_acf_changed":false,"footnotes":""},"industry":[],"processes":[969,1442,828],"solutions":[],"class_list":["post-63985","page","type-page","status-publish","hentry","processes-brasagem-pt-pt","processes-montagem-por-interferencia-pt-pt","processes-tempera-pt-pt"],"acf":[],"yoast_head":"<!-- This site is optimized with the Yoast SEO plugin v27.3 - https:\/\/yoast.com\/product\/yoast-seo-wordpress\/ -->\n<title>inKompac Multioutput - Gerador compacto com v\u00e1rias sa\u00eddas para aquecimento por indu\u00e7\u00e3o de alta frequ\u00eancia - GH Induction<\/title>\n<meta name=\"description\" content=\"Gerador de indu\u00e7\u00e3o com 4 sa\u00eddas de tamanho compacto para diversos processos de aquecimento por indu\u00e7\u00e3o: soldagem, aquecimento, encaixe por press\u00e3o, etc.\" \/>\n<meta name=\"robots\" content=\"index, follow, max-snippet:-1, max-image-preview:large, max-video-preview:-1\" \/>\n<link rel=\"canonical\" href=\"https:\/\/ghinduction.com\/pt-pt\/produtos-servicos\/sistemas-aquecimento-inducao\/inkompac\/inkompac-multissaidas\/\" \/>\n<meta property=\"og:locale\" content=\"pt_PT\" \/>\n<meta property=\"og:type\" content=\"article\" \/>\n<meta property=\"og:title\" content=\"inKompac Multioutput - Gerador compacto com v\u00e1rias sa\u00eddas para aquecimento por indu\u00e7\u00e3o de alta frequ\u00eancia - GH Induction\" \/>\n<meta property=\"og:description\" content=\"Gerador de indu\u00e7\u00e3o com 4 sa\u00eddas de tamanho compacto para diversos processos de aquecimento por indu\u00e7\u00e3o: soldagem, aquecimento, encaixe por press\u00e3o, etc.\" \/>\n<meta property=\"og:url\" content=\"https:\/\/ghinduction.com\/pt-pt\/produtos-servicos\/sistemas-aquecimento-inducao\/inkompac\/inkompac-multissaidas\/\" \/>\n<meta property=\"og:site_name\" content=\"GH Induction Portugal\" \/>\n<meta property=\"article:publisher\" content=\"https:\/\/www.facebook.com\/ghinductionheating\" \/>\n<meta property=\"article:modified_time\" content=\"2026-03-24T11:37:37+00:00\" \/>\n<meta name=\"twitter:card\" content=\"summary_large_image\" \/>\n<script type=\"application\/ld+json\" class=\"yoast-schema-graph\">{\"@context\":\"https:\\\/\\\/schema.org\",\"@graph\":[{\"@type\":\"WebPage\",\"@id\":\"https:\\\/\\\/ghinduction.com\\\/pt-pt\\\/produtos-servicos\\\/sistemas-aquecimento-inducao\\\/inkompac\\\/inkompac-multissaidas\\\/\",\"url\":\"https:\\\/\\\/ghinduction.com\\\/pt-pt\\\/produtos-servicos\\\/sistemas-aquecimento-inducao\\\/inkompac\\\/inkompac-multissaidas\\\/\",\"name\":\"inKompac Multioutput - Gerador compacto com v\u00e1rias sa\u00eddas para aquecimento por indu\u00e7\u00e3o de alta frequ\u00eancia - GH Induction\",\"isPartOf\":{\"@id\":\"https:\\\/\\\/ghinduction.com\\\/pt-pt\\\/#website\"},\"datePublished\":\"2025-10-22T08:51:04+00:00\",\"dateModified\":\"2026-03-24T11:37:37+00:00\",\"description\":\"Gerador de indu\u00e7\u00e3o com 4 sa\u00eddas de tamanho compacto para diversos processos de aquecimento por indu\u00e7\u00e3o: soldagem, aquecimento, encaixe por press\u00e3o, etc.\",\"breadcrumb\":{\"@id\":\"https:\\\/\\\/ghinduction.com\\\/pt-pt\\\/produtos-servicos\\\/sistemas-aquecimento-inducao\\\/inkompac\\\/inkompac-multissaidas\\\/#breadcrumb\"},\"inLanguage\":\"pt-PT\",\"potentialAction\":[{\"@type\":\"ReadAction\",\"target\":[\"https:\\\/\\\/ghinduction.com\\\/pt-pt\\\/produtos-servicos\\\/sistemas-aquecimento-inducao\\\/inkompac\\\/inkompac-multissaidas\\\/\"]}]},{\"@type\":\"BreadcrumbList\",\"@id\":\"https:\\\/\\\/ghinduction.com\\\/pt-pt\\\/produtos-servicos\\\/sistemas-aquecimento-inducao\\\/inkompac\\\/inkompac-multissaidas\\\/#breadcrumb\",\"itemListElement\":[{\"@type\":\"ListItem\",\"position\":1,\"name\":\"Home\",\"item\":\"https:\\\/\\\/ghinduction.com\\\/pt-pt\\\/\"},{\"@type\":\"ListItem\",\"position\":2,\"name\":\"Produtos e Servi\u00e7os\",\"item\":\"https:\\\/\\\/ghinduction.com\\\/pt-pt\\\/produtos-servicos\\\/\"},{\"@type\":\"ListItem\",\"position\":3,\"name\":\"Sistemas de aquecimento por indu\u00e7\u00e3o\",\"item\":\"https:\\\/\\\/ghinduction.com\\\/pt-pt\\\/produtos-servicos\\\/sistemas-aquecimento-inducao\\\/\"},{\"@type\":\"ListItem\",\"position\":4,\"name\":\"inKompac Induction Generators\",\"item\":\"https:\\\/\\\/ghinduction.com\\\/pt-pt\\\/produtos-servicos\\\/sistemas-aquecimento-inducao\\\/inkompac\\\/\"},{\"@type\":\"ListItem\",\"position\":5,\"name\":\"Gerador inKompac Multissa\u00eddas\"}]},{\"@type\":\"WebSite\",\"@id\":\"https:\\\/\\\/ghinduction.com\\\/pt-pt\\\/#website\",\"url\":\"https:\\\/\\\/ghinduction.com\\\/pt-pt\\\/\",\"name\":\"GH Induction - Experts in Induction Heat Treatment and Induction Heating\",\"description\":\"GH Induction offers advanced induction heat treatment and heating solutions for various industrial applications. With over 60 years of experience, our innovative systems ensure efficiency and quality across diverse sectors globally.\",\"publisher\":{\"@id\":\"https:\\\/\\\/ghinduction.com\\\/pt-pt\\\/#organization\"},\"alternateName\":\"GH Induction\",\"potentialAction\":[{\"@type\":\"SearchAction\",\"target\":{\"@type\":\"EntryPoint\",\"urlTemplate\":\"https:\\\/\\\/ghinduction.com\\\/pt-pt\\\/?s={search_term_string}\"},\"query-input\":{\"@type\":\"PropertyValueSpecification\",\"valueRequired\":true,\"valueName\":\"search_term_string\"}}],\"inLanguage\":\"pt-PT\"},{\"@type\":\"Organization\",\"@id\":\"https:\\\/\\\/ghinduction.com\\\/pt-pt\\\/#organization\",\"name\":\"GH Induction - Experts in Induction Heat Treatment and Induction Heating\",\"alternateName\":\"GH Induction\",\"url\":\"https:\\\/\\\/ghinduction.com\\\/pt-pt\\\/\",\"logo\":{\"@type\":\"ImageObject\",\"inLanguage\":\"pt-PT\",\"@id\":\"https:\\\/\\\/ghinduction.com\\\/pt-pt\\\/#\\\/schema\\\/logo\\\/image\\\/\",\"url\":\"https:\\\/\\\/ghinduction.com\\\/wp-content\\\/uploads\\\/2024\\\/05\\\/logo-gh-induction.png\",\"contentUrl\":\"https:\\\/\\\/ghinduction.com\\\/wp-content\\\/uploads\\\/2024\\\/05\\\/logo-gh-induction.png\",\"width\":225,\"height\":225,\"caption\":\"GH Induction - Experts in Induction Heat Treatment and Induction Heating\"},\"image\":{\"@id\":\"https:\\\/\\\/ghinduction.com\\\/pt-pt\\\/#\\\/schema\\\/logo\\\/image\\\/\"},\"sameAs\":[\"https:\\\/\\\/www.facebook.com\\\/ghinductionheating\",\"https:\\\/\\\/www.linkedin.com\\\/company\\\/gh-induction\\\/\",\"https:\\\/\\\/www.youtube.com\\\/user\\\/GhInduction\"]}]}<\/script>\n<!-- \/ Yoast SEO plugin. -->","yoast_head_json":{"title":"inKompac Multioutput - Gerador compacto com v\u00e1rias sa\u00eddas para aquecimento por indu\u00e7\u00e3o de alta frequ\u00eancia - GH Induction","description":"Gerador de indu\u00e7\u00e3o com 4 sa\u00eddas de tamanho compacto para diversos processos de aquecimento por indu\u00e7\u00e3o: soldagem, aquecimento, encaixe por press\u00e3o, etc.","robots":{"index":"index","follow":"follow","max-snippet":"max-snippet:-1","max-image-preview":"max-image-preview:large","max-video-preview":"max-video-preview:-1"},"canonical":"https:\/\/ghinduction.com\/pt-pt\/produtos-servicos\/sistemas-aquecimento-inducao\/inkompac\/inkompac-multissaidas\/","og_locale":"pt_PT","og_type":"article","og_title":"inKompac Multioutput - Gerador compacto com v\u00e1rias sa\u00eddas para aquecimento por indu\u00e7\u00e3o de alta frequ\u00eancia - GH Induction","og_description":"Gerador de indu\u00e7\u00e3o com 4 sa\u00eddas de tamanho compacto para diversos processos de aquecimento por indu\u00e7\u00e3o: soldagem, aquecimento, encaixe por press\u00e3o, etc.","og_url":"https:\/\/ghinduction.com\/pt-pt\/produtos-servicos\/sistemas-aquecimento-inducao\/inkompac\/inkompac-multissaidas\/","og_site_name":"GH Induction Portugal","article_publisher":"https:\/\/www.facebook.com\/ghinductionheating","article_modified_time":"2026-03-24T11:37:37+00:00","twitter_card":"summary_large_image","schema":{"@context":"https:\/\/schema.org","@graph":[{"@type":"WebPage","@id":"https:\/\/ghinduction.com\/pt-pt\/produtos-servicos\/sistemas-aquecimento-inducao\/inkompac\/inkompac-multissaidas\/","url":"https:\/\/ghinduction.com\/pt-pt\/produtos-servicos\/sistemas-aquecimento-inducao\/inkompac\/inkompac-multissaidas\/","name":"inKompac Multioutput - Gerador compacto com v\u00e1rias sa\u00eddas para aquecimento por indu\u00e7\u00e3o de alta frequ\u00eancia - GH Induction","isPartOf":{"@id":"https:\/\/ghinduction.com\/pt-pt\/#website"},"datePublished":"2025-10-22T08:51:04+00:00","dateModified":"2026-03-24T11:37:37+00:00","description":"Gerador de indu\u00e7\u00e3o com 4 sa\u00eddas de tamanho compacto para diversos processos de aquecimento por indu\u00e7\u00e3o: soldagem, aquecimento, encaixe por press\u00e3o, etc.","breadcrumb":{"@id":"https:\/\/ghinduction.com\/pt-pt\/produtos-servicos\/sistemas-aquecimento-inducao\/inkompac\/inkompac-multissaidas\/#breadcrumb"},"inLanguage":"pt-PT","potentialAction":[{"@type":"ReadAction","target":["https:\/\/ghinduction.com\/pt-pt\/produtos-servicos\/sistemas-aquecimento-inducao\/inkompac\/inkompac-multissaidas\/"]}]},{"@type":"BreadcrumbList","@id":"https:\/\/ghinduction.com\/pt-pt\/produtos-servicos\/sistemas-aquecimento-inducao\/inkompac\/inkompac-multissaidas\/#breadcrumb","itemListElement":[{"@type":"ListItem","position":1,"name":"Home","item":"https:\/\/ghinduction.com\/pt-pt\/"},{"@type":"ListItem","position":2,"name":"Produtos e Servi\u00e7os","item":"https:\/\/ghinduction.com\/pt-pt\/produtos-servicos\/"},{"@type":"ListItem","position":3,"name":"Sistemas de aquecimento por indu\u00e7\u00e3o","item":"https:\/\/ghinduction.com\/pt-pt\/produtos-servicos\/sistemas-aquecimento-inducao\/"},{"@type":"ListItem","position":4,"name":"inKompac Induction Generators","item":"https:\/\/ghinduction.com\/pt-pt\/produtos-servicos\/sistemas-aquecimento-inducao\/inkompac\/"},{"@type":"ListItem","position":5,"name":"Gerador inKompac Multissa\u00eddas"}]},{"@type":"WebSite","@id":"https:\/\/ghinduction.com\/pt-pt\/#website","url":"https:\/\/ghinduction.com\/pt-pt\/","name":"GH Induction - Experts in Induction Heat Treatment and Induction Heating","description":"GH Induction offers advanced induction heat treatment and heating solutions for various industrial applications. With over 60 years of experience, our innovative systems ensure efficiency and quality across diverse sectors globally.","publisher":{"@id":"https:\/\/ghinduction.com\/pt-pt\/#organization"},"alternateName":"GH Induction","potentialAction":[{"@type":"SearchAction","target":{"@type":"EntryPoint","urlTemplate":"https:\/\/ghinduction.com\/pt-pt\/?s={search_term_string}"},"query-input":{"@type":"PropertyValueSpecification","valueRequired":true,"valueName":"search_term_string"}}],"inLanguage":"pt-PT"},{"@type":"Organization","@id":"https:\/\/ghinduction.com\/pt-pt\/#organization","name":"GH Induction - Experts in Induction Heat Treatment and Induction Heating","alternateName":"GH Induction","url":"https:\/\/ghinduction.com\/pt-pt\/","logo":{"@type":"ImageObject","inLanguage":"pt-PT","@id":"https:\/\/ghinduction.com\/pt-pt\/#\/schema\/logo\/image\/","url":"https:\/\/ghinduction.com\/wp-content\/uploads\/2024\/05\/logo-gh-induction.png","contentUrl":"https:\/\/ghinduction.com\/wp-content\/uploads\/2024\/05\/logo-gh-induction.png","width":225,"height":225,"caption":"GH Induction - Experts in Induction Heat Treatment and Induction Heating"},"image":{"@id":"https:\/\/ghinduction.com\/pt-pt\/#\/schema\/logo\/image\/"},"sameAs":["https:\/\/www.facebook.com\/ghinductionheating","https:\/\/www.linkedin.com\/company\/gh-induction\/","https:\/\/www.youtube.com\/user\/GhInduction"]}]}},"_links":{"self":[{"href":"https:\/\/ghinduction.com\/pt-pt\/wp-json\/wp\/v2\/pages\/63985","targetHints":{"allow":["GET"]}}],"collection":[{"href":"https:\/\/ghinduction.com\/pt-pt\/wp-json\/wp\/v2\/pages"}],"about":[{"href":"https:\/\/ghinduction.com\/pt-pt\/wp-json\/wp\/v2\/types\/page"}],"author":[{"embeddable":true,"href":"https:\/\/ghinduction.com\/pt-pt\/wp-json\/wp\/v2\/users\/4"}],"replies":[{"embeddable":true,"href":"https:\/\/ghinduction.com\/pt-pt\/wp-json\/wp\/v2\/comments?post=63985"}],"version-history":[{"count":3,"href":"https:\/\/ghinduction.com\/pt-pt\/wp-json\/wp\/v2\/pages\/63985\/revisions"}],"predecessor-version":[{"id":67650,"href":"https:\/\/ghinduction.com\/pt-pt\/wp-json\/wp\/v2\/pages\/63985\/revisions\/67650"}],"up":[{"embeddable":true,"href":"https:\/\/ghinduction.com\/pt-pt\/wp-json\/wp\/v2\/pages\/64044"}],"wp:attachment":[{"href":"https:\/\/ghinduction.com\/pt-pt\/wp-json\/wp\/v2\/media?parent=63985"}],"wp:term":[{"taxonomy":"industry","embeddable":true,"href":"https:\/\/ghinduction.com\/pt-pt\/wp-json\/wp\/v2\/industry?post=63985"},{"taxonomy":"processes","embeddable":true,"href":"https:\/\/ghinduction.com\/pt-pt\/wp-json\/wp\/v2\/processes?post=63985"},{"taxonomy":"solutions","embeddable":true,"href":"https:\/\/ghinduction.com\/pt-pt\/wp-json\/wp\/v2\/solutions?post=63985"}],"curies":[{"name":"wp","href":"https:\/\/api.w.org\/{rel}","templated":true}]}}